{"id":92,"date":"2023-05-22T13:37:12","date_gmt":"2023-05-22T11:37:12","guid":{"rendered":"https:\/\/www.morningbreeze.se\/?page_id=92"},"modified":"2023-07-21T23:59:00","modified_gmt":"2023-07-21T21:59:00","slug":"alice","status":"publish","type":"page","link":"https:\/\/www.morningbreeze.se\/en\/alice\/","title":{"rendered":"Alice"},"content":{"rendered":"<p><div class=\"fusion-fullwidth fullwidth-box fusion-builder-row-1 fusion-flex-container has-pattern-background has-mask-background nonhundred-percent-fullwidth non-hundred-percent-height-scrolling\" style=\"--awb-border-radius-top-left:0px;--awb-border-radius-top-right:0px;--awb-border-radius-bottom-right:0px;--awb-border-radius-bottom-left:0px;--awb-flex-wrap:wrap;\" ><div class=\"fusion-builder-row fusion-row fusion-flex-align-items-flex-start fusion-flex-content-wrap\" style=\"max-width:1248px;margin-left: calc(-4% \/ 2 );margin-right: calc(-4% \/ 2 );\"><div class=\"fusion-layout-column fusion_builder_column fusion-builder-column-0 fusion_builder_column_1_1 1_1 fusion-flex-column\" style=\"--awb-bg-size:cover;--awb-width-large:100%;--awb-margin-top-large:0px;--awb-spacing-right-large:1.92%;--awb-margin-bottom-large:20px;--awb-spacing-left-large:1.92%;--awb-width-medium:100%;--awb-order-medium:0;--awb-spacing-right-medium:1.92%;--awb-spacing-left-medium:1.92%;--awb-width-small:100%;--awb-order-small:0;--awb-spacing-right-small:1.92%;--awb-spacing-left-small:1.92%;\"><div class=\"fusion-column-wrapper fusion-column-has-shadow fusion-flex-justify-content-flex-start fusion-content-layout-column\"><div class=\"fusion-title title fusion-title-1 fusion-sep-none fusion-title-center fusion-title-text fusion-title-size-two\"><h2 class=\"fusion-title-heading title-heading-center\" style=\"margin:0;\">Alice<\/h2><\/div><div class=\"fusion-text fusion-text-1\"><p style=\"text-align: center;\">Alice, Morning Breeze Lady Ashley, \u00e4r f\u00f6dd 2016. S\u00f6t toytik med ett bed\u00e5rande temperament. Kolsvart, reslig, fina r\u00f6relser och en pudlig attityd.<\/p>\n<\/div><\/div><\/div><\/div><\/div><div class=\"fusion-fullwidth fullwidth-box fusion-builder-row-2 fusion-flex-container has-pattern-background has-mask-background nonhundred-percent-fullwidth non-hundred-percent-height-scrolling\" style=\"--awb-border-radius-top-left:0px;--awb-border-radius-top-right:0px;--awb-border-radius-bottom-right:0px;--awb-border-radius-bottom-left:0px;--awb-flex-wrap:wrap;\" ><div class=\"fusion-builder-row fusion-row fusion-flex-align-items-flex-start fusion-flex-content-wrap\" style=\"max-width:1248px;margin-left: calc(-4% \/ 2 );margin-right: calc(-4% \/ 2 );\"><div class=\"fusion-layout-column fusion_builder_column fusion-builder-column-1 fusion_builder_column_1_1 1_1 fusion-flex-column\" style=\"--awb-bg-size:cover;--awb-width-large:100%;--awb-margin-top-large:0px;--awb-spacing-right-large:1.92%;--awb-margin-bottom-large:20px;--awb-spacing-left-large:1.92%;--awb-width-medium:100%;--awb-order-medium:0;--awb-spacing-right-medium:1.92%;--awb-spacing-left-medium:1.92%;--awb-width-small:100%;--awb-order-small:0;--awb-spacing-right-small:1.92%;--awb-spacing-left-small:1.92%;\"><div class=\"fusion-column-wrapper fusion-column-has-shadow fusion-flex-justify-content-flex-start fusion-content-layout-column\"><div class=\"awb-gallery-wrapper awb-gallery-wrapper-1 button-span-no\" style=\"--more-btn-alignment:center;\"><div style=\"margin:-5px;--awb-bordersize:0px;\" class=\"fusion-gallery fusion-gallery-container fusion-grid-3 fusion-columns-total-3 fusion-gallery-layout-grid fusion-gallery-1\"><div style=\"padding:5px;\" class=\"fusion-grid-column fusion-gallery-column fusion-gallery-column-3 hover-type-none\"><div class=\"fusion-gallery-image\"><a href=\"https:\/\/www.morningbreeze.se\/wp-content\/uploads\/2023\/05\/alice_01.jpg\" rel=\"noreferrer\" data-rel=\"iLightbox[gallery_image_1]\" class=\"fusion-lightbox\" target=\"_self\"><img decoding=\"async\" src=\"https:\/\/www.morningbreeze.se\/wp-content\/uploads\/2023\/05\/alice_01.jpg\" width=\"1280\" height=\"853\" alt=\"\" title=\"\" aria-label=\"\" class=\"img-responsive wp-image-96\" srcset=\"https:\/\/www.morningbreeze.se\/wp-content\/uploads\/2023\/05\/alice_01-200x133.jpg 200w, https:\/\/www.morningbreeze.se\/wp-content\/uploads\/2023\/05\/alice_01-400x267.jpg 400w, https:\/\/www.morningbreeze.se\/wp-content\/uploads\/2023\/05\/alice_01-600x400.jpg 600w, https:\/\/www.morningbreeze.se\/wp-content\/uploads\/2023\/05\/alice_01-800x533.jpg 800w, https:\/\/www.morningbreeze.se\/wp-content\/uploads\/2023\/05\/alice_01-1200x800.jpg 1200w, https:\/\/www.morningbreeze.se\/wp-content\/uploads\/2023\/05\/alice_01.jpg 1280w\" sizes=\"(min-width: 2200px) 100vw, (min-width: 784px) 397px, (min-width: 712px) 595px, (min-width: 640px) 712px, \" \/><\/a><\/div><\/div><div style=\"padding:5px;\" class=\"fusion-grid-column fusion-gallery-column fusion-gallery-column-3 hover-type-none\"><div class=\"fusion-gallery-image\"><a href=\"https:\/\/www.morningbreeze.se\/wp-content\/uploads\/2023\/05\/alice_02.jpg\" rel=\"noreferrer\" data-rel=\"iLightbox[gallery_image_1]\" class=\"fusion-lightbox\" target=\"_self\"><img decoding=\"async\" src=\"https:\/\/www.morningbreeze.se\/wp-content\/uploads\/2023\/05\/alice_02.jpg\" width=\"1280\" height=\"1053\" alt=\"\" title=\"\" aria-label=\"\" class=\"img-responsive wp-image-97\" srcset=\"https:\/\/www.morningbreeze.se\/wp-content\/uploads\/2023\/05\/alice_02-200x165.jpg 200w, https:\/\/www.morningbreeze.se\/wp-content\/uploads\/2023\/05\/alice_02-400x329.jpg 400w, https:\/\/www.morningbreeze.se\/wp-content\/uploads\/2023\/05\/alice_02-600x494.jpg 600w, https:\/\/www.morningbreeze.se\/wp-content\/uploads\/2023\/05\/alice_02-800x658.jpg 800w, https:\/\/www.morningbreeze.se\/wp-content\/uploads\/2023\/05\/alice_02-1200x987.jpg 1200w, https:\/\/www.morningbreeze.se\/wp-content\/uploads\/2023\/05\/alice_02.jpg 1280w\" sizes=\"(min-width: 2200px) 100vw, (min-width: 784px) 397px, (min-width: 712px) 595px, (min-width: 640px) 712px, \" \/><\/a><\/div><\/div><div style=\"padding:5px;\" class=\"fusion-grid-column fusion-gallery-column fusion-gallery-column-3 hover-type-none\"><div class=\"fusion-gallery-image\"><a href=\"https:\/\/www.morningbreeze.se\/wp-content\/uploads\/2023\/05\/alice_03.jpg\" rel=\"noreferrer\" data-rel=\"iLightbox[gallery_image_1]\" class=\"fusion-lightbox\" target=\"_self\"><img decoding=\"async\" src=\"https:\/\/www.morningbreeze.se\/wp-content\/uploads\/2023\/05\/alice_03.jpg\" width=\"1280\" height=\"1236\" alt=\"\" title=\"\" aria-label=\"\" class=\"img-responsive wp-image-99\" srcset=\"https:\/\/www.morningbreeze.se\/wp-content\/uploads\/2023\/05\/alice_03-200x193.jpg 200w, https:\/\/www.morningbreeze.se\/wp-content\/uploads\/2023\/05\/alice_03-400x386.jpg 400w, https:\/\/www.morningbreeze.se\/wp-content\/uploads\/2023\/05\/alice_03-600x579.jpg 600w, https:\/\/www.morningbreeze.se\/wp-content\/uploads\/2023\/05\/alice_03-800x773.jpg 800w, https:\/\/www.morningbreeze.se\/wp-content\/uploads\/2023\/05\/alice_03-1200x1159.jpg 1200w, https:\/\/www.morningbreeze.se\/wp-content\/uploads\/2023\/05\/alice_03.jpg 1280w\" sizes=\"(min-width: 2200px) 100vw, (min-width: 784px) 397px, (min-width: 712px) 595px, (min-width: 640px) 712px, \" \/><\/a><\/div><\/div><div class=\"clearfix\"><\/div><\/div><\/div><\/div><\/div><\/div><\/div><\/p>","protected":false},"excerpt":{"rendered":"","protected":false},"author":1,"featured_media":1098,"parent":0,"menu_order":0,"comment_status":"closed","ping_status":"closed","template":"100-width.php","meta":{"footnotes":""},"class_list":["post-92","page","type-page","status-publish","has-post-thumbnail","hentry"],"_links":{"self":[{"href":"https:\/\/www.morningbreeze.se\/en\/wp-json\/wp\/v2\/pages\/92","targetHints":{"allow":["GET"]}}],"collection":[{"href":"https:\/\/www.morningbreeze.se\/en\/wp-json\/wp\/v2\/pages"}],"about":[{"href":"https:\/\/www.morningbreeze.se\/en\/wp-json\/wp\/v2\/types\/page"}],"author":[{"embeddable":true,"href":"https:\/\/www.morningbreeze.se\/en\/wp-json\/wp\/v2\/users\/1"}],"replies":[{"embeddable":true,"href":"https:\/\/www.morningbreeze.se\/en\/wp-json\/wp\/v2\/comments?post=92"}],"version-history":[{"count":8,"href":"https:\/\/www.morningbreeze.se\/en\/wp-json\/wp\/v2\/pages\/92\/revisions"}],"predecessor-version":[{"id":1099,"href":"https:\/\/www.morningbreeze.se\/en\/wp-json\/wp\/v2\/pages\/92\/revisions\/1099"}],"wp:featuredmedia":[{"embeddable":true,"href":"https:\/\/www.morningbreeze.se\/en\/wp-json\/wp\/v2\/media\/1098"}],"wp:attachment":[{"href":"https:\/\/www.morningbreeze.se\/en\/wp-json\/wp\/v2\/media?parent=92"}],"curies":[{"name":"wp","href":"https:\/\/api.w.org\/{rel}","templated":true}]}}