{"id":431,"date":"2023-05-29T18:50:52","date_gmt":"2023-05-29T16:50:52","guid":{"rendered":"https:\/\/www.morningbreeze.se\/?page_id=431"},"modified":"2025-02-07T19:09:15","modified_gmt":"2025-02-07T18:09:15","slug":"om-oss","status":"publish","type":"page","link":"https:\/\/www.morningbreeze.se\/en\/om-oss\/","title":{"rendered":"Om oss"},"content":{"rendered":"<p><div class=\"fusion-fullwidth fullwidth-box fusion-builder-row-1 fusion-flex-container has-pattern-background has-mask-background nonhundred-percent-fullwidth non-hundred-percent-height-scrolling\" style=\"--awb-border-radius-top-left:0px;--awb-border-radius-top-right:0px;--awb-border-radius-bottom-right:0px;--awb-border-radius-bottom-left:0px;--awb-background-color:#e2e2e2;--awb-flex-wrap:wrap;\" ><div class=\"fusion-builder-row fusion-row fusion-flex-align-items-flex-start fusion-flex-content-wrap\" style=\"max-width:1248px;margin-left: calc(-4% \/ 2 );margin-right: calc(-4% \/ 2 );\"><div class=\"fusion-layout-column fusion_builder_column fusion-builder-column-0 fusion_builder_column_1_1 1_1 fusion-flex-column\" style=\"--awb-padding-top:30px;--awb-padding-right:30px;--awb-padding-bottom:30px;--awb-padding-left:30px;--awb-bg-color:#e2e2e2;--awb-bg-color-hover:#e2e2e2;--awb-bg-size:cover;--awb-width-large:100%;--awb-margin-top-large:0px;--awb-spacing-right-large:1.92%;--awb-margin-bottom-large:20px;--awb-spacing-left-large:1.92%;--awb-width-medium:100%;--awb-order-medium:0;--awb-spacing-right-medium:1.92%;--awb-spacing-left-medium:1.92%;--awb-width-small:100%;--awb-order-small:0;--awb-spacing-right-small:1.92%;--awb-spacing-left-small:1.92%;\" data-scroll-devices=\"small-visibility,medium-visibility,large-visibility\"><div class=\"fusion-column-wrapper fusion-column-has-shadow fusion-flex-justify-content-flex-start fusion-content-layout-column\"><div class=\"fusion-title title fusion-title-1 fusion-sep-none fusion-title-center fusion-title-text fusion-title-size-two\"><h2 class=\"fusion-title-heading title-heading-center\" style=\"margin:0;\">Morning Breeze &#8211; Om oss<\/h2><\/div><div class=\"fusion-text fusion-text-1\"><p style=\"text-align: center;\">Morning Breeze kennel f\u00f6der upp toy-, dv\u00e4rg- och mellanpudel i f\u00e4rgerna svart, brunt, aprikosr\u00f6d och silver (gr\u00e5). Vi har \u00e4ven en liten uppf\u00f6dning av pekingese. Vi som driver Morning Breeze kennel \u00e4r Peter Carlsson M\u00f6rk och Stefan M\u00f6rk och vi bor i \u00c5kersberga strax norr om Stockholm i Roslagssk\u00e4rg\u00e5rden. Pudelns hemland \u00e4r Frankrike och det \u00e4r den Franska kennelklubben, Soci\u00e9t\u00e9 Centrale Canine, som \u00e4ger rasstandarden f\u00f6r pudel. Pudeln brukar beskrivas som en s\u00e4llskaps hund av rang. Den \u00e4r v\u00e4ldigt social, livlig, l\u00e4raktig och vill vara n\u00e4ra sin familj. Det tar vi fasta p\u00e5 och f\u00f6r oss \u00e4r det otroligt viktigt att f\u00e5 fram sunda och vackra hundar med supertrevligt temperament.<\/p>\n<\/div><\/div><\/div><\/div><\/div><div class=\"fusion-fullwidth fullwidth-box fusion-builder-row-2 fusion-flex-container has-pattern-background has-mask-background nonhundred-percent-fullwidth non-hundred-percent-height-scrolling\" style=\"--awb-border-radius-top-left:0px;--awb-border-radius-top-right:0px;--awb-border-radius-bottom-right:0px;--awb-border-radius-bottom-left:0px;--awb-margin-top:60px;--awb-flex-wrap:wrap;\" ><div class=\"fusion-builder-row fusion-row fusion-flex-align-items-stretch fusion-flex-content-wrap\" style=\"max-width:calc( 1200px + );margin-left: calc(- \/ 2 );margin-right: calc(- \/ 2 );\"><div class=\"fusion-layout-column fusion_builder_column fusion-builder-column-1 fusion_builder_column_1_2 1_2 fusion-flex-column\" style=\"--awb-bg-image:url(&#039;https:\/\/www.morningbreeze.se\/wp-content\/uploads\/2023\/05\/peter-och-didi.jpg&#039;);--awb-bg-size:cover;--awb-width-large:50%;--awb-margin-top-large:0px;--awb-spacing-right-large:;--awb-margin-bottom-large:20px;--awb-spacing-left-large:;--awb-width-medium:50%;--awb-order-medium:0;--awb-spacing-right-medium:;--awb-spacing-left-medium:;--awb-width-small:100%;--awb-order-small:0;--awb-spacing-right-small:;--awb-spacing-left-small:;\" data-scroll-devices=\"small-visibility,medium-visibility,large-visibility\"><div class=\"fusion-column-wrapper fusion-column-has-shadow fusion-flex-justify-content-flex-start fusion-content-layout-column fusion-empty-column-bg-image fusion-column-has-bg-image\" data-bg-url=\"https:\/\/www.morningbreeze.se\/wp-content\/uploads\/2023\/05\/peter-och-didi.jpg\"><img decoding=\"async\" class=\"fusion-empty-dims-img-placeholder fusion-no-large-visibility fusion-no-medium-visibility\" src=\"data:image\/svg+xml,%3Csvg%20xmlns%3D%27http%3A%2F%2Fwww.w3.org%2F2000%2Fsvg%27%20width%3D%27415%27%20height%3D%27680%27%20viewBox%3D%270%200%20415%20680%27%3E%3Crect%20width%3D%27415%27%20height%3D%27680%27%20fill-opacity%3D%220%22%2F%3E%3C%2Fsvg%3E\"><\/div><\/div><div class=\"fusion-layout-column fusion_builder_column fusion-builder-column-2 fusion_builder_column_1_2 1_2 fusion-flex-column\" style=\"--awb-padding-top:30px;--awb-padding-right:30px;--awb-padding-bottom:20px;--awb-padding-left:30px;--awb-bg-color:#f2e6d6;--awb-bg-color-hover:#f2e6d6;--awb-bg-size:cover;--awb-width-large:50%;--awb-margin-top-large:0px;--awb-spacing-right-large:;--awb-margin-bottom-large:20px;--awb-spacing-left-large:;--awb-width-medium:50%;--awb-order-medium:0;--awb-spacing-right-medium:;--awb-spacing-left-medium:;--awb-width-small:100%;--awb-order-small:0;--awb-spacing-right-small:;--awb-spacing-left-small:;\" data-scroll-devices=\"small-visibility,medium-visibility,large-visibility\"><div class=\"fusion-column-wrapper fusion-column-has-shadow fusion-flex-justify-content-flex-start fusion-content-layout-column\"><div class=\"fusion-title title fusion-title-2 fusion-sep-none fusion-title-text fusion-title-size-two\"><h2 class=\"fusion-title-heading title-heading-left\" style=\"margin:0;\">Peter<\/h2><\/div><div class=\"fusion-text fusion-text-2\"><p>Peter har alltid haft ett stort djurintresse, i barndomshemmet fanns det en vit dv\u00e4rgpudel vid namnet Sussie. Hon kunde en v\u00e4ldans massa konster och sen kom det en hel radda med husdjur. Det blev undulater, marsvin, kaniner, \u00f6kenr\u00e5ttor, guldhamster och fiskar.<\/p>\n<p>Hundar var alltid det som var det st\u00f6rsta intresset och 1994 inf\u00f6rskaffades den f\u00f6rsta egna pudeln. Det var en svart storpudel vid namnet Andy, &#8221;Loubitz Everyday Hero&#8221;. Det blev ytterligare en storpudel en vit Floyd, &#8221;Huffish A Kind Of Magic&#8221;. Sedan ink\u00f6ptes dv\u00e4rgpudeln Alice, NORD UCH &#8221; Twin Tops Who The F is Alice&#8221;. Sedan blev det en import fr\u00e5n England toypudeln Tiffany, SE UCH &#8221;Torpaz Dressed To Kill&#8221;. Samt dv\u00e4rgpudeln Laura, SE UCH &#8221; Super Sonik\u00b4s Glamour Girl. ( Hon flyttade senare tillbaka till uppf\u00f6daren som \u00e4r en v\u00e4n till Peter p.g.a utlandsflytt ) Dessa tikar var samtliga svarta och intresset f\u00f6r de mindre pudlarna hade tagit fart.<\/p>\n<p>Allt med pudlar var s\u00e5 fantastiskt roligt. Utst\u00e4llningar, l\u00e4ra sig bada, f\u00f6na och l\u00e4ra sig att klippa pudlarna, visa dom p\u00e5 utst\u00e4llning och g\u00e5 kurser. Samt att s\u00e4tta sig in i pudeln som ras. F\u00f6rsta kullen f\u00f6ddes 1998 och det blev bara n\u00e5gra f\u00e5 kullar under ett annat kennelnamn \u00e4n det som \u00e4r idag. Mycket arbete och n\u00e5gra \u00e5r boende i Spanien gjorde att det var sv\u00e5rt att kombinera hundintresset och sista \u00e5ren fanns det endast en pudel med i bilden och det var Tiffany som blev 16 \u00e5r.<\/p>\n<\/div><\/div><\/div><\/div><\/div><div class=\"fusion-fullwidth fullwidth-box fusion-builder-row-3 fusion-flex-container has-pattern-background has-mask-background nonhundred-percent-fullwidth non-hundred-percent-height-scrolling\" style=\"--awb-border-radius-top-left:0px;--awb-border-radius-top-right:0px;--awb-border-radius-bottom-right:0px;--awb-border-radius-bottom-left:0px;--awb-flex-wrap:wrap;\" ><div class=\"fusion-builder-row fusion-row fusion-flex-align-items-stretch fusion-flex-content-wrap\" style=\"max-width:calc( 1200px + );margin-left: calc(- \/ 2 );margin-right: calc(- \/ 2 );\"><div class=\"fusion-layout-column fusion_builder_column fusion-builder-column-3 fusion_builder_column_1_2 1_2 fusion-flex-column\" style=\"--awb-padding-top:30px;--awb-padding-right:30px;--awb-padding-left:30px;--awb-bg-color:#f2e6d6;--awb-bg-color-hover:#f2e6d6;--awb-bg-size:cover;--awb-width-large:50%;--awb-margin-top-large:0px;--awb-spacing-right-large:;--awb-margin-bottom-large:20px;--awb-spacing-left-large:;--awb-width-medium:50%;--awb-order-medium:0;--awb-spacing-right-medium:;--awb-spacing-left-medium:;--awb-width-small:100%;--awb-order-small:0;--awb-spacing-right-small:;--awb-spacing-left-small:;\" data-scroll-devices=\"small-visibility,medium-visibility,large-visibility\"><div class=\"fusion-column-wrapper fusion-column-has-shadow fusion-flex-justify-content-flex-start fusion-content-layout-column\"><div class=\"fusion-title title fusion-title-3 fusion-sep-none fusion-title-text fusion-title-size-two\"><h2 class=\"fusion-title-heading title-heading-left\" style=\"margin:0;\">Stefan<\/h2><\/div><div class=\"fusion-text fusion-text-3\"><p>Stefan \u00e4r uppv\u00e4xt med dv\u00e4rgpudeln Diane och har alltid varit djurintresserad. Ett intresse som bland annat tog sig uttryck i att \u00e4gna mycket tid i stallet som l\u00e5g n\u00e4ra f\u00f6r\u00e4ldrahemmet.<\/p>\n<p>I vuxen \u00e5lder v\u00e4cktes \u00e5ter hundintresset och Boxern Pondus kom in i Stefans liv 2003, han gick bort 13 \u00e5r gammal i april 2016.<\/p>\n<\/div><\/div><\/div><div class=\"fusion-layout-column fusion_builder_column fusion-builder-column-4 fusion_builder_column_1_2 1_2 fusion-flex-column\" style=\"--awb-bg-image:url(&#039;https:\/\/www.morningbreeze.se\/wp-content\/uploads\/2023\/05\/peter-och-didi.jpg&#039;);--awb-bg-size:cover;--awb-width-large:50%;--awb-margin-top-large:0px;--awb-spacing-right-large:;--awb-margin-bottom-large:20px;--awb-spacing-left-large:;--awb-width-medium:50%;--awb-order-medium:0;--awb-spacing-right-medium:;--awb-spacing-left-medium:;--awb-width-small:100%;--awb-order-small:0;--awb-spacing-right-small:;--awb-spacing-left-small:;\" data-scroll-devices=\"small-visibility,medium-visibility,large-visibility\"><div class=\"fusion-column-wrapper fusion-column-has-shadow fusion-flex-justify-content-flex-start fusion-content-layout-column fusion-column-has-bg-image\" data-bg-url=\"https:\/\/www.morningbreeze.se\/wp-content\/uploads\/2023\/05\/peter-och-didi.jpg\"><div class=\"fusion-image-element\" style=\"--awb-caption-title-font-family:var(--h2_typography-font-family);--awb-caption-title-font-weight:var(--h2_typography-font-weight);--awb-caption-title-font-style:var(--h2_typography-font-style);--awb-caption-title-size:var(--h2_typography-font-size);--awb-caption-title-transform:var(--h2_typography-text-transform);--awb-caption-title-line-height:var(--h2_typography-line-height);--awb-caption-title-letter-spacing:var(--h2_typography-letter-spacing);\"><span class=\"fusion-imageframe imageframe-none imageframe-1 hover-type-none\"><img decoding=\"async\" width=\"960\" height=\"670\" src=\"https:\/\/www.morningbreeze.se\/wp-content\/uploads\/2023\/05\/stefan-och-solbritt.jpg\" alt class=\"img-responsive wp-image-589\" srcset=\"https:\/\/www.morningbreeze.se\/wp-content\/uploads\/2023\/05\/stefan-och-solbritt-200x140.jpg 200w, https:\/\/www.morningbreeze.se\/wp-content\/uploads\/2023\/05\/stefan-och-solbritt-400x279.jpg 400w, https:\/\/www.morningbreeze.se\/wp-content\/uploads\/2023\/05\/stefan-och-solbritt-600x419.jpg 600w, https:\/\/www.morningbreeze.se\/wp-content\/uploads\/2023\/05\/stefan-och-solbritt-800x558.jpg 800w, https:\/\/www.morningbreeze.se\/wp-content\/uploads\/2023\/05\/stefan-och-solbritt.jpg 960w\" sizes=\"(max-width: 640px) 100vw, 800px\" \/><\/span><\/div><\/div><\/div><\/div><\/div><div class=\"fusion-fullwidth fullwidth-box fusion-builder-row-4 fusion-flex-container has-pattern-background has-mask-background nonhundred-percent-fullwidth non-hundred-percent-height-scrolling\" style=\"--awb-border-radius-top-left:0px;--awb-border-radius-top-right:0px;--awb-border-radius-bottom-right:0px;--awb-border-radius-bottom-left:0px;--awb-padding-top:60px;--awb-padding-bottom:40px;--awb-margin-top:60px;--awb-background-color:#e2e2e2;--awb-flex-wrap:wrap;\" ><div class=\"fusion-builder-row fusion-row fusion-flex-align-items-stretch fusion-flex-content-wrap\" style=\"max-width:calc( 1200px + 10px );margin-left: calc(-10px \/ 2 );margin-right: calc(-10px \/ 2 );\"><div class=\"fusion-layout-column fusion_builder_column fusion-builder-column-5 fusion_builder_column_1_1 1_1 fusion-flex-column\" style=\"--awb-bg-size:cover;--awb-width-large:100%;--awb-margin-top-large:0px;--awb-spacing-right-large:5px;--awb-margin-bottom-large:20px;--awb-spacing-left-large:5px;--awb-width-medium:100%;--awb-order-medium:0;--awb-spacing-right-medium:5px;--awb-spacing-left-medium:5px;--awb-width-small:100%;--awb-order-small:0;--awb-spacing-right-small:5px;--awb-spacing-left-small:5px;\" data-scroll-devices=\"small-visibility,medium-visibility,large-visibility\"><div class=\"fusion-column-wrapper fusion-column-has-shadow fusion-flex-justify-content-flex-start fusion-content-layout-column\"><div class=\"fusion-title title fusion-title-4 fusion-sep-none fusion-title-center fusion-title-text fusion-title-size-two\"><h2 class=\"fusion-title-heading title-heading-center\" style=\"margin:0;\">Sk\u00f6nhet &#8211; Sundhet &#8211; Passion<\/h2><\/div><div class=\"fusion-text fusion-text-4\"><p style=\"text-align: center;\">Tillsammans har vi ett stort hundintresse och har mycket h\u00f6ga ambitioner med v\u00e5ran hobby. Ett fantastiskt intresse som vi delar med m\u00e5nga h\u00e4rliga m\u00e4nniskor. Det \u00e4r inspirerande och utmanande och det \u00e4r ett st\u00e4ndigt l\u00e4rande och vi kommer att g\u00f6ra v\u00e5rt yttersta f\u00f6r att f\u00e5 fram sunda, glada och vackra pudlar.<\/p>\n<\/div><\/div><\/div><div class=\"fusion-layout-column fusion_builder_column fusion-builder-column-6 fusion_builder_column_1_3 1_3 fusion-flex-column\" style=\"--awb-bg-size:cover;--awb-width-large:33.333333333333%;--awb-margin-top-large:0px;--awb-spacing-right-large:5px;--awb-margin-bottom-large:20px;--awb-spacing-left-large:5px;--awb-width-medium:33.333333333333%;--awb-order-medium:0;--awb-spacing-right-medium:5px;--awb-spacing-left-medium:5px;--awb-width-small:100%;--awb-order-small:0;--awb-spacing-right-small:5px;--awb-spacing-left-small:5px;\"><div class=\"fusion-column-wrapper fusion-column-has-shadow fusion-flex-justify-content-flex-start fusion-content-layout-column\"><div class=\"fusion-image-element\" style=\"--awb-caption-title-font-family:var(--h2_typography-font-family);--awb-caption-title-font-weight:var(--h2_typography-font-weight);--awb-caption-title-font-style:var(--h2_typography-font-style);--awb-caption-title-size:var(--h2_typography-font-size);--awb-caption-title-transform:var(--h2_typography-text-transform);--awb-caption-title-line-height:var(--h2_typography-line-height);--awb-caption-title-letter-spacing:var(--h2_typography-letter-spacing);\"><span class=\"fusion-imageframe imageframe-none imageframe-2 hover-type-none\"><img decoding=\"async\" width=\"610\" height=\"640\" src=\"https:\/\/www.morningbreeze.se\/wp-content\/uploads\/2023\/05\/stefan-och-didi-hemma-610x640-1.jpg\" alt class=\"img-responsive wp-image-702\" srcset=\"https:\/\/www.morningbreeze.se\/wp-content\/uploads\/2023\/05\/stefan-och-didi-hemma-610x640-1-200x210.jpg 200w, https:\/\/www.morningbreeze.se\/wp-content\/uploads\/2023\/05\/stefan-och-didi-hemma-610x640-1-400x420.jpg 400w, https:\/\/www.morningbreeze.se\/wp-content\/uploads\/2023\/05\/stefan-och-didi-hemma-610x640-1-600x630.jpg 600w, https:\/\/www.morningbreeze.se\/wp-content\/uploads\/2023\/05\/stefan-och-didi-hemma-610x640-1.jpg 610w\" sizes=\"(max-width: 640px) 100vw, 400px\" \/><\/span><\/div><div class=\"fusion-builder-row fusion-builder-row-inner fusion-row fusion-flex-align-items-stretch fusion-flex-content-wrap\" style=\"width:calc( 100% + 10px ) !important;max-width:calc( 100% + 10px ) !important;margin-left: calc(-10px \/ 2 );margin-right: calc(-10px \/ 2 );\"><div class=\"fusion-layout-column fusion_builder_column_inner fusion-builder-nested-column-0 fusion_builder_column_inner_1_1 1_1 fusion-flex-column\" style=\"--awb-padding-top:10px;--awb-padding-right:20px;--awb-padding-bottom:10px;--awb-padding-left:20px;--awb-bg-color:#f2e6d6;--awb-bg-color-hover:#f2e6d6;--awb-bg-size:cover;--awb-width-large:100%;--awb-margin-top-large:0px;--awb-spacing-right-large:5px;--awb-margin-bottom-large:20px;--awb-spacing-left-large:5px;--awb-width-medium:100%;--awb-order-medium:0;--awb-spacing-right-medium:5px;--awb-spacing-left-medium:5px;--awb-width-small:100%;--awb-order-small:0;--awb-spacing-right-small:5px;--awb-spacing-left-small:5px;\" data-scroll-devices=\"small-visibility,medium-visibility,large-visibility\"><div class=\"fusion-column-wrapper fusion-column-has-shadow fusion-flex-justify-content-flex-start fusion-content-layout-column\"><div class=\"fusion-text fusion-text-5\"><p style=\"text-align: center;\">Hundutst\u00e4llningar \u00e4r kul men f\u00f6r att vara \u00e4rlig \u00e4r det b\u00e4sta att ha en trevlig tid hemma!<br \/>\nTycker Stefan och Didi.<\/p>\n<\/div><\/div><\/div><\/div><\/div><\/div><div class=\"fusion-layout-column fusion_builder_column fusion-builder-column-7 fusion_builder_column_1_3 1_3 fusion-flex-column\" style=\"--awb-bg-size:cover;--awb-width-large:33.333333333333%;--awb-margin-top-large:0px;--awb-spacing-right-large:5px;--awb-margin-bottom-large:20px;--awb-spacing-left-large:5px;--awb-width-medium:33.333333333333%;--awb-order-medium:0;--awb-spacing-right-medium:5px;--awb-spacing-left-medium:5px;--awb-width-small:100%;--awb-order-small:0;--awb-spacing-right-small:5px;--awb-spacing-left-small:5px;\"><div class=\"fusion-column-wrapper fusion-column-has-shadow fusion-flex-justify-content-flex-start fusion-content-layout-column\"><div class=\"fusion-image-element\" style=\"--awb-caption-title-font-family:var(--h2_typography-font-family);--awb-caption-title-font-weight:var(--h2_typography-font-weight);--awb-caption-title-font-style:var(--h2_typography-font-style);--awb-caption-title-size:var(--h2_typography-font-size);--awb-caption-title-transform:var(--h2_typography-text-transform);--awb-caption-title-line-height:var(--h2_typography-line-height);--awb-caption-title-letter-spacing:var(--h2_typography-letter-spacing);\"><span class=\"fusion-imageframe imageframe-none imageframe-3 hover-type-none\"><img decoding=\"async\" width=\"610\" height=\"640\" src=\"https:\/\/www.morningbreeze.se\/wp-content\/uploads\/2023\/05\/kissing-poodles-peter-610x640-1.jpg\" alt class=\"img-responsive wp-image-703\" srcset=\"https:\/\/www.morningbreeze.se\/wp-content\/uploads\/2023\/05\/kissing-poodles-peter-610x640-1-200x210.jpg 200w, https:\/\/www.morningbreeze.se\/wp-content\/uploads\/2023\/05\/kissing-poodles-peter-610x640-1-400x420.jpg 400w, https:\/\/www.morningbreeze.se\/wp-content\/uploads\/2023\/05\/kissing-poodles-peter-610x640-1-600x630.jpg 600w, https:\/\/www.morningbreeze.se\/wp-content\/uploads\/2023\/05\/kissing-poodles-peter-610x640-1.jpg 610w\" sizes=\"(max-width: 640px) 100vw, 400px\" \/><\/span><\/div><div class=\"fusion-builder-row fusion-builder-row-inner fusion-row fusion-flex-align-items-stretch fusion-flex-content-wrap\" style=\"width:calc( 100% + 10px ) !important;max-width:calc( 100% + 10px ) !important;margin-left: calc(-10px \/ 2 );margin-right: calc(-10px \/ 2 );\"><div class=\"fusion-layout-column fusion_builder_column_inner fusion-builder-nested-column-1 fusion_builder_column_inner_1_1 1_1 fusion-flex-column\" style=\"--awb-padding-top:10px;--awb-padding-right:20px;--awb-padding-bottom:10px;--awb-padding-left:20px;--awb-bg-color:#f2e6d6;--awb-bg-color-hover:#f2e6d6;--awb-bg-size:cover;--awb-width-large:100%;--awb-margin-top-large:0px;--awb-spacing-right-large:5px;--awb-margin-bottom-large:20px;--awb-spacing-left-large:5px;--awb-width-medium:100%;--awb-order-medium:0;--awb-spacing-right-medium:5px;--awb-spacing-left-medium:5px;--awb-width-small:100%;--awb-order-small:0;--awb-spacing-right-small:5px;--awb-spacing-left-small:5px;\" data-scroll-devices=\"small-visibility,medium-visibility,large-visibility\"><div class=\"fusion-column-wrapper fusion-column-has-shadow fusion-flex-justify-content-flex-start fusion-content-layout-column\"><div class=\"fusion-text fusion-text-6\"><p style=\"text-align: center;\">N\u00e4r man har pudlar, var beredd p\u00e5 mycket kyssande&#8230;varnar Peter!<\/p>\n<\/div><\/div><\/div><\/div><\/div><\/div><div class=\"fusion-layout-column fusion_builder_column fusion-builder-column-8 fusion_builder_column_1_3 1_3 fusion-flex-column\" style=\"--awb-bg-size:cover;--awb-width-large:33.333333333333%;--awb-margin-top-large:0px;--awb-spacing-right-large:5px;--awb-margin-bottom-large:20px;--awb-spacing-left-large:5px;--awb-width-medium:33.333333333333%;--awb-order-medium:0;--awb-spacing-right-medium:5px;--awb-spacing-left-medium:5px;--awb-width-small:100%;--awb-order-small:0;--awb-spacing-right-small:5px;--awb-spacing-left-small:5px;\"><div class=\"fusion-column-wrapper fusion-column-has-shadow fusion-flex-justify-content-flex-start fusion-content-layout-column\"><div class=\"fusion-image-element\" style=\"--awb-caption-title-font-family:var(--h2_typography-font-family);--awb-caption-title-font-weight:var(--h2_typography-font-weight);--awb-caption-title-font-style:var(--h2_typography-font-style);--awb-caption-title-size:var(--h2_typography-font-size);--awb-caption-title-transform:var(--h2_typography-text-transform);--awb-caption-title-line-height:var(--h2_typography-line-height);--awb-caption-title-letter-spacing:var(--h2_typography-letter-spacing);\"><span class=\"fusion-imageframe imageframe-none imageframe-4 hover-type-none\"><img decoding=\"async\" width=\"610\" height=\"640\" src=\"https:\/\/www.morningbreeze.se\/wp-content\/uploads\/2023\/05\/stefan-och-vincent-relaxar-610x640-1.jpg\" alt class=\"img-responsive wp-image-704\" srcset=\"https:\/\/www.morningbreeze.se\/wp-content\/uploads\/2023\/05\/stefan-och-vincent-relaxar-610x640-1-200x210.jpg 200w, https:\/\/www.morningbreeze.se\/wp-content\/uploads\/2023\/05\/stefan-och-vincent-relaxar-610x640-1-400x420.jpg 400w, https:\/\/www.morningbreeze.se\/wp-content\/uploads\/2023\/05\/stefan-och-vincent-relaxar-610x640-1-600x630.jpg 600w, https:\/\/www.morningbreeze.se\/wp-content\/uploads\/2023\/05\/stefan-och-vincent-relaxar-610x640-1.jpg 610w\" sizes=\"(max-width: 640px) 100vw, 400px\" \/><\/span><\/div><div class=\"fusion-builder-row fusion-builder-row-inner fusion-row fusion-flex-align-items-stretch fusion-flex-content-wrap\" style=\"width:calc( 100% + 10px ) !important;max-width:calc( 100% + 10px ) !important;margin-left: calc(-10px \/ 2 );margin-right: calc(-10px \/ 2 );\"><div class=\"fusion-layout-column fusion_builder_column_inner fusion-builder-nested-column-2 fusion_builder_column_inner_1_1 1_1 fusion-flex-column\" style=\"--awb-padding-top:10px;--awb-padding-right:20px;--awb-padding-bottom:10px;--awb-padding-left:20px;--awb-bg-color:#f2e6d6;--awb-bg-color-hover:#f2e6d6;--awb-bg-size:cover;--awb-width-large:100%;--awb-margin-top-large:0px;--awb-spacing-right-large:5px;--awb-margin-bottom-large:20px;--awb-spacing-left-large:5px;--awb-width-medium:100%;--awb-order-medium:0;--awb-spacing-right-medium:5px;--awb-spacing-left-medium:5px;--awb-width-small:100%;--awb-order-small:0;--awb-spacing-right-small:5px;--awb-spacing-left-small:5px;\" data-scroll-devices=\"small-visibility,medium-visibility,large-visibility\"><div class=\"fusion-column-wrapper fusion-column-has-shadow fusion-flex-justify-content-flex-start fusion-content-layout-column\"><div class=\"fusion-text fusion-text-7\"><p style=\"text-align: center;\">Stefan och Vincent har det mysigt hemma i f\u00e5t\u00f6ljen.<\/p>\n<\/div><\/div><\/div><\/div><\/div><\/div><\/div><\/div><\/p>","protected":false},"excerpt":{"rendered":"","protected":false},"author":1,"featured_media":0,"parent":0,"menu_order":0,"comment_status":"closed","ping_status":"closed","template":"100-width.php","meta":{"footnotes":""},"class_list":["post-431","page","type-page","status-publish","hentry"],"_links":{"self":[{"href":"https:\/\/www.morningbreeze.se\/en\/wp-json\/wp\/v2\/pages\/431","targetHints":{"allow":["GET"]}}],"collection":[{"href":"https:\/\/www.morningbreeze.se\/en\/wp-json\/wp\/v2\/pages"}],"about":[{"href":"https:\/\/www.morningbreeze.se\/en\/wp-json\/wp\/v2\/types\/page"}],"author":[{"embeddable":true,"href":"https:\/\/www.morningbreeze.se\/en\/wp-json\/wp\/v2\/users\/1"}],"replies":[{"embeddable":true,"href":"https:\/\/www.morningbreeze.se\/en\/wp-json\/wp\/v2\/comments?post=431"}],"version-history":[{"count":79,"href":"https:\/\/www.morningbreeze.se\/en\/wp-json\/wp\/v2\/pages\/431\/revisions"}],"predecessor-version":[{"id":1665,"href":"https:\/\/www.morningbreeze.se\/en\/wp-json\/wp\/v2\/pages\/431\/revisions\/1665"}],"wp:attachment":[{"href":"https:\/\/www.morningbreeze.se\/en\/wp-json\/wp\/v2\/media?parent=431"}],"curies":[{"name":"wp","href":"https:\/\/api.w.org\/{rel}","templated":true}]}}