{"id":403,"date":"2023-05-29T10:13:01","date_gmt":"2023-05-29T08:13:01","guid":{"rendered":"https:\/\/www.morningbreeze.se\/?page_id=403"},"modified":"2023-05-29T10:14:21","modified_gmt":"2023-05-29T08:14:21","slug":"vincent","status":"publish","type":"page","link":"https:\/\/www.morningbreeze.se\/en\/vincent\/","title":{"rendered":"Vincent"},"content":{"rendered":"<p><div class=\"fusion-fullwidth fullwidth-box fusion-builder-row-1 fusion-flex-container has-pattern-background has-mask-background nonhundred-percent-fullwidth non-hundred-percent-height-scrolling\" style=\"--awb-border-radius-top-left:0px;--awb-border-radius-top-right:0px;--awb-border-radius-bottom-right:0px;--awb-border-radius-bottom-left:0px;--awb-flex-wrap:wrap;\" ><div class=\"fusion-builder-row fusion-row fusion-flex-align-items-flex-start fusion-flex-content-wrap\" style=\"max-width:1248px;margin-left: calc(-4% \/ 2 );margin-right: calc(-4% \/ 2 );\"><div class=\"fusion-layout-column fusion_builder_column fusion-builder-column-0 fusion_builder_column_1_2 1_2 fusion-flex-column\" style=\"--awb-bg-size:cover;--awb-width-large:50%;--awb-margin-top-large:0px;--awb-spacing-right-large:3.84%;--awb-margin-bottom-large:20px;--awb-spacing-left-large:3.84%;--awb-width-medium:50%;--awb-order-medium:0;--awb-spacing-right-medium:3.84%;--awb-spacing-left-medium:3.84%;--awb-width-small:100%;--awb-order-small:0;--awb-spacing-right-small:1.92%;--awb-spacing-left-small:1.92%;\"><div class=\"fusion-column-wrapper fusion-column-has-shadow fusion-flex-justify-content-flex-start fusion-content-layout-column\"><div class=\"fusion-image-element\" style=\"--awb-caption-title-font-family:var(--h2_typography-font-family);--awb-caption-title-font-weight:var(--h2_typography-font-weight);--awb-caption-title-font-style:var(--h2_typography-font-style);--awb-caption-title-size:var(--h2_typography-font-size);--awb-caption-title-transform:var(--h2_typography-text-transform);--awb-caption-title-line-height:var(--h2_typography-line-height);--awb-caption-title-letter-spacing:var(--h2_typography-letter-spacing);\"><span class=\"fusion-imageframe imageframe-none imageframe-1 hover-type-none\"><a href=\"https:\/\/www.morningbreeze.se\/wp-content\/uploads\/2023\/05\/vincent-01.jpg\" class=\"fusion-lightbox\" data-rel=\"iLightbox[49fb01dca02ac01ecb7]\"><img decoding=\"async\" width=\"1000\" height=\"1727\" alt=\"V\u00e5ra pudlar, Vincent \u201dSolnes Poison Puppy\u201d, Morning Breeze\" src=\"https:\/\/www.morningbreeze.se\/wp-content\/uploads\/2023\/05\/vincent-01.jpg\" class=\"img-responsive wp-image-405\" srcset=\"https:\/\/www.morningbreeze.se\/wp-content\/uploads\/2023\/05\/vincent-01-200x345.jpg 200w, https:\/\/www.morningbreeze.se\/wp-content\/uploads\/2023\/05\/vincent-01-400x691.jpg 400w, https:\/\/www.morningbreeze.se\/wp-content\/uploads\/2023\/05\/vincent-01-600x1036.jpg 600w, https:\/\/www.morningbreeze.se\/wp-content\/uploads\/2023\/05\/vincent-01-800x1382.jpg 800w, https:\/\/www.morningbreeze.se\/wp-content\/uploads\/2023\/05\/vincent-01.jpg 1000w\" sizes=\"(max-width: 640px) 100vw, 600px\" \/><\/a><\/span><\/div><\/div><\/div><div class=\"fusion-layout-column fusion_builder_column fusion-builder-column-1 fusion_builder_column_1_2 1_2 fusion-flex-column\" style=\"--awb-padding-top:30px;--awb-padding-top-small:0px;--awb-bg-size:cover;--awb-width-large:50%;--awb-margin-top-large:0px;--awb-spacing-right-large:3.84%;--awb-margin-bottom-large:20px;--awb-spacing-left-large:3.84%;--awb-width-medium:50%;--awb-order-medium:0;--awb-spacing-right-medium:3.84%;--awb-spacing-left-medium:3.84%;--awb-width-small:100%;--awb-order-small:0;--awb-spacing-right-small:1.92%;--awb-spacing-left-small:1.92%;\" data-scroll-devices=\"small-visibility,medium-visibility,large-visibility\"><div class=\"fusion-column-wrapper fusion-column-has-shadow fusion-flex-justify-content-flex-start fusion-content-layout-column\"><div class=\"fusion-title title fusion-title-1 fusion-sep-none fusion-title-text fusion-title-size-two\"><h2 class=\"fusion-title-heading title-heading-left\" style=\"margin:0;\">Vincent &#8221;Solnes Poison Puppy&#8221;<\/h2><\/div><div class=\"fusion-text fusion-text-1\"><p>International Champion, Nordic Champion, Swedish Champion, Finnish Champion and Danish Champion and Gibraltar Puppy Winner-2016. Vincent \u00e4r en import fr\u00e5n den v\u00e4rldsber\u00f6mda Solnes kennel i Danmark.<\/p>\n<p>Vincent \u00e4r en vacker hane. Han har ett mycket huvud med h\u00e4rlig kropp, stil och resning samt r\u00f6relser. Han har v\u00e4ldigt fin svart f\u00e4rg och ett underbart temperament.<\/p>\n<\/div><div class=\"fusion-text fusion-text-2\"><p>Bilden: Vincent och Peter p\u00e5 World Dog Show i Amsterdam, augusti 2018<\/p>\n<\/div><\/div><\/div><\/div><\/div><div class=\"fusion-fullwidth fullwidth-box fusion-builder-row-2 fusion-flex-container has-pattern-background has-mask-background nonhundred-percent-fullwidth non-hundred-percent-height-scrolling\" style=\"--awb-border-radius-top-left:0px;--awb-border-radius-top-right:0px;--awb-border-radius-bottom-right:0px;--awb-border-radius-bottom-left:0px;--awb-margin-top:30px;--awb-flex-wrap:wrap;\" ><div class=\"fusion-builder-row fusion-row fusion-flex-align-items-flex-start fusion-flex-content-wrap\" style=\"max-width:1248px;margin-left: calc(-4% \/ 2 );margin-right: calc(-4% \/ 2 );\"><div class=\"fusion-layout-column fusion_builder_column fusion-builder-column-2 fusion_builder_column_1_1 1_1 fusion-flex-column\" style=\"--awb-bg-size:cover;--awb-width-large:100%;--awb-margin-top-large:0px;--awb-spacing-right-large:1.92%;--awb-margin-bottom-large:20px;--awb-spacing-left-large:1.92%;--awb-width-medium:100%;--awb-order-medium:0;--awb-spacing-right-medium:1.92%;--awb-spacing-left-medium:1.92%;--awb-width-small:100%;--awb-order-small:0;--awb-spacing-right-small:1.92%;--awb-spacing-left-small:1.92%;\"><div class=\"fusion-column-wrapper fusion-column-has-shadow fusion-flex-justify-content-flex-start fusion-content-layout-column\"><div class=\"awb-gallery-wrapper awb-gallery-wrapper-1 button-span-no\" style=\"--more-btn-alignment:center;\"><div style=\"margin:-5px;--awb-bordersize:0px;\" class=\"fusion-gallery fusion-gallery-container fusion-grid-3 fusion-columns-total-9 fusion-gallery-layout-grid fusion-gallery-1\"><div style=\"padding:5px;\" class=\"fusion-grid-column fusion-gallery-column fusion-gallery-column-3 hover-type-none awb-imageframe-style awb-imageframe-style-below awb-imageframe-style-1\"><div class=\"fusion-gallery-image\"><a href=\"https:\/\/www.morningbreeze.se\/wp-content\/uploads\/2023\/05\/vincent-02.jpg\" rel=\"noreferrer\" data-rel=\"iLightbox[gallery_image_1]\" class=\"fusion-lightbox\" target=\"_self\"><img decoding=\"async\" src=\"https:\/\/www.morningbreeze.se\/wp-content\/uploads\/2023\/05\/vincent-02.jpg\" width=\"960\" height=\"640\" alt=\"\" title=\"\" aria-label=\"\" class=\"img-responsive wp-image-407\" srcset=\"https:\/\/www.morningbreeze.se\/wp-content\/uploads\/2023\/05\/vincent-02-200x133.jpg 200w, https:\/\/www.morningbreeze.se\/wp-content\/uploads\/2023\/05\/vincent-02-400x267.jpg 400w, https:\/\/www.morningbreeze.se\/wp-content\/uploads\/2023\/05\/vincent-02-600x400.jpg 600w, https:\/\/www.morningbreeze.se\/wp-content\/uploads\/2023\/05\/vincent-02-800x533.jpg 800w, https:\/\/www.morningbreeze.se\/wp-content\/uploads\/2023\/05\/vincent-02.jpg 960w\" sizes=\"(min-width: 2200px) 100vw, (min-width: 784px) 397px, (min-width: 712px) 595px, (min-width: 640px) 712px, \" \/><\/a><\/div><div class=\"awb-imageframe-caption-container\"><div class=\"awb-imageframe-caption\"><p class=\"awb-imageframe-caption-text\">Vincent Best of Group p\u00e5 Roskilde International Dog Show 12\/-2018. Rasdomare Luis Pinto Texieira, Portugal och Gruppdomare Erwin Manders, Nederl\u00e4nderna<\/p><\/div><\/div><\/div><div style=\"padding:5px;\" class=\"fusion-grid-column fusion-gallery-column fusion-gallery-column-3 hover-type-none awb-imageframe-style awb-imageframe-style-below awb-imageframe-style-1\"><div class=\"fusion-gallery-image\"><a href=\"https:\/\/www.morningbreeze.se\/wp-content\/uploads\/2023\/05\/vincent-03.jpg\" rel=\"noreferrer\" data-rel=\"iLightbox[gallery_image_1]\" class=\"fusion-lightbox\" target=\"_self\"><img decoding=\"async\" src=\"https:\/\/www.morningbreeze.se\/wp-content\/uploads\/2023\/05\/vincent-03.jpg\" width=\"1280\" height=\"1171\" alt=\"\" title=\"\" aria-label=\"\" class=\"img-responsive wp-image-409\" srcset=\"https:\/\/www.morningbreeze.se\/wp-content\/uploads\/2023\/05\/vincent-03-200x183.jpg 200w, https:\/\/www.morningbreeze.se\/wp-content\/uploads\/2023\/05\/vincent-03-400x366.jpg 400w, https:\/\/www.morningbreeze.se\/wp-content\/uploads\/2023\/05\/vincent-03-600x549.jpg 600w, https:\/\/www.morningbreeze.se\/wp-content\/uploads\/2023\/05\/vincent-03-800x732.jpg 800w, https:\/\/www.morningbreeze.se\/wp-content\/uploads\/2023\/05\/vincent-03-1200x1098.jpg 1200w, https:\/\/www.morningbreeze.se\/wp-content\/uploads\/2023\/05\/vincent-03.jpg 1280w\" sizes=\"(min-width: 2200px) 100vw, (min-width: 784px) 397px, (min-width: 712px) 595px, (min-width: 640px) 712px, \" \/><\/a><\/div><div class=\"awb-imageframe-caption-container\"><div class=\"awb-imageframe-caption\"><p class=\"awb-imageframe-caption-text\">Vincent Best in Show 1 p\u00e5 Kuopio Kennel Club International Dog Show, 6 augusti 2017<\/p><\/div><\/div><\/div><div style=\"padding:5px;\" class=\"fusion-grid-column fusion-gallery-column fusion-gallery-column-3 hover-type-none awb-imageframe-style awb-imageframe-style-below awb-imageframe-style-1\"><div class=\"fusion-gallery-image\"><a href=\"https:\/\/www.morningbreeze.se\/wp-content\/uploads\/2023\/05\/vincent-04.jpg\" rel=\"noreferrer\" data-rel=\"iLightbox[gallery_image_1]\" class=\"fusion-lightbox\" target=\"_self\"><img decoding=\"async\" src=\"https:\/\/www.morningbreeze.se\/wp-content\/uploads\/2023\/05\/vincent-04.jpg\" width=\"720\" height=\"960\" alt=\"\" title=\"\" aria-label=\"\" class=\"img-responsive wp-image-412\" srcset=\"https:\/\/www.morningbreeze.se\/wp-content\/uploads\/2023\/05\/vincent-04-200x267.jpg 200w, https:\/\/www.morningbreeze.se\/wp-content\/uploads\/2023\/05\/vincent-04-400x533.jpg 400w, https:\/\/www.morningbreeze.se\/wp-content\/uploads\/2023\/05\/vincent-04-600x800.jpg 600w, https:\/\/www.morningbreeze.se\/wp-content\/uploads\/2023\/05\/vincent-04.jpg 720w\" sizes=\"(min-width: 2200px) 100vw, (min-width: 784px) 397px, (min-width: 712px) 595px, (min-width: 640px) 712px, \" \/><\/a><\/div><div class=\"awb-imageframe-caption-container\"><div class=\"awb-imageframe-caption\"><p class=\"awb-imageframe-caption-text\">Vincent BIR med CAC och CACIB p\u00e5 Kemi Internationella Hundutst\u00e4llning i Finland, 23\/7-2017. Hantering och sk\u00f6tsel Virpi Luukkonen<\/p><\/div><\/div><\/div><div class=\"clearfix\"><\/div><div style=\"padding:5px;\" class=\"fusion-grid-column fusion-gallery-column fusion-gallery-column-3 hover-type-none awb-imageframe-style awb-imageframe-style-below awb-imageframe-style-1\"><div class=\"fusion-gallery-image\"><a href=\"https:\/\/www.morningbreeze.se\/wp-content\/uploads\/2023\/05\/vincent-05.jpg\" rel=\"noreferrer\" data-rel=\"iLightbox[gallery_image_1]\" class=\"fusion-lightbox\" target=\"_self\"><img decoding=\"async\" src=\"https:\/\/www.morningbreeze.se\/wp-content\/uploads\/2023\/05\/vincent-05.jpg\" width=\"1000\" height=\"1432\" alt=\"\" title=\"\" aria-label=\"\" class=\"img-responsive wp-image-414\" srcset=\"https:\/\/www.morningbreeze.se\/wp-content\/uploads\/2023\/05\/vincent-05-200x286.jpg 200w, https:\/\/www.morningbreeze.se\/wp-content\/uploads\/2023\/05\/vincent-05-400x573.jpg 400w, https:\/\/www.morningbreeze.se\/wp-content\/uploads\/2023\/05\/vincent-05-600x859.jpg 600w, https:\/\/www.morningbreeze.se\/wp-content\/uploads\/2023\/05\/vincent-05-800x1146.jpg 800w, https:\/\/www.morningbreeze.se\/wp-content\/uploads\/2023\/05\/vincent-05.jpg 1000w\" sizes=\"(min-width: 2200px) 100vw, (min-width: 784px) 397px, (min-width: 712px) 595px, (min-width: 640px) 712px, \" \/><\/a><\/div><div class=\"awb-imageframe-caption-container\"><div class=\"awb-imageframe-caption\"><\/div><\/div><\/div><div style=\"padding:5px;\" class=\"fusion-grid-column fusion-gallery-column fusion-gallery-column-3 hover-type-none awb-imageframe-style awb-imageframe-style-below awb-imageframe-style-1\"><div class=\"fusion-gallery-image\"><a href=\"https:\/\/www.morningbreeze.se\/wp-content\/uploads\/2023\/05\/vincent-06.jpg\" rel=\"noreferrer\" data-rel=\"iLightbox[gallery_image_1]\" class=\"fusion-lightbox\" target=\"_self\"><img decoding=\"async\" src=\"https:\/\/www.morningbreeze.se\/wp-content\/uploads\/2023\/05\/vincent-06.jpg\" width=\"1280\" height=\"1230\" alt=\"\" title=\"\" aria-label=\"\" class=\"img-responsive wp-image-415\" srcset=\"https:\/\/www.morningbreeze.se\/wp-content\/uploads\/2023\/05\/vincent-06-200x192.jpg 200w, https:\/\/www.morningbreeze.se\/wp-content\/uploads\/2023\/05\/vincent-06-400x384.jpg 400w, https:\/\/www.morningbreeze.se\/wp-content\/uploads\/2023\/05\/vincent-06-600x577.jpg 600w, https:\/\/www.morningbreeze.se\/wp-content\/uploads\/2023\/05\/vincent-06-800x769.jpg 800w, https:\/\/www.morningbreeze.se\/wp-content\/uploads\/2023\/05\/vincent-06-1200x1153.jpg 1200w, https:\/\/www.morningbreeze.se\/wp-content\/uploads\/2023\/05\/vincent-06.jpg 1280w\" sizes=\"(min-width: 2200px) 100vw, (min-width: 784px) 397px, (min-width: 712px) 595px, (min-width: 640px) 712px, \" \/><\/a><\/div><div class=\"awb-imageframe-caption-container\"><div class=\"awb-imageframe-caption\"><p class=\"awb-imageframe-caption-text\">Vincent, valpvinnare p\u00e5 Gibraltar<\/p><\/div><\/div><\/div><div style=\"padding:5px;\" class=\"fusion-grid-column fusion-gallery-column fusion-gallery-column-3 hover-type-none awb-imageframe-style awb-imageframe-style-below awb-imageframe-style-1\"><div class=\"fusion-gallery-image\"><a href=\"https:\/\/www.morningbreeze.se\/wp-content\/uploads\/2023\/05\/vincent-07.jpg\" rel=\"noreferrer\" data-rel=\"iLightbox[gallery_image_1]\" class=\"fusion-lightbox\" target=\"_self\"><img decoding=\"async\" src=\"https:\/\/www.morningbreeze.se\/wp-content\/uploads\/2023\/05\/vincent-07.jpg\" width=\"1280\" height=\"1350\" alt=\"\" title=\"\" aria-label=\"\" class=\"img-responsive wp-image-417\" srcset=\"https:\/\/www.morningbreeze.se\/wp-content\/uploads\/2023\/05\/vincent-07-200x211.jpg 200w, https:\/\/www.morningbreeze.se\/wp-content\/uploads\/2023\/05\/vincent-07-400x422.jpg 400w, https:\/\/www.morningbreeze.se\/wp-content\/uploads\/2023\/05\/vincent-07-600x633.jpg 600w, https:\/\/www.morningbreeze.se\/wp-content\/uploads\/2023\/05\/vincent-07-800x844.jpg 800w, https:\/\/www.morningbreeze.se\/wp-content\/uploads\/2023\/05\/vincent-07-1200x1266.jpg 1200w, https:\/\/www.morningbreeze.se\/wp-content\/uploads\/2023\/05\/vincent-07.jpg 1280w\" sizes=\"(min-width: 2200px) 100vw, (min-width: 784px) 397px, (min-width: 712px) 595px, (min-width: 640px) 712px, \" \/><\/a><\/div><div class=\"awb-imageframe-caption-container\"><div class=\"awb-imageframe-caption\"><p class=\"awb-imageframe-caption-text\">Vincent, snart 7 m\u00e5nader BIR-valp p\u00e5 Gibraltar International Dog Show 17\/9-2016<\/p><\/div><\/div><\/div><div class=\"clearfix\"><\/div><div style=\"padding:5px;\" class=\"fusion-grid-column fusion-gallery-column fusion-gallery-column-3 hover-type-none awb-imageframe-style awb-imageframe-style-below awb-imageframe-style-1\"><div class=\"fusion-gallery-image\"><a href=\"https:\/\/www.morningbreeze.se\/wp-content\/uploads\/2023\/05\/vincent-08.jpg\" rel=\"noreferrer\" data-rel=\"iLightbox[gallery_image_1]\" class=\"fusion-lightbox\" target=\"_self\"><img decoding=\"async\" src=\"https:\/\/www.morningbreeze.se\/wp-content\/uploads\/2023\/05\/vincent-08.jpg\" width=\"486\" height=\"960\" alt=\"\" title=\"\" aria-label=\"\" class=\"img-responsive wp-image-419\" srcset=\"https:\/\/www.morningbreeze.se\/wp-content\/uploads\/2023\/05\/vincent-08-200x395.jpg 200w, https:\/\/www.morningbreeze.se\/wp-content\/uploads\/2023\/05\/vincent-08-400x790.jpg 400w, https:\/\/www.morningbreeze.se\/wp-content\/uploads\/2023\/05\/vincent-08.jpg 486w\" sizes=\"(min-width: 2200px) 100vw, (min-width: 784px) 397px, (min-width: 712px) 595px, (min-width: 640px) 712px, \" \/><\/a><\/div><div class=\"awb-imageframe-caption-container\"><div class=\"awb-imageframe-caption\"><p class=\"awb-imageframe-caption-text\">Vincent, 7 m\u00e5nader<\/p><\/div><\/div><\/div><div style=\"padding:5px;\" class=\"fusion-grid-column fusion-gallery-column fusion-gallery-column-3 hover-type-none awb-imageframe-style awb-imageframe-style-below awb-imageframe-style-1\"><div class=\"fusion-gallery-image\"><a href=\"https:\/\/www.morningbreeze.se\/wp-content\/uploads\/2023\/05\/vincent-09.jpg\" rel=\"noreferrer\" data-rel=\"iLightbox[gallery_image_1]\" class=\"fusion-lightbox\" target=\"_self\"><img decoding=\"async\" src=\"https:\/\/www.morningbreeze.se\/wp-content\/uploads\/2023\/05\/vincent-09.jpg\" width=\"1280\" height=\"1184\" alt=\"\" title=\"\" aria-label=\"\" class=\"img-responsive wp-image-420\" srcset=\"https:\/\/www.morningbreeze.se\/wp-content\/uploads\/2023\/05\/vincent-09-200x185.jpg 200w, https:\/\/www.morningbreeze.se\/wp-content\/uploads\/2023\/05\/vincent-09-400x370.jpg 400w, https:\/\/www.morningbreeze.se\/wp-content\/uploads\/2023\/05\/vincent-09-600x555.jpg 600w, https:\/\/www.morningbreeze.se\/wp-content\/uploads\/2023\/05\/vincent-09-800x740.jpg 800w, https:\/\/www.morningbreeze.se\/wp-content\/uploads\/2023\/05\/vincent-09-1200x1110.jpg 1200w, https:\/\/www.morningbreeze.se\/wp-content\/uploads\/2023\/05\/vincent-09.jpg 1280w\" sizes=\"(min-width: 2200px) 100vw, (min-width: 784px) 397px, (min-width: 712px) 595px, (min-width: 640px) 712px, \" \/><\/a><\/div><div class=\"awb-imageframe-caption-container\"><div class=\"awb-imageframe-caption\"><p class=\"awb-imageframe-caption-text\">Vincent, leker i tr\u00e4dg\u00e5rden den 6 oktober 2016<\/p><\/div><\/div><\/div><div style=\"padding:5px;\" class=\"fusion-grid-column fusion-gallery-column fusion-gallery-column-3 hover-type-none awb-imageframe-style awb-imageframe-style-below awb-imageframe-style-1\"><div class=\"fusion-gallery-image\"><a href=\"https:\/\/www.morningbreeze.se\/wp-content\/uploads\/2023\/05\/vincent-10.jpg\" rel=\"noreferrer\" data-rel=\"iLightbox[gallery_image_1]\" class=\"fusion-lightbox\" target=\"_self\"><img decoding=\"async\" src=\"https:\/\/www.morningbreeze.se\/wp-content\/uploads\/2023\/05\/vincent-10.jpg\" width=\"1280\" height=\"1123\" alt=\"\" title=\"\" aria-label=\"\" class=\"img-responsive wp-image-422\" srcset=\"https:\/\/www.morningbreeze.se\/wp-content\/uploads\/2023\/05\/vincent-10-200x175.jpg 200w, https:\/\/www.morningbreeze.se\/wp-content\/uploads\/2023\/05\/vincent-10-400x351.jpg 400w, https:\/\/www.morningbreeze.se\/wp-content\/uploads\/2023\/05\/vincent-10-600x526.jpg 600w, https:\/\/www.morningbreeze.se\/wp-content\/uploads\/2023\/05\/vincent-10-800x702.jpg 800w, https:\/\/www.morningbreeze.se\/wp-content\/uploads\/2023\/05\/vincent-10-1200x1053.jpg 1200w, https:\/\/www.morningbreeze.se\/wp-content\/uploads\/2023\/05\/vincent-10.jpg 1280w\" sizes=\"(min-width: 2200px) 100vw, (min-width: 784px) 397px, (min-width: 712px) 595px, (min-width: 640px) 712px, \" \/><\/a><\/div><div class=\"awb-imageframe-caption-container\"><div class=\"awb-imageframe-caption\"><p class=\"awb-imageframe-caption-text\">Vincent, Gibraltar Puppy Winner 2016, BIR Puppy p\u00e5 Poodle speciality i H\u00e4ssleholm den 23 oktober 2016. Han har varit ute i ringen 6 g\u00e5nger och han \u00e4r 6 g\u00e5nger BIR, en g\u00e5ng BIS-2 valp och en g\u00e5ng BIS-4 valp<\/p><\/div><\/div><\/div><div class=\"clearfix\"><\/div><\/div><\/div><\/div><\/div><\/div><\/div><\/p>","protected":false},"excerpt":{"rendered":"","protected":false},"author":1,"featured_media":0,"parent":0,"menu_order":0,"comment_status":"closed","ping_status":"closed","template":"100-width.php","meta":{"footnotes":""},"class_list":["post-403","page","type-page","status-publish","hentry"],"_links":{"self":[{"href":"https:\/\/www.morningbreeze.se\/en\/wp-json\/wp\/v2\/pages\/403","targetHints":{"allow":["GET"]}}],"collection":[{"href":"https:\/\/www.morningbreeze.se\/en\/wp-json\/wp\/v2\/pages"}],"about":[{"href":"https:\/\/www.morningbreeze.se\/en\/wp-json\/wp\/v2\/types\/page"}],"author":[{"embeddable":true,"href":"https:\/\/www.morningbreeze.se\/en\/wp-json\/wp\/v2\/users\/1"}],"replies":[{"embeddable":true,"href":"https:\/\/www.morningbreeze.se\/en\/wp-json\/wp\/v2\/comments?post=403"}],"version-history":[{"count":16,"href":"https:\/\/www.morningbreeze.se\/en\/wp-json\/wp\/v2\/pages\/403\/revisions"}],"predecessor-version":[{"id":429,"href":"https:\/\/www.morningbreeze.se\/en\/wp-json\/wp\/v2\/pages\/403\/revisions\/429"}],"wp:attachment":[{"href":"https:\/\/www.morningbreeze.se\/en\/wp-json\/wp\/v2\/media?parent=403"}],"curies":[{"name":"wp","href":"https:\/\/api.w.org\/{rel}","templated":true}]}}