{"id":386,"date":"2023-05-28T14:17:06","date_gmt":"2023-05-28T12:17:06","guid":{"rendered":"https:\/\/www.morningbreeze.se\/?page_id=386"},"modified":"2025-08-08T14:06:02","modified_gmt":"2025-08-08T12:06:02","slug":"sture","status":"publish","type":"page","link":"https:\/\/www.morningbreeze.se\/en\/sture\/","title":{"rendered":"Sture"},"content":{"rendered":"<div class=\"fusion-fullwidth fullwidth-box fusion-builder-row-1 fusion-flex-container has-pattern-background has-mask-background nonhundred-percent-fullwidth non-hundred-percent-height-scrolling\" style=\"--awb-border-radius-top-left:0px;--awb-border-radius-top-right:0px;--awb-border-radius-bottom-right:0px;--awb-border-radius-bottom-left:0px;--awb-flex-wrap:wrap;\" ><div class=\"fusion-builder-row fusion-row fusion-flex-align-items-flex-start fusion-flex-content-wrap\" style=\"max-width:1248px;margin-left: calc(-4% \/ 2 );margin-right: calc(-4% \/ 2 );\"><div class=\"fusion-layout-column fusion_builder_column fusion-builder-column-0 fusion_builder_column_1_2 1_2 fusion-flex-column\" style=\"--awb-bg-size:cover;--awb-width-large:50%;--awb-margin-top-large:0px;--awb-spacing-right-large:3.84%;--awb-margin-bottom-large:20px;--awb-spacing-left-large:3.84%;--awb-width-medium:50%;--awb-order-medium:0;--awb-spacing-right-medium:3.84%;--awb-spacing-left-medium:3.84%;--awb-width-small:100%;--awb-order-small:0;--awb-spacing-right-small:1.92%;--awb-spacing-left-small:1.92%;\"><div class=\"fusion-column-wrapper fusion-column-has-shadow fusion-flex-justify-content-flex-start fusion-content-layout-column\"><div class=\"fusion-image-element\" style=\"--awb-caption-title-font-family:var(--h2_typography-font-family);--awb-caption-title-font-weight:var(--h2_typography-font-weight);--awb-caption-title-font-style:var(--h2_typography-font-style);--awb-caption-title-size:var(--h2_typography-font-size);--awb-caption-title-transform:var(--h2_typography-text-transform);--awb-caption-title-line-height:var(--h2_typography-line-height);--awb-caption-title-letter-spacing:var(--h2_typography-letter-spacing);\"><span class=\"fusion-imageframe imageframe-none imageframe-1 hover-type-none\"><a href=\"https:\/\/www.morningbreeze.se\/wp-content\/uploads\/2023\/05\/sture-01.jpg\" class=\"fusion-lightbox\" data-rel=\"iLightbox[824ad34763e1111d6be]\"><img decoding=\"async\" width=\"960\" height=\"960\" src=\"https:\/\/www.morningbreeze.se\/wp-content\/uploads\/2023\/05\/sture-01.jpg\" alt class=\"img-responsive wp-image-388\" srcset=\"https:\/\/www.morningbreeze.se\/wp-content\/uploads\/2023\/05\/sture-01-200x200.jpg 200w, https:\/\/www.morningbreeze.se\/wp-content\/uploads\/2023\/05\/sture-01-400x400.jpg 400w, https:\/\/www.morningbreeze.se\/wp-content\/uploads\/2023\/05\/sture-01-600x600.jpg 600w, https:\/\/www.morningbreeze.se\/wp-content\/uploads\/2023\/05\/sture-01-800x800.jpg 800w, https:\/\/www.morningbreeze.se\/wp-content\/uploads\/2023\/05\/sture-01.jpg 960w\" sizes=\"(max-width: 640px) 100vw, 600px\" \/><\/a><\/span><\/div><div class=\"fusion-image-element\" style=\"--awb-caption-title-font-family:var(--h2_typography-font-family);--awb-caption-title-font-weight:var(--h2_typography-font-weight);--awb-caption-title-font-style:var(--h2_typography-font-style);--awb-caption-title-size:var(--h2_typography-font-size);--awb-caption-title-transform:var(--h2_typography-text-transform);--awb-caption-title-line-height:var(--h2_typography-line-height);--awb-caption-title-letter-spacing:var(--h2_typography-letter-spacing);\"><span class=\"fusion-imageframe imageframe-none imageframe-2 hover-type-none\"><img decoding=\"async\" width=\"852\" height=\"960\" title=\"Sture DKCH_IMG_8457\" src=\"https:\/\/www.morningbreeze.se\/wp-content\/uploads\/2025\/08\/Sture-DKCH_IMG_8457.jpg\" alt class=\"img-responsive wp-image-1695\" srcset=\"https:\/\/www.morningbreeze.se\/wp-content\/uploads\/2025\/08\/Sture-DKCH_IMG_8457-200x225.jpg 200w, https:\/\/www.morningbreeze.se\/wp-content\/uploads\/2025\/08\/Sture-DKCH_IMG_8457-400x451.jpg 400w, https:\/\/www.morningbreeze.se\/wp-content\/uploads\/2025\/08\/Sture-DKCH_IMG_8457-600x676.jpg 600w, https:\/\/www.morningbreeze.se\/wp-content\/uploads\/2025\/08\/Sture-DKCH_IMG_8457-800x901.jpg 800w, https:\/\/www.morningbreeze.se\/wp-content\/uploads\/2025\/08\/Sture-DKCH_IMG_8457.jpg 852w\" sizes=\"(max-width: 640px) 100vw, 600px\" \/><\/span><\/div><\/div><\/div><div class=\"fusion-layout-column fusion_builder_column fusion-builder-column-1 fusion_builder_column_1_2 1_2 fusion-flex-column\" style=\"--awb-padding-top:30px;--awb-padding-top-small:0px;--awb-bg-size:cover;--awb-width-large:50%;--awb-margin-top-large:0px;--awb-spacing-right-large:3.84%;--awb-margin-bottom-large:20px;--awb-spacing-left-large:3.84%;--awb-width-medium:50%;--awb-order-medium:0;--awb-spacing-right-medium:3.84%;--awb-spacing-left-medium:3.84%;--awb-width-small:100%;--awb-order-small:0;--awb-spacing-right-small:1.92%;--awb-spacing-left-small:1.92%;\" data-scroll-devices=\"small-visibility,medium-visibility,large-visibility\"><div class=\"fusion-column-wrapper fusion-column-has-shadow fusion-flex-justify-content-flex-start fusion-content-layout-column\"><div class=\"fusion-title title fusion-title-1 fusion-sep-none fusion-title-text fusion-title-size-two\"><h2 class=\"fusion-title-heading title-heading-left\" style=\"margin:0;\">Sture, SE UCH, DKCH Morning Breeze Shine Like The Sun<\/h2><\/div><div class=\"fusion-text fusion-text-1\"><p>Sture \u00e4r f\u00f6dd den 10 januari 2020. Far \u00e4r Svenska M\u00e4staren Airi Arabeska Lucky Luciano och Mor \u00e4r v\u00e5r Solbritt, Solnes Vanilla Blossom. Sture \u00e4r en elegant \u00f6gonf\u00e5ngande djupt aprikosf\u00e4rgad hane med underbar svart pigmentering. Han har mycket karisma och personlighet. Sture r\u00f6r sig mycket bra med stil och attityd.<\/p>\n<\/div><\/div><\/div><\/div><\/div>","protected":false},"excerpt":{"rendered":"","protected":false},"author":1,"featured_media":0,"parent":0,"menu_order":0,"comment_status":"closed","ping_status":"closed","template":"100-width.php","meta":{"footnotes":""},"class_list":["post-386","page","type-page","status-publish","hentry"],"_links":{"self":[{"href":"https:\/\/www.morningbreeze.se\/en\/wp-json\/wp\/v2\/pages\/386","targetHints":{"allow":["GET"]}}],"collection":[{"href":"https:\/\/www.morningbreeze.se\/en\/wp-json\/wp\/v2\/pages"}],"about":[{"href":"https:\/\/www.morningbreeze.se\/en\/wp-json\/wp\/v2\/types\/page"}],"author":[{"embeddable":true,"href":"https:\/\/www.morningbreeze.se\/en\/wp-json\/wp\/v2\/users\/1"}],"replies":[{"embeddable":true,"href":"https:\/\/www.morningbreeze.se\/en\/wp-json\/wp\/v2\/comments?post=386"}],"version-history":[{"count":6,"href":"https:\/\/www.morningbreeze.se\/en\/wp-json\/wp\/v2\/pages\/386\/revisions"}],"predecessor-version":[{"id":1696,"href":"https:\/\/www.morningbreeze.se\/en\/wp-json\/wp\/v2\/pages\/386\/revisions\/1696"}],"wp:attachment":[{"href":"https:\/\/www.morningbreeze.se\/en\/wp-json\/wp\/v2\/media?parent=386"}],"curies":[{"name":"wp","href":"https:\/\/api.w.org\/{rel}","templated":true}]}}