{"id":3,"date":"2023-05-13T11:40:04","date_gmt":"2023-05-13T09:40:04","guid":{"rendered":"https:\/\/www.morningbreeze.se\/?page_id=3"},"modified":"2023-06-12T14:02:56","modified_gmt":"2023-06-12T12:02:56","slug":"integritetspolicy","status":"publish","type":"page","link":"https:\/\/www.morningbreeze.se\/en\/integritetspolicy\/","title":{"rendered":"Privacy policy"},"content":{"rendered":"<div class=\"fusion-fullwidth fullwidth-box fusion-builder-row-1 fusion-flex-container has-pattern-background has-mask-background nonhundred-percent-fullwidth non-hundred-percent-height-scrolling\" style=\"--awb-border-radius-top-left:0px;--awb-border-radius-top-right:0px;--awb-border-radius-bottom-right:0px;--awb-border-radius-bottom-left:0px;--awb-flex-wrap:wrap;\" ><div class=\"fusion-builder-row fusion-row fusion-flex-align-items-flex-start fusion-flex-content-wrap\" style=\"max-width:1248px;margin-left: calc(-4% \/ 2 );margin-right: calc(-4% \/ 2 );\"><div class=\"fusion-layout-column fusion_builder_column fusion-builder-column-0 fusion_builder_column_1_1 1_1 fusion-flex-column\" style=\"--awb-bg-size:cover;--awb-width-large:100%;--awb-margin-top-large:0px;--awb-spacing-right-large:1.92%;--awb-margin-bottom-large:20px;--awb-spacing-left-large:1.92%;--awb-width-medium:100%;--awb-order-medium:0;--awb-spacing-right-medium:1.92%;--awb-spacing-left-medium:1.92%;--awb-width-small:100%;--awb-order-small:0;--awb-spacing-right-small:1.92%;--awb-spacing-left-small:1.92%;\"><div class=\"fusion-column-wrapper fusion-column-has-shadow fusion-flex-justify-content-flex-start fusion-content-layout-column\"><div class=\"fusion-title title fusion-title-1 fusion-sep-none fusion-title-text fusion-title-size-two\" style=\"--awb-margin-bottom:0px;\"><h2 class=\"fusion-title-heading title-heading-left\" style=\"margin:0;\">Information om integritets- &amp; cookiepolicy<\/h2><\/div><div class=\"fusion-title title fusion-title-2 fusion-sep-none fusion-title-text fusion-title-size-four\"><h4 class=\"fusion-title-heading title-heading-left\" style=\"margin:0;\">www.morningbreeze.se<\/h4><\/div><div class=\"fusion-title title fusion-title-3 fusion-sep-none fusion-title-text fusion-title-size-two\" style=\"--awb-margin-bottom:0px;\"><h2 class=\"fusion-title-heading title-heading-left\" style=\"margin:0;\">Information<\/h2><\/div><div class=\"fusion-text fusion-text-1\"><p>Kennel Morning Breeze\u00a0 b\u00e4r ansvar f\u00f6r de personuppgifter som behandlas i enlighet med den h\u00e4r integritetspolicyn. Vi v\u00e4rnar om att skydda dina personuppgifter, och vi l\u00e4gger d\u00e4rf\u00f6r stor vikt vid att skydda din integritet. Syftet med integritetspolicyn \u00e4r att redog\u00f6ra hur Morning Breeze behandlar dina personuppgifter i \u00f6verensst\u00e4mmelse med EU:s dataskyddsf\u00f6rordning (EU 2016\/679) (\u201cGDPR\u201d). Vid fr\u00e5gor om behandling av personuppgifter h\u00e4nvisas till info@morningbreeze.se<\/p>\n<\/div><div class=\"fusion-title title fusion-title-4 fusion-sep-none fusion-title-text fusion-title-size-two\" style=\"--awb-margin-bottom:0px;\"><h2 class=\"fusion-title-heading title-heading-left\" style=\"margin:0;\">Cookies<\/h2><\/div><div class=\"fusion-text fusion-text-2\"><p>Morningbreeze.se anv\u00e4nder s\u00e5 kallade cookies p\u00e5 webbplatsen. En cookie \u00e4r en liten datafil med text som sparas i din webbl\u00e4sare. Det finns tv\u00e5 typer av cookies, permanenta och tempor\u00e4ra (\u201dsession-cookies\u201d). Permanenta cookies lagras som en fil p\u00e5 din dator eller mobil under en viss tid tills du sj\u00e4lv, eller servern som s\u00e4nt dem, raderar dem. Session-cookies lagras tillf\u00e4lligt och f\u00f6rsvinner n\u00e4r du st\u00e4nger din webbl\u00e4sare. Morning Breeze.se anv\u00e4nder endast Session Cookies.<\/p>\n<p>Om du vill inaktivera cookies p\u00e5 dina enheter finns en funktion i varje webbl\u00e4sare eller i inst\u00e4llningarna p\u00e5 din telefon d\u00e4r du kan v\u00e4lja att blockera samtliga.<\/p>\n<\/div><div class=\"fusion-title title fusion-title-5 fusion-sep-none fusion-title-text fusion-title-size-two\" style=\"--awb-margin-bottom:0px;\"><h2 class=\"fusion-title-heading title-heading-left\" style=\"margin:0;\">Tredje parts cookies<\/h2><\/div><div class=\"fusion-text fusion-text-3\"><p>V\u00e5r hemsida kan ha inneh\u00e5ll fr\u00e5n andra webbplatser, s\u00e5som videos fr\u00e5n Youtube. N\u00e4r du tittar p\u00e5 en Youtube video \u00e4r det detsamma som om du bes\u00f6kt deras webbplats, d\u00e4rav g\u00e4ller webbplatsens egna cookie och integritetspolicy.<\/p>\n<\/div><div class=\"fusion-title title fusion-title-6 fusion-sep-none fusion-title-text fusion-title-size-two\" style=\"--awb-margin-bottom:0px;\"><h2 class=\"fusion-title-heading title-heading-left\" style=\"margin:0;\">Persondata som sparas<\/h2><\/div><div class=\"fusion-title title fusion-title-7 fusion-sep-none fusion-title-text fusion-title-size-four\" style=\"--awb-margin-bottom:0px;\"><h4 class=\"fusion-title-heading title-heading-left\" style=\"margin:0;\">Vad \u00e4r personuppgifter?<\/h4><\/div><div class=\"fusion-text fusion-text-4\"><p>Personuppgifter \u00e4r information som anv\u00e4nds f\u00f6r att beskriva en individ. Det inkluderar all slags information som kan kopplas till en person direkt eller indirekt. Exempel p\u00e5 personuppgifter kan vara namn, adress, telefonnummer, personnummer och e-postadress. Det kan \u00e4ven vara fysiska, mentala och genetiska faktorer hos den fysiska personen.<\/p>\n<\/div><div class=\"fusion-title title fusion-title-8 fusion-sep-none fusion-title-text fusion-title-size-two\" style=\"--awb-margin-bottom:0px;\"><h2 class=\"fusion-title-heading title-heading-left\" style=\"margin:0;\">Syftet med personuppgifterna<\/h2><\/div><div class=\"fusion-text fusion-text-5\"><p>Informationen Morning Breeze samlar in om dig anv\u00e4nds f\u00f6r att ge dig optimal personlig service. Informationen hj\u00e4lper till att b\u00e4ttre uppfylla dina individuella behov samt att kunna kontakta dig.<\/p>\n<\/div><div class=\"fusion-title title fusion-title-9 fusion-sep-none fusion-title-text fusion-title-size-two\" style=\"--awb-margin-bottom:0px;\"><h2 class=\"fusion-title-heading title-heading-left\" style=\"margin:0;\">Hur vi hanterar persondata<\/h2><\/div><div class=\"fusion-text fusion-text-6\"><p>Endast data relevant f\u00f6r verksamheten finns i v\u00e5rt system, t.ex. kontaktuppgifter n\u00e4r du skickar e-post till oss. Vi gallrar med j\u00e4mna mellanrum ut persondata som inte l\u00e4ngre \u00e4r aktuell f\u00f6r v\u00e5r verksamhet. Vi sprider inte vidare uppgifter om v\u00e5ra g\u00e4ster till n\u00e5gon utomst\u00e5ende part.<\/p>\n<\/div><div class=\"fusion-title title fusion-title-10 fusion-sep-none fusion-title-text fusion-title-size-two\" style=\"--awb-margin-bottom:0px;\"><h2 class=\"fusion-title-heading title-heading-left\" style=\"margin:0;\">Dina r\u00e4ttigheter<\/h2><\/div><div class=\"fusion-text fusion-text-7\"><p>Du har r\u00e4tt att se vilka data vi anv\u00e4nder i v\u00e5rt system. Du har ocks\u00e5 r\u00e4tt att f\u00e5 ditt data korrigerad, raderad eller anonymiserad. H\u00f6r av dig om du \u00f6nskar hj\u00e4lp med n\u00e5got.<\/p>\n<\/div><div class=\"fusion-title title fusion-title-11 fusion-sep-none fusion-title-text fusion-title-size-two\" style=\"--awb-margin-bottom:0px;\"><h2 class=\"fusion-title-heading title-heading-left\" style=\"margin:0;\">\u00c4ndringar i Integritetspolicy<\/h2><\/div><div class=\"fusion-text fusion-text-8\"><p>Morning Breeze f\u00f6rbeh\u00e5ller sig r\u00e4tten att redigera samt uppdatera denna policy n\u00e4r som helst och du b\u00f6r regelbundet bes\u00f6ka denna webbplats f\u00f6r den senaste informationen.<br \/>\nSenast uppdaterad: 2023-06-01<\/p>\n<\/div><div class=\"fusion-title title fusion-title-12 fusion-sep-none fusion-title-text fusion-title-size-two\" style=\"--awb-margin-bottom:0px;\"><h2 class=\"fusion-title-heading title-heading-left\" style=\"margin:0;\">Kontaktinformation<\/h2><\/div><div class=\"fusion-text fusion-text-9\"><p>Kennel Morning Breeze<br \/>\nPeter +46 706 602 302<br \/>\nStefan +46 76 345 51 51<br \/>\ninfo@morningbreeze.se<\/p>\n<\/div><\/div><\/div><\/div><\/div>","protected":false},"excerpt":{"rendered":"","protected":false},"author":1,"featured_media":0,"parent":0,"menu_order":0,"comment_status":"closed","ping_status":"open","template":"","meta":{"footnotes":""},"class_list":["post-3","page","type-page","status-publish","hentry"],"_links":{"self":[{"href":"https:\/\/www.morningbreeze.se\/en\/wp-json\/wp\/v2\/pages\/3","targetHints":{"allow":["GET"]}}],"collection":[{"href":"https:\/\/www.morningbreeze.se\/en\/wp-json\/wp\/v2\/pages"}],"about":[{"href":"https:\/\/www.morningbreeze.se\/en\/wp-json\/wp\/v2\/types\/page"}],"author":[{"embeddable":true,"href":"https:\/\/www.morningbreeze.se\/en\/wp-json\/wp\/v2\/users\/1"}],"replies":[{"embeddable":true,"href":"https:\/\/www.morningbreeze.se\/en\/wp-json\/wp\/v2\/comments?post=3"}],"version-history":[{"count":14,"href":"https:\/\/www.morningbreeze.se\/en\/wp-json\/wp\/v2\/pages\/3\/revisions"}],"predecessor-version":[{"id":1600,"href":"https:\/\/www.morningbreeze.se\/en\/wp-json\/wp\/v2\/pages\/3\/revisions\/1600"}],"wp:attachment":[{"href":"https:\/\/www.morningbreeze.se\/en\/wp-json\/wp\/v2\/media?parent=3"}],"curies":[{"name":"wp","href":"https:\/\/api.w.org\/{rel}","templated":true}]}}