{"id":272,"date":"2023-05-27T10:07:19","date_gmt":"2023-05-27T08:07:19","guid":{"rendered":"https:\/\/www.morningbreeze.se\/?page_id=272"},"modified":"2023-05-27T10:07:23","modified_gmt":"2023-05-27T08:07:23","slug":"milton","status":"publish","type":"page","link":"https:\/\/www.morningbreeze.se\/en\/milton\/","title":{"rendered":"Milton"},"content":{"rendered":"<div class=\"fusion-fullwidth fullwidth-box fusion-builder-row-1 fusion-flex-container has-pattern-background has-mask-background nonhundred-percent-fullwidth non-hundred-percent-height-scrolling\" style=\"--awb-border-radius-top-left:0px;--awb-border-radius-top-right:0px;--awb-border-radius-bottom-right:0px;--awb-border-radius-bottom-left:0px;--awb-flex-wrap:wrap;\" ><div class=\"fusion-builder-row fusion-row fusion-flex-align-items-flex-start fusion-flex-content-wrap\" style=\"max-width:1248px;margin-left: calc(-4% \/ 2 );margin-right: calc(-4% \/ 2 );\"><div class=\"fusion-layout-column fusion_builder_column fusion-builder-column-0 fusion_builder_column_1_3 1_3 fusion-flex-column\" style=\"--awb-bg-size:cover;--awb-width-large:33.333333333333%;--awb-margin-top-large:0px;--awb-spacing-right-large:5.76%;--awb-margin-bottom-large:20px;--awb-spacing-left-large:5.76%;--awb-width-medium:33.333333333333%;--awb-order-medium:0;--awb-spacing-right-medium:5.76%;--awb-spacing-left-medium:5.76%;--awb-width-small:100%;--awb-order-small:0;--awb-spacing-right-small:1.92%;--awb-spacing-left-small:1.92%;\"><div class=\"fusion-column-wrapper fusion-column-has-shadow fusion-flex-justify-content-flex-start fusion-content-layout-column\"><div class=\"fusion-image-element\" style=\"--awb-caption-title-font-family:var(--h2_typography-font-family);--awb-caption-title-font-weight:var(--h2_typography-font-weight);--awb-caption-title-font-style:var(--h2_typography-font-style);--awb-caption-title-size:var(--h2_typography-font-size);--awb-caption-title-transform:var(--h2_typography-text-transform);--awb-caption-title-line-height:var(--h2_typography-line-height);--awb-caption-title-letter-spacing:var(--h2_typography-letter-spacing);\"><span class=\"fusion-imageframe imageframe-none imageframe-1 hover-type-none\"><img decoding=\"async\" width=\"302\" height=\"264\" src=\"https:\/\/www.morningbreeze.se\/wp-content\/uploads\/2023\/05\/milton-01.jpg\" alt class=\"img-responsive wp-image-275\" srcset=\"https:\/\/www.morningbreeze.se\/wp-content\/uploads\/2023\/05\/milton-01-200x175.jpg 200w, https:\/\/www.morningbreeze.se\/wp-content\/uploads\/2023\/05\/milton-01.jpg 302w\" sizes=\"(max-width: 640px) 100vw, 302px\" \/><\/span><\/div><\/div><\/div><div class=\"fusion-layout-column fusion_builder_column fusion-builder-column-1 fusion_builder_column_2_3 2_3 fusion-flex-column\" style=\"--awb-bg-size:cover;--awb-width-large:66.666666666667%;--awb-margin-top-large:0px;--awb-spacing-right-large:2.88%;--awb-margin-bottom-large:20px;--awb-spacing-left-large:2.88%;--awb-width-medium:66.666666666667%;--awb-order-medium:0;--awb-spacing-right-medium:2.88%;--awb-spacing-left-medium:2.88%;--awb-width-small:100%;--awb-order-small:0;--awb-spacing-right-small:1.92%;--awb-spacing-left-small:1.92%;\"><div class=\"fusion-column-wrapper fusion-column-has-shadow fusion-flex-justify-content-flex-start fusion-content-layout-column\"><div class=\"fusion-title title fusion-title-1 fusion-sep-none fusion-title-text fusion-title-size-two\"><h2 class=\"fusion-title-heading title-heading-left\" style=\"margin:0;\">Milton, &#8221;Morning Breeze Something Special&#8221;<\/h2><\/div><div class=\"fusion-text fusion-text-1\"><p>F\u00f6dd 28 juni 2019. Fadern v\u00e5r Vincent, Multi Champion och BIS Winner Solnes Poison Puppy och modern v\u00e5r Didi, Multi Champion Bebella&#8217;s Lady Chanel. Milton \u00e4r en elegant brun dv\u00e4rghane, 31 cm h\u00f6g med ett elegant huvud och livligt uttryck. Full av energi och r\u00f6r sig mycket stilfullt.<\/p>\n<\/div><\/div><\/div><\/div><\/div>","protected":false},"excerpt":{"rendered":"","protected":false},"author":1,"featured_media":0,"parent":0,"menu_order":0,"comment_status":"closed","ping_status":"closed","template":"100-width.php","meta":{"footnotes":""},"class_list":["post-272","page","type-page","status-publish","hentry"],"_links":{"self":[{"href":"https:\/\/www.morningbreeze.se\/en\/wp-json\/wp\/v2\/pages\/272","targetHints":{"allow":["GET"]}}],"collection":[{"href":"https:\/\/www.morningbreeze.se\/en\/wp-json\/wp\/v2\/pages"}],"about":[{"href":"https:\/\/www.morningbreeze.se\/en\/wp-json\/wp\/v2\/types\/page"}],"author":[{"embeddable":true,"href":"https:\/\/www.morningbreeze.se\/en\/wp-json\/wp\/v2\/users\/1"}],"replies":[{"embeddable":true,"href":"https:\/\/www.morningbreeze.se\/en\/wp-json\/wp\/v2\/comments?post=272"}],"version-history":[{"count":6,"href":"https:\/\/www.morningbreeze.se\/en\/wp-json\/wp\/v2\/pages\/272\/revisions"}],"predecessor-version":[{"id":303,"href":"https:\/\/www.morningbreeze.se\/en\/wp-json\/wp\/v2\/pages\/272\/revisions\/303"}],"wp:attachment":[{"href":"https:\/\/www.morningbreeze.se\/en\/wp-json\/wp\/v2\/media?parent=272"}],"curies":[{"name":"wp","href":"https:\/\/api.w.org\/{rel}","templated":true}]}}