{"id":1654,"date":"2025-02-07T18:15:51","date_gmt":"2025-02-07T17:15:51","guid":{"rendered":"https:\/\/www.morningbreeze.se\/?page_id=1654"},"modified":"2025-02-07T18:34:24","modified_gmt":"2025-02-07T17:34:24","slug":"leya","status":"publish","type":"page","link":"https:\/\/www.morningbreeze.se\/en\/leya\/","title":{"rendered":"Leya"},"content":{"rendered":"<div class=\"fusion-fullwidth fullwidth-box fusion-builder-row-1 fusion-flex-container has-pattern-background has-mask-background nonhundred-percent-fullwidth non-hundred-percent-height-scrolling\" style=\"--awb-border-radius-top-left:0px;--awb-border-radius-top-right:0px;--awb-border-radius-bottom-right:0px;--awb-border-radius-bottom-left:0px;--awb-flex-wrap:wrap;\" ><div class=\"fusion-builder-row fusion-row fusion-flex-align-items-flex-start fusion-flex-content-wrap\" style=\"max-width:1248px;margin-left: calc(-4% \/ 2 );margin-right: calc(-4% \/ 2 );\"><div class=\"fusion-layout-column fusion_builder_column fusion-builder-column-0 fusion_builder_column_1_3 1_3 fusion-flex-column\" style=\"--awb-bg-size:cover;--awb-width-large:33.333333333333%;--awb-margin-top-large:0px;--awb-spacing-right-large:5.76%;--awb-margin-bottom-large:20px;--awb-spacing-left-large:5.76%;--awb-width-medium:33.333333333333%;--awb-order-medium:0;--awb-spacing-right-medium:5.76%;--awb-spacing-left-medium:5.76%;--awb-width-small:100%;--awb-order-small:0;--awb-spacing-right-small:1.92%;--awb-spacing-left-small:1.92%;\"><div class=\"fusion-column-wrapper fusion-column-has-shadow fusion-flex-justify-content-flex-start fusion-content-layout-column\"><div class=\"fusion-image-element\" style=\"--awb-caption-title-font-family:var(--h2_typography-font-family);--awb-caption-title-font-weight:var(--h2_typography-font-weight);--awb-caption-title-font-style:var(--h2_typography-font-style);--awb-caption-title-size:var(--h2_typography-font-size);--awb-caption-title-transform:var(--h2_typography-text-transform);--awb-caption-title-line-height:var(--h2_typography-line-height);--awb-caption-title-letter-spacing:var(--h2_typography-letter-spacing);\"><span class=\"fusion-imageframe imageframe-none imageframe-1 hover-type-none\"><img decoding=\"async\" width=\"883\" height=\"683\" title=\"Leya Champion\" src=\"https:\/\/www.morningbreeze.se\/wp-content\/uploads\/2025\/02\/Leya-Champion.jpg\" alt class=\"img-responsive wp-image-1647\" srcset=\"https:\/\/www.morningbreeze.se\/wp-content\/uploads\/2025\/02\/Leya-Champion-200x155.jpg 200w, https:\/\/www.morningbreeze.se\/wp-content\/uploads\/2025\/02\/Leya-Champion-400x309.jpg 400w, https:\/\/www.morningbreeze.se\/wp-content\/uploads\/2025\/02\/Leya-Champion-600x464.jpg 600w, https:\/\/www.morningbreeze.se\/wp-content\/uploads\/2025\/02\/Leya-Champion-800x619.jpg 800w, https:\/\/www.morningbreeze.se\/wp-content\/uploads\/2025\/02\/Leya-Champion.jpg 883w\" sizes=\"(max-width: 640px) 100vw, 400px\" \/><\/span><\/div><div class=\"fusion-text fusion-text-1\"><p>Leya, SE UCH, NO UCH Morning Breeze My Dear Companion<\/p>\n<\/div><\/div><\/div><div class=\"fusion-layout-column fusion_builder_column fusion-builder-column-1 fusion_builder_column_1_3 1_3 fusion-flex-column\" style=\"--awb-bg-size:cover;--awb-width-large:33.333333333333%;--awb-margin-top-large:0px;--awb-spacing-right-large:5.76%;--awb-margin-bottom-large:20px;--awb-spacing-left-large:5.76%;--awb-width-medium:33.333333333333%;--awb-order-medium:0;--awb-spacing-right-medium:5.76%;--awb-spacing-left-medium:5.76%;--awb-width-small:100%;--awb-order-small:0;--awb-spacing-right-small:1.92%;--awb-spacing-left-small:1.92%;\"><div class=\"fusion-column-wrapper fusion-column-has-shadow fusion-flex-justify-content-flex-start fusion-content-layout-column\"><div class=\"fusion-image-element\" style=\"--awb-caption-title-font-family:var(--h2_typography-font-family);--awb-caption-title-font-weight:var(--h2_typography-font-weight);--awb-caption-title-font-style:var(--h2_typography-font-style);--awb-caption-title-size:var(--h2_typography-font-size);--awb-caption-title-transform:var(--h2_typography-text-transform);--awb-caption-title-line-height:var(--h2_typography-line-height);--awb-caption-title-letter-spacing:var(--h2_typography-letter-spacing);\"><span class=\"fusion-imageframe imageframe-none imageframe-2 hover-type-none\"><img decoding=\"async\" width=\"698\" height=\"960\" title=\"Leya\" src=\"https:\/\/www.morningbreeze.se\/wp-content\/uploads\/2025\/02\/Leya.jpg\" alt class=\"img-responsive wp-image-1652\" srcset=\"https:\/\/www.morningbreeze.se\/wp-content\/uploads\/2025\/02\/Leya-200x275.jpg 200w, https:\/\/www.morningbreeze.se\/wp-content\/uploads\/2025\/02\/Leya-400x550.jpg 400w, https:\/\/www.morningbreeze.se\/wp-content\/uploads\/2025\/02\/Leya-600x825.jpg 600w, https:\/\/www.morningbreeze.se\/wp-content\/uploads\/2025\/02\/Leya.jpg 698w\" sizes=\"(max-width: 640px) 100vw, 400px\" \/><\/span><\/div><div class=\"fusion-text fusion-text-2\"><p>Leya \u00e4r en kompakt, elegant toyudeltik med superattityd. Vackert skuret huvud med m\u00f6rka \u00f6gon. Vackra rastypiska r\u00f6relser.<\/p>\n<\/div><\/div><\/div><div class=\"fusion-layout-column fusion_builder_column fusion-builder-column-2 fusion_builder_column_1_3 1_3 fusion-flex-column\" style=\"--awb-bg-size:cover;--awb-width-large:33.333333333333%;--awb-margin-top-large:0px;--awb-spacing-right-large:5.76%;--awb-margin-bottom-large:20px;--awb-spacing-left-large:5.76%;--awb-width-medium:33.333333333333%;--awb-order-medium:0;--awb-spacing-right-medium:5.76%;--awb-spacing-left-medium:5.76%;--awb-width-small:100%;--awb-order-small:0;--awb-spacing-right-small:1.92%;--awb-spacing-left-small:1.92%;\"><div class=\"fusion-column-wrapper fusion-column-has-shadow fusion-flex-justify-content-flex-start fusion-content-layout-column\"><div class=\"fusion-image-element\" style=\"--awb-caption-title-font-family:var(--h2_typography-font-family);--awb-caption-title-font-weight:var(--h2_typography-font-weight);--awb-caption-title-font-style:var(--h2_typography-font-style);--awb-caption-title-size:var(--h2_typography-font-size);--awb-caption-title-transform:var(--h2_typography-text-transform);--awb-caption-title-line-height:var(--h2_typography-line-height);--awb-caption-title-letter-spacing:var(--h2_typography-letter-spacing);\"><span class=\"fusion-imageframe imageframe-none imageframe-3 hover-type-none\"><img decoding=\"async\" width=\"960\" height=\"914\" title=\"Leyairingen\" src=\"https:\/\/www.morningbreeze.se\/wp-content\/uploads\/2025\/02\/Leyairingen.jpg\" alt class=\"img-responsive wp-image-1655\" srcset=\"https:\/\/www.morningbreeze.se\/wp-content\/uploads\/2025\/02\/Leyairingen-200x190.jpg 200w, https:\/\/www.morningbreeze.se\/wp-content\/uploads\/2025\/02\/Leyairingen-400x381.jpg 400w, https:\/\/www.morningbreeze.se\/wp-content\/uploads\/2025\/02\/Leyairingen-600x571.jpg 600w, https:\/\/www.morningbreeze.se\/wp-content\/uploads\/2025\/02\/Leyairingen-800x762.jpg 800w, https:\/\/www.morningbreeze.se\/wp-content\/uploads\/2025\/02\/Leyairingen.jpg 960w\" sizes=\"(max-width: 640px) 100vw, 400px\" \/><\/span><\/div><div class=\"fusion-text fusion-text-3\"><p>Leya, SE UCH, NO UCH Morning Breeze My Dear Companion<\/p>\n<\/div><\/div><\/div><\/div><\/div>","protected":false},"excerpt":{"rendered":"","protected":false},"author":1,"featured_media":0,"parent":0,"menu_order":0,"comment_status":"closed","ping_status":"closed","template":"100-width.php","meta":{"footnotes":""},"class_list":["post-1654","page","type-page","status-publish","hentry"],"_links":{"self":[{"href":"https:\/\/www.morningbreeze.se\/en\/wp-json\/wp\/v2\/pages\/1654","targetHints":{"allow":["GET"]}}],"collection":[{"href":"https:\/\/www.morningbreeze.se\/en\/wp-json\/wp\/v2\/pages"}],"about":[{"href":"https:\/\/www.morningbreeze.se\/en\/wp-json\/wp\/v2\/types\/page"}],"author":[{"embeddable":true,"href":"https:\/\/www.morningbreeze.se\/en\/wp-json\/wp\/v2\/users\/1"}],"replies":[{"embeddable":true,"href":"https:\/\/www.morningbreeze.se\/en\/wp-json\/wp\/v2\/comments?post=1654"}],"version-history":[{"count":4,"href":"https:\/\/www.morningbreeze.se\/en\/wp-json\/wp\/v2\/pages\/1654\/revisions"}],"predecessor-version":[{"id":1660,"href":"https:\/\/www.morningbreeze.se\/en\/wp-json\/wp\/v2\/pages\/1654\/revisions\/1660"}],"wp:attachment":[{"href":"https:\/\/www.morningbreeze.se\/en\/wp-json\/wp\/v2\/media?parent=1654"}],"curies":[{"name":"wp","href":"https:\/\/api.w.org\/{rel}","templated":true}]}}