{"id":1524,"date":"2024-07-24T13:49:44","date_gmt":"2024-07-24T11:49:44","guid":{"rendered":"https:\/\/www.morningbreeze.se\/?page_id=1524"},"modified":"2025-11-15T12:26:08","modified_gmt":"2025-11-15T11:26:08","slug":"sophia","status":"publish","type":"page","link":"https:\/\/www.morningbreeze.se\/en\/sophia\/","title":{"rendered":"Sophia"},"content":{"rendered":"<div class=\"fusion-fullwidth fullwidth-box fusion-builder-row-1 fusion-flex-container has-pattern-background has-mask-background nonhundred-percent-fullwidth non-hundred-percent-height-scrolling\" style=\"--awb-border-radius-top-left:0px;--awb-border-radius-top-right:0px;--awb-border-radius-bottom-right:0px;--awb-border-radius-bottom-left:0px;--awb-flex-wrap:wrap;\" ><div class=\"fusion-builder-row fusion-row fusion-flex-align-items-flex-start fusion-flex-content-wrap\" style=\"max-width:1248px;margin-left: calc(-4% \/ 2 );margin-right: calc(-4% \/ 2 );\"><div class=\"fusion-layout-column fusion_builder_column fusion-builder-column-0 fusion_builder_column_1_3 1_3 fusion-flex-column\" style=\"--awb-bg-size:cover;--awb-width-large:33.333333333333%;--awb-margin-top-large:0px;--awb-spacing-right-large:5.76%;--awb-margin-bottom-large:20px;--awb-spacing-left-large:5.76%;--awb-width-medium:33.333333333333%;--awb-order-medium:0;--awb-spacing-right-medium:5.76%;--awb-spacing-left-medium:5.76%;--awb-width-small:100%;--awb-order-small:0;--awb-spacing-right-small:1.92%;--awb-spacing-left-small:1.92%;\"><div class=\"fusion-column-wrapper fusion-column-has-shadow fusion-flex-justify-content-flex-start fusion-content-layout-column\"><div class=\"fusion-text fusion-text-1\"><p>Sophia, Morning Breeze Bye Bye Baby, Best In Show Puppy-3 Stockholms Kennelklubbs Internationella utst\u00e4llning, juli 2024<\/p>\n<\/div><div class=\"fusion-image-element\" style=\"--awb-caption-title-font-family:var(--h2_typography-font-family);--awb-caption-title-font-weight:var(--h2_typography-font-weight);--awb-caption-title-font-style:var(--h2_typography-font-style);--awb-caption-title-size:var(--h2_typography-font-size);--awb-caption-title-transform:var(--h2_typography-text-transform);--awb-caption-title-line-height:var(--h2_typography-line-height);--awb-caption-title-letter-spacing:var(--h2_typography-letter-spacing);\"><span class=\"fusion-imageframe imageframe-none imageframe-1 hover-type-none\"><img decoding=\"async\" width=\"1178\" height=\"1572\" title=\"sophia bis3 (1)\" src=\"https:\/\/www.morningbreeze.se\/wp-content\/uploads\/2024\/07\/sophia-bis3-1.jpg\" alt class=\"img-responsive wp-image-1525\" srcset=\"https:\/\/www.morningbreeze.se\/wp-content\/uploads\/2024\/07\/sophia-bis3-1-200x267.jpg 200w, https:\/\/www.morningbreeze.se\/wp-content\/uploads\/2024\/07\/sophia-bis3-1-400x534.jpg 400w, https:\/\/www.morningbreeze.se\/wp-content\/uploads\/2024\/07\/sophia-bis3-1-600x801.jpg 600w, https:\/\/www.morningbreeze.se\/wp-content\/uploads\/2024\/07\/sophia-bis3-1-800x1068.jpg 800w, https:\/\/www.morningbreeze.se\/wp-content\/uploads\/2024\/07\/sophia-bis3-1.jpg 1178w\" sizes=\"(max-width: 640px) 100vw, 400px\" \/><\/span><\/div><div class=\"fusion-video fusion-youtube\" style=\"--awb-max-width:600px;--awb-max-height:360px;\"><div class=\"video-shortcode\"><div class=\"fluid-width-video-wrapper\" style=\"padding-top:60%;\" ><iframe title=\"YouTube video player 1\" src=\"https:\/\/www.youtube.com\/embed\/xx1fJ01PudM?wmode=transparent&autoplay=0\" width=\"600\" height=\"360\" allowfullscreen allow=\"autoplay; clipboard-write; encrypted-media; gyroscope; picture-in-picture;\"><\/iframe><\/div><\/div><\/div><div class=\"fusion-text fusion-text-2\"><p>Sophia, Morning Breeze Bye Bye Baby, blir B\u00e4st i Rasen (BIR) p\u00e5 Danska kennelklubbens Internationella utst\u00e4llning i Roskilde i september 2025.<\/p>\n<\/div><div class=\"fusion-image-element\" style=\"--awb-caption-title-font-family:var(--h2_typography-font-family);--awb-caption-title-font-weight:var(--h2_typography-font-weight);--awb-caption-title-font-style:var(--h2_typography-font-style);--awb-caption-title-size:var(--h2_typography-font-size);--awb-caption-title-transform:var(--h2_typography-text-transform);--awb-caption-title-line-height:var(--h2_typography-line-height);--awb-caption-title-letter-spacing:var(--h2_typography-letter-spacing);\"><span class=\"fusion-imageframe imageframe-none imageframe-2 hover-type-none\"><img decoding=\"async\" width=\"1920\" height=\"2041\" title=\"Sophia bosroskilde\" src=\"https:\/\/www.morningbreeze.se\/wp-content\/uploads\/2025\/11\/Sophia-bosroskilde.jpg\" alt class=\"img-responsive wp-image-1714\" srcset=\"https:\/\/www.morningbreeze.se\/wp-content\/uploads\/2025\/11\/Sophia-bosroskilde-200x213.jpg 200w, https:\/\/www.morningbreeze.se\/wp-content\/uploads\/2025\/11\/Sophia-bosroskilde-400x425.jpg 400w, https:\/\/www.morningbreeze.se\/wp-content\/uploads\/2025\/11\/Sophia-bosroskilde-600x638.jpg 600w, https:\/\/www.morningbreeze.se\/wp-content\/uploads\/2025\/11\/Sophia-bosroskilde-800x850.jpg 800w, https:\/\/www.morningbreeze.se\/wp-content\/uploads\/2025\/11\/Sophia-bosroskilde-1200x1276.jpg 1200w, https:\/\/www.morningbreeze.se\/wp-content\/uploads\/2025\/11\/Sophia-bosroskilde.jpg 1920w\" sizes=\"(max-width: 640px) 100vw, 400px\" \/><\/span><\/div><\/div><\/div><div class=\"fusion-layout-column fusion_builder_column fusion-builder-column-1 fusion_builder_column_1_3 1_3 fusion-flex-column\" style=\"--awb-bg-size:cover;--awb-width-large:33.333333333333%;--awb-margin-top-large:0px;--awb-spacing-right-large:5.76%;--awb-margin-bottom-large:20px;--awb-spacing-left-large:5.76%;--awb-width-medium:33.333333333333%;--awb-order-medium:0;--awb-spacing-right-medium:5.76%;--awb-spacing-left-medium:5.76%;--awb-width-small:100%;--awb-order-small:0;--awb-spacing-right-small:1.92%;--awb-spacing-left-small:1.92%;\"><div class=\"fusion-column-wrapper fusion-column-has-shadow fusion-flex-justify-content-flex-start fusion-content-layout-column\"><div class=\"fusion-text fusion-text-3\"><p>Sophia, Morning Breeze Bye Bye Baby, Best In Show Puppy vid Svenska Pudelklubbens nationella utst\u00e4llning i juli 2024<\/p>\n<\/div><div class=\"fusion-image-element\" style=\"--awb-caption-title-font-family:var(--h2_typography-font-family);--awb-caption-title-font-weight:var(--h2_typography-font-weight);--awb-caption-title-font-style:var(--h2_typography-font-style);--awb-caption-title-size:var(--h2_typography-font-size);--awb-caption-title-transform:var(--h2_typography-text-transform);--awb-caption-title-line-height:var(--h2_typography-line-height);--awb-caption-title-letter-spacing:var(--h2_typography-letter-spacing);\"><span class=\"fusion-imageframe imageframe-none imageframe-3 hover-type-none\"><img decoding=\"async\" width=\"1920\" height=\"2295\" title=\"sophia biss (1)\" src=\"https:\/\/www.morningbreeze.se\/wp-content\/uploads\/2024\/07\/sophia-biss-1.jpg\" alt class=\"img-responsive wp-image-1526\" srcset=\"https:\/\/www.morningbreeze.se\/wp-content\/uploads\/2024\/07\/sophia-biss-1-200x239.jpg 200w, https:\/\/www.morningbreeze.se\/wp-content\/uploads\/2024\/07\/sophia-biss-1-400x478.jpg 400w, https:\/\/www.morningbreeze.se\/wp-content\/uploads\/2024\/07\/sophia-biss-1-600x717.jpg 600w, https:\/\/www.morningbreeze.se\/wp-content\/uploads\/2024\/07\/sophia-biss-1-800x956.jpg 800w, https:\/\/www.morningbreeze.se\/wp-content\/uploads\/2024\/07\/sophia-biss-1-1200x1434.jpg 1200w, https:\/\/www.morningbreeze.se\/wp-content\/uploads\/2024\/07\/sophia-biss-1.jpg 1920w\" sizes=\"(max-width: 640px) 100vw, 400px\" \/><\/span><\/div><\/div><\/div><div class=\"fusion-layout-column fusion_builder_column fusion-builder-column-2 fusion_builder_column_1_3 1_3 fusion-flex-column\" style=\"--awb-bg-size:cover;--awb-width-large:33.333333333333%;--awb-margin-top-large:0px;--awb-spacing-right-large:5.76%;--awb-margin-bottom-large:20px;--awb-spacing-left-large:5.76%;--awb-width-medium:33.333333333333%;--awb-order-medium:0;--awb-spacing-right-medium:5.76%;--awb-spacing-left-medium:5.76%;--awb-width-small:100%;--awb-order-small:0;--awb-spacing-right-small:1.92%;--awb-spacing-left-small:1.92%;\"><div class=\"fusion-column-wrapper fusion-column-has-shadow fusion-flex-justify-content-flex-start fusion-content-layout-column\"><div class=\"fusion-text fusion-text-4\"><p style=\"text-align: center;\"><em><strong>Sophia<\/strong><\/em><\/p>\n<p style=\"text-align: center;\"><em><strong>Morning Breeze Bye Bye Baby <\/strong><\/em><\/p>\n<p style=\"text-align: center;\">F\u00f6r\u00e4ldrar: <strong>Pappa:<\/strong> Morning Breeze Something Special och <strong>Mamma:<\/strong> Morning Breeze Barbara Allen<\/p>\n<p style=\"text-align: center;\">Sophia \u00e4r en superelegant tik med mycket attityd. Hon \u00e4r kort och h\u00f6g med riktigt svart h\u00e4rlig p\u00e4ls, ett \u00e4delt huvud med sm\u00e5 m\u00f6rka mandelformade \u00f6gon. Sophia har fantastiska r\u00f6relser och verkligt drive i steget.<\/p>\n<\/div><\/div><\/div><\/div><\/div>","protected":false},"excerpt":{"rendered":"","protected":false},"author":1,"featured_media":0,"parent":0,"menu_order":0,"comment_status":"closed","ping_status":"closed","template":"100-width.php","meta":{"footnotes":""},"class_list":["post-1524","page","type-page","status-publish","hentry"],"_links":{"self":[{"href":"https:\/\/www.morningbreeze.se\/en\/wp-json\/wp\/v2\/pages\/1524","targetHints":{"allow":["GET"]}}],"collection":[{"href":"https:\/\/www.morningbreeze.se\/en\/wp-json\/wp\/v2\/pages"}],"about":[{"href":"https:\/\/www.morningbreeze.se\/en\/wp-json\/wp\/v2\/types\/page"}],"author":[{"embeddable":true,"href":"https:\/\/www.morningbreeze.se\/en\/wp-json\/wp\/v2\/users\/1"}],"replies":[{"embeddable":true,"href":"https:\/\/www.morningbreeze.se\/en\/wp-json\/wp\/v2\/comments?post=1524"}],"version-history":[{"count":8,"href":"https:\/\/www.morningbreeze.se\/en\/wp-json\/wp\/v2\/pages\/1524\/revisions"}],"predecessor-version":[{"id":1715,"href":"https:\/\/www.morningbreeze.se\/en\/wp-json\/wp\/v2\/pages\/1524\/revisions\/1715"}],"wp:attachment":[{"href":"https:\/\/www.morningbreeze.se\/en\/wp-json\/wp\/v2\/media?parent=1524"}],"curies":[{"name":"wp","href":"https:\/\/api.w.org\/{rel}","templated":true}]}}