{"id":1404,"date":"2024-01-15T20:16:37","date_gmt":"2024-01-15T19:16:37","guid":{"rendered":"https:\/\/www.morningbreeze.se\/?page_id=1404"},"modified":"2024-01-21T20:32:03","modified_gmt":"2024-01-21T19:32:03","slug":"vara-pekingeser","status":"publish","type":"page","link":"https:\/\/www.morningbreeze.se\/en\/vara-pekingeser\/","title":{"rendered":"V\u00e5ra pekingeser"},"content":{"rendered":"<div class=\"fusion-fullwidth fullwidth-box fusion-builder-row-1 fusion-flex-container has-pattern-background has-mask-background nonhundred-percent-fullwidth non-hundred-percent-height-scrolling\" style=\"--awb-border-radius-top-left:0px;--awb-border-radius-top-right:0px;--awb-border-radius-bottom-right:0px;--awb-border-radius-bottom-left:0px;--awb-flex-wrap:wrap;\" ><div class=\"fusion-builder-row fusion-row fusion-flex-align-items-flex-start fusion-flex-content-wrap\" style=\"max-width:1248px;margin-left: calc(-4% \/ 2 );margin-right: calc(-4% \/ 2 );\"><div class=\"fusion-layout-column fusion_builder_column fusion-builder-column-0 fusion_builder_column_1_2 1_2 fusion-flex-column\" style=\"--awb-bg-size:cover;--awb-width-large:50%;--awb-margin-top-large:0px;--awb-spacing-right-large:3.84%;--awb-margin-bottom-large:20px;--awb-spacing-left-large:3.84%;--awb-width-medium:50%;--awb-order-medium:0;--awb-spacing-right-medium:3.84%;--awb-spacing-left-medium:3.84%;--awb-width-small:100%;--awb-order-small:0;--awb-spacing-right-small:1.92%;--awb-spacing-left-small:1.92%;\"><div class=\"fusion-column-wrapper fusion-column-has-shadow fusion-flex-justify-content-flex-start fusion-content-layout-column\"><div class=\"fusion-text fusion-text-1\"><p>Vi f\u00f6der \u00e4ven upp pekingeser. En fascinerande ras, en av v\u00e4rldens \u00e4ldsta hundraser, \u00f6ver 4000 \u00e5r gammal. V\u00e5ra tre pekingeser kommer fr\u00e5n ledande uppf\u00f6dare av pekingese och blodlinjerna fr\u00e5n de mest erk\u00e4nda uppf\u00f6darna i v\u00e4rlden. V\u00e5ra pekingeser \u00e4r fantastiskt k\u00e4rv\u00e4nliga och v\u00e4ldigt trevliga s\u00e4llskapshundar, de \u00e4r lekfulla och mycket intelligenta. V\u00e5ra mentorer p\u00e5 pekinges \u00e4r de k\u00e4nda uppf\u00f6darna Henrik Johansson och Lars Andersson, Henrikvilles kennel. H\u00e4r kan du l\u00e4sa mer om <a href=\"https:\/\/www.morningbreeze.se\/en\/pekingesehistoria\/\">pekingesens historia<\/a><\/p>\n<\/div><div class=\"fusion-image-element\" style=\"--awb-caption-title-font-family:var(--h2_typography-font-family);--awb-caption-title-font-weight:var(--h2_typography-font-weight);--awb-caption-title-font-style:var(--h2_typography-font-style);--awb-caption-title-size:var(--h2_typography-font-size);--awb-caption-title-transform:var(--h2_typography-text-transform);--awb-caption-title-line-height:var(--h2_typography-line-height);--awb-caption-title-letter-spacing:var(--h2_typography-letter-spacing);\"><span class=\"fusion-imageframe imageframe-none imageframe-1 hover-type-none\"><img decoding=\"async\" width=\"332\" height=\"152\" title=\"kina\" src=\"https:\/\/www.morningbreeze.se\/wp-content\/uploads\/2024\/01\/kina.jpeg\" alt class=\"img-responsive wp-image-1345\" srcset=\"https:\/\/www.morningbreeze.se\/wp-content\/uploads\/2024\/01\/kina-200x92.jpeg 200w, https:\/\/www.morningbreeze.se\/wp-content\/uploads\/2024\/01\/kina.jpeg 332w\" sizes=\"(max-width: 640px) 100vw, 332px\" \/><\/span><\/div><\/div><\/div><div class=\"fusion-layout-column fusion_builder_column fusion-builder-column-1 fusion_builder_column_1_6 1_6 fusion-flex-column\" style=\"--awb-bg-size:cover;--awb-width-large:16.666666666667%;--awb-margin-top-large:0px;--awb-spacing-right-large:11.52%;--awb-margin-bottom-large:20px;--awb-spacing-left-large:11.52%;--awb-width-medium:16.666666666667%;--awb-order-medium:0;--awb-spacing-right-medium:11.52%;--awb-spacing-left-medium:11.52%;--awb-width-small:100%;--awb-order-small:0;--awb-spacing-right-small:1.92%;--awb-spacing-left-small:1.92%;\"><div class=\"fusion-column-wrapper fusion-column-has-shadow fusion-flex-justify-content-flex-start fusion-content-layout-column\"><div class=\"fusion-image-element\" style=\"--awb-caption-title-font-family:var(--h2_typography-font-family);--awb-caption-title-font-weight:var(--h2_typography-font-weight);--awb-caption-title-font-style:var(--h2_typography-font-style);--awb-caption-title-size:var(--h2_typography-font-size);--awb-caption-title-transform:var(--h2_typography-text-transform);--awb-caption-title-line-height:var(--h2_typography-line-height);--awb-caption-title-letter-spacing:var(--h2_typography-letter-spacing);\"><span class=\"fusion-imageframe imageframe-none imageframe-2 hover-type-none\"><a class=\"fusion-no-lightbox\" href=\"https:\/\/www.morningbreeze.se\/en\/pekingesehistoria\/marcello\/\" target=\"_self\" aria-label=\"marcello uttryckIMG_6963\"><img decoding=\"async\" width=\"1920\" height=\"2231\" src=\"https:\/\/www.morningbreeze.se\/wp-content\/uploads\/2023\/11\/marcello-uttryckIMG_6963.jpg\" alt class=\"img-responsive wp-image-1255\" srcset=\"https:\/\/www.morningbreeze.se\/wp-content\/uploads\/2023\/11\/marcello-uttryckIMG_6963-200x232.jpg 200w, https:\/\/www.morningbreeze.se\/wp-content\/uploads\/2023\/11\/marcello-uttryckIMG_6963-400x465.jpg 400w, https:\/\/www.morningbreeze.se\/wp-content\/uploads\/2023\/11\/marcello-uttryckIMG_6963-600x697.jpg 600w, https:\/\/www.morningbreeze.se\/wp-content\/uploads\/2023\/11\/marcello-uttryckIMG_6963-800x930.jpg 800w, https:\/\/www.morningbreeze.se\/wp-content\/uploads\/2023\/11\/marcello-uttryckIMG_6963-1200x1394.jpg 1200w, https:\/\/www.morningbreeze.se\/wp-content\/uploads\/2023\/11\/marcello-uttryckIMG_6963.jpg 1920w\" sizes=\"(max-width: 640px) 100vw, 200px\" \/><\/a><\/span><\/div><div class=\"fusion-text fusion-text-2\"><p>Marcello, Svensk champion Small Is Beautiful&#8217;s Mad Hatter<\/p>\n<\/div><\/div><\/div><div class=\"fusion-layout-column fusion_builder_column fusion-builder-column-2 fusion_builder_column_1_6 1_6 fusion-flex-column\" style=\"--awb-bg-size:cover;--awb-width-large:16.666666666667%;--awb-margin-top-large:0px;--awb-spacing-right-large:11.52%;--awb-margin-bottom-large:20px;--awb-spacing-left-large:11.52%;--awb-width-medium:16.666666666667%;--awb-order-medium:0;--awb-spacing-right-medium:11.52%;--awb-spacing-left-medium:11.52%;--awb-width-small:100%;--awb-order-small:0;--awb-spacing-right-small:1.92%;--awb-spacing-left-small:1.92%;\"><div class=\"fusion-column-wrapper fusion-column-has-shadow fusion-flex-justify-content-flex-start fusion-content-layout-column\"><div class=\"fusion-image-element\" style=\"--awb-caption-title-font-family:var(--h2_typography-font-family);--awb-caption-title-font-weight:var(--h2_typography-font-weight);--awb-caption-title-font-style:var(--h2_typography-font-style);--awb-caption-title-size:var(--h2_typography-font-size);--awb-caption-title-transform:var(--h2_typography-text-transform);--awb-caption-title-line-height:var(--h2_typography-line-height);--awb-caption-title-letter-spacing:var(--h2_typography-letter-spacing);\"><span class=\"fusion-imageframe imageframe-none imageframe-3 hover-type-none\"><a class=\"fusion-no-lightbox\" href=\"https:\/\/www.morningbreeze.se\/en\/pekingesehistoria\/desiree\/\" target=\"_self\" aria-label=\"Dessansundsvall\"><img decoding=\"async\" width=\"768\" height=\"1024\" src=\"https:\/\/www.morningbreeze.se\/wp-content\/uploads\/2023\/11\/Dessansundsvall.jpg\" alt class=\"img-responsive wp-image-1235\" srcset=\"https:\/\/www.morningbreeze.se\/wp-content\/uploads\/2023\/11\/Dessansundsvall-200x267.jpg 200w, https:\/\/www.morningbreeze.se\/wp-content\/uploads\/2023\/11\/Dessansundsvall-400x533.jpg 400w, https:\/\/www.morningbreeze.se\/wp-content\/uploads\/2023\/11\/Dessansundsvall-600x800.jpg 600w, https:\/\/www.morningbreeze.se\/wp-content\/uploads\/2023\/11\/Dessansundsvall.jpg 768w\" sizes=\"(max-width: 640px) 100vw, 200px\" \/><\/a><\/span><\/div><div class=\"fusion-text fusion-text-3\"><p>Desir\u00e9e, Svensk Juniorvinnare-22 Henrikville Top Notch<\/p>\n<\/div><\/div><\/div><div class=\"fusion-layout-column fusion_builder_column fusion-builder-column-3 fusion_builder_column_1_6 1_6 fusion-flex-column\" style=\"--awb-bg-size:cover;--awb-width-large:16.666666666667%;--awb-margin-top-large:0px;--awb-spacing-right-large:11.52%;--awb-margin-bottom-large:20px;--awb-spacing-left-large:11.52%;--awb-width-medium:16.666666666667%;--awb-order-medium:0;--awb-spacing-right-medium:11.52%;--awb-spacing-left-medium:11.52%;--awb-width-small:100%;--awb-order-small:0;--awb-spacing-right-small:1.92%;--awb-spacing-left-small:1.92%;\"><div class=\"fusion-column-wrapper fusion-column-has-shadow fusion-flex-justify-content-flex-start fusion-content-layout-column\"><div class=\"fusion-image-element\" style=\"--awb-caption-title-font-family:var(--h2_typography-font-family);--awb-caption-title-font-weight:var(--h2_typography-font-weight);--awb-caption-title-font-style:var(--h2_typography-font-style);--awb-caption-title-size:var(--h2_typography-font-size);--awb-caption-title-transform:var(--h2_typography-text-transform);--awb-caption-title-line-height:var(--h2_typography-line-height);--awb-caption-title-letter-spacing:var(--h2_typography-letter-spacing);\"><span class=\"fusion-imageframe imageframe-none imageframe-4 hover-type-none\"><a class=\"fusion-no-lightbox\" href=\"https:\/\/www.morningbreeze.se\/en\/pekingesehistoria\/vera\/\" target=\"_self\" aria-label=\"vera2\"><img decoding=\"async\" width=\"1640\" height=\"2048\" src=\"https:\/\/www.morningbreeze.se\/wp-content\/uploads\/2023\/11\/vera2.jpg\" alt class=\"img-responsive wp-image-1245\" srcset=\"https:\/\/www.morningbreeze.se\/wp-content\/uploads\/2023\/11\/vera2-200x250.jpg 200w, https:\/\/www.morningbreeze.se\/wp-content\/uploads\/2023\/11\/vera2-400x500.jpg 400w, https:\/\/www.morningbreeze.se\/wp-content\/uploads\/2023\/11\/vera2-600x749.jpg 600w, https:\/\/www.morningbreeze.se\/wp-content\/uploads\/2023\/11\/vera2-800x999.jpg 800w, https:\/\/www.morningbreeze.se\/wp-content\/uploads\/2023\/11\/vera2-1200x1499.jpg 1200w, https:\/\/www.morningbreeze.se\/wp-content\/uploads\/2023\/11\/vera2.jpg 1640w\" sizes=\"(max-width: 640px) 100vw, 200px\" \/><\/a><\/span><\/div><div class=\"fusion-text fusion-text-4\"><p>Vera, Small Is Beautiful&#8217;s Copper Boom<\/p>\n<\/div><\/div><\/div><\/div><\/div>","protected":false},"excerpt":{"rendered":"","protected":false},"author":1,"featured_media":0,"parent":0,"menu_order":0,"comment_status":"closed","ping_status":"closed","template":"100-width.php","meta":{"footnotes":""},"class_list":["post-1404","page","type-page","status-publish","hentry"],"_links":{"self":[{"href":"https:\/\/www.morningbreeze.se\/en\/wp-json\/wp\/v2\/pages\/1404","targetHints":{"allow":["GET"]}}],"collection":[{"href":"https:\/\/www.morningbreeze.se\/en\/wp-json\/wp\/v2\/pages"}],"about":[{"href":"https:\/\/www.morningbreeze.se\/en\/wp-json\/wp\/v2\/types\/page"}],"author":[{"embeddable":true,"href":"https:\/\/www.morningbreeze.se\/en\/wp-json\/wp\/v2\/users\/1"}],"replies":[{"embeddable":true,"href":"https:\/\/www.morningbreeze.se\/en\/wp-json\/wp\/v2\/comments?post=1404"}],"version-history":[{"count":9,"href":"https:\/\/www.morningbreeze.se\/en\/wp-json\/wp\/v2\/pages\/1404\/revisions"}],"predecessor-version":[{"id":1442,"href":"https:\/\/www.morningbreeze.se\/en\/wp-json\/wp\/v2\/pages\/1404\/revisions\/1442"}],"wp:attachment":[{"href":"https:\/\/www.morningbreeze.se\/en\/wp-json\/wp\/v2\/media?parent=1404"}],"curies":[{"name":"wp","href":"https:\/\/api.w.org\/{rel}","templated":true}]}}