{"id":134,"date":"2023-05-22T23:53:45","date_gmt":"2023-05-22T21:53:45","guid":{"rendered":"https:\/\/www.morningbreeze.se\/?page_id=134"},"modified":"2023-05-29T14:07:12","modified_gmt":"2023-05-29T12:07:12","slug":"didi","status":"publish","type":"page","link":"https:\/\/www.morningbreeze.se\/en\/didi\/","title":{"rendered":"Didi"},"content":{"rendered":"<p><div class=\"fusion-fullwidth fullwidth-box fusion-builder-row-1 fusion-flex-container has-pattern-background has-mask-background nonhundred-percent-fullwidth non-hundred-percent-height-scrolling\" style=\"--awb-border-radius-top-left:0px;--awb-border-radius-top-right:0px;--awb-border-radius-bottom-right:0px;--awb-border-radius-bottom-left:0px;--awb-flex-wrap:wrap;\" ><div class=\"fusion-builder-row fusion-row fusion-flex-align-items-flex-start fusion-flex-content-wrap\" style=\"max-width:1248px;margin-left: calc(-4% \/ 2 );margin-right: calc(-4% \/ 2 );\"><div class=\"fusion-layout-column fusion_builder_column fusion-builder-column-0 fusion_builder_column_1_2 1_2 fusion-flex-column\" style=\"--awb-bg-size:cover;--awb-width-large:50%;--awb-margin-top-large:0px;--awb-spacing-right-large:3.84%;--awb-margin-bottom-large:20px;--awb-spacing-left-large:3.84%;--awb-width-medium:50%;--awb-order-medium:0;--awb-spacing-right-medium:3.84%;--awb-spacing-left-medium:3.84%;--awb-width-small:100%;--awb-order-small:0;--awb-spacing-right-small:1.92%;--awb-spacing-left-small:1.92%;\"><div class=\"fusion-column-wrapper fusion-column-has-shadow fusion-flex-justify-content-flex-start fusion-content-layout-column\"><div class=\"fusion-image-element\" style=\"--awb-caption-title-font-family:var(--h2_typography-font-family);--awb-caption-title-font-weight:var(--h2_typography-font-weight);--awb-caption-title-font-style:var(--h2_typography-font-style);--awb-caption-title-size:var(--h2_typography-font-size);--awb-caption-title-transform:var(--h2_typography-text-transform);--awb-caption-title-line-height:var(--h2_typography-line-height);--awb-caption-title-letter-spacing:var(--h2_typography-letter-spacing);\"><span class=\"fusion-imageframe imageframe-none imageframe-1 hover-type-none\"><a href=\"https:\/\/www.morningbreeze.se\/wp-content\/uploads\/2023\/05\/didi-med-cert-koping.jpg\" class=\"fusion-lightbox\" data-rel=\"iLightbox[5f71276df1ce81e455e]\"><img decoding=\"async\" width=\"1280\" height=\"1134\" alt=\"Didi \u201dBebellas Lady Chanel\u201d\" src=\"https:\/\/www.morningbreeze.se\/wp-content\/uploads\/2023\/05\/didi-med-cert-koping.jpg\" class=\"img-responsive wp-image-148\" srcset=\"https:\/\/www.morningbreeze.se\/wp-content\/uploads\/2023\/05\/didi-med-cert-koping-200x177.jpg 200w, https:\/\/www.morningbreeze.se\/wp-content\/uploads\/2023\/05\/didi-med-cert-koping-400x354.jpg 400w, https:\/\/www.morningbreeze.se\/wp-content\/uploads\/2023\/05\/didi-med-cert-koping-600x532.jpg 600w, https:\/\/www.morningbreeze.se\/wp-content\/uploads\/2023\/05\/didi-med-cert-koping-800x709.jpg 800w, https:\/\/www.morningbreeze.se\/wp-content\/uploads\/2023\/05\/didi-med-cert-koping-1200x1063.jpg 1200w, https:\/\/www.morningbreeze.se\/wp-content\/uploads\/2023\/05\/didi-med-cert-koping.jpg 1280w\" sizes=\"(max-width: 640px) 100vw, 600px\" \/><\/a><\/span><\/div><\/div><\/div><div class=\"fusion-layout-column fusion_builder_column fusion-builder-column-1 fusion_builder_column_1_2 1_2 fusion-flex-column\" style=\"--awb-padding-top:30px;--awb-padding-top-small:0px;--awb-bg-size:cover;--awb-width-large:50%;--awb-margin-top-large:0px;--awb-spacing-right-large:3.84%;--awb-margin-bottom-large:20px;--awb-spacing-left-large:3.84%;--awb-width-medium:50%;--awb-order-medium:0;--awb-spacing-right-medium:3.84%;--awb-spacing-left-medium:3.84%;--awb-width-small:100%;--awb-order-small:0;--awb-spacing-right-small:1.92%;--awb-spacing-left-small:1.92%;\" data-scroll-devices=\"small-visibility,medium-visibility,large-visibility\"><div class=\"fusion-column-wrapper fusion-column-has-shadow fusion-flex-justify-content-flex-start fusion-content-layout-column\"><div class=\"fusion-title title fusion-title-1 fusion-sep-none fusion-title-center fusion-title-text fusion-title-size-two\"><h2 class=\"fusion-title-heading title-heading-center\" style=\"margin:0;\">Didi &#8221;Bebellas Lady Chanel&#8221;<\/h2><\/div><div class=\"fusion-text fusion-text-1\"><p>C.I.B, Nordic Champion, SE UCH, FI UCH, DK UCH, GI CH, SE JV-15, Vice WJW -15, TLNJW -15 &#8221;Bebella&#8217;s Lady Chanel&#8221; (Didi), \u00e4r en import fr\u00e5n Bebella&#8217;s kennel i Finland. Uppf\u00f6dare Virpi Luukkonen.<\/p>\n<p>Didi \u00e4r en elegant tik med mycket stil och resning, otroligt k\u00e4rleksfull, intelligent och intensiv svart toypudel med mycket showtemperament. Didis far \u00e4r: C.I.B, FI CH, EE CH, LT CH, RU CH, EE JCH, RKFV, Vice WW -14, EE JW-13, EEW -13, EU JW -13, TLNW -14, EEW -14, LTW -15 &#8221;Face to Face of Chanel Coco&#8221;. Mor C.I.B, FI CH, EE CH, LT JW -12, JWW-12, EE JW -12, BALTW -12 &#8221;Bebella&#8217;s Eternal Flame&#8221;.<\/p>\n<\/div><\/div><\/div><\/div><\/div><div class=\"fusion-fullwidth fullwidth-box fusion-builder-row-2 fusion-flex-container has-pattern-background has-mask-background nonhundred-percent-fullwidth non-hundred-percent-height-scrolling\" style=\"--awb-border-radius-top-left:0px;--awb-border-radius-top-right:0px;--awb-border-radius-bottom-right:0px;--awb-border-radius-bottom-left:0px;--awb-margin-top:30px;--awb-flex-wrap:wrap;\" ><div class=\"fusion-builder-row fusion-row fusion-flex-align-items-flex-start fusion-flex-content-wrap\" style=\"max-width:1248px;margin-left: calc(-4% \/ 2 );margin-right: calc(-4% \/ 2 );\"><div class=\"fusion-layout-column fusion_builder_column fusion-builder-column-2 fusion_builder_column_1_1 1_1 fusion-flex-column\" style=\"--awb-bg-size:cover;--awb-width-large:100%;--awb-margin-top-large:0px;--awb-spacing-right-large:1.92%;--awb-margin-bottom-large:20px;--awb-spacing-left-large:1.92%;--awb-width-medium:100%;--awb-order-medium:0;--awb-spacing-right-medium:1.92%;--awb-spacing-left-medium:1.92%;--awb-width-small:100%;--awb-order-small:0;--awb-spacing-right-small:1.92%;--awb-spacing-left-small:1.92%;\" data-scroll-devices=\"small-visibility,medium-visibility,large-visibility\"><div class=\"fusion-column-wrapper fusion-column-has-shadow fusion-flex-justify-content-space-evenly fusion-content-layout-column\"><div class=\"awb-gallery-wrapper awb-gallery-wrapper-1 button-span-no\" style=\"--more-btn-alignment:center;\"><div style=\"margin:-5px;--awb-bordersize:0px;\" class=\"fusion-gallery fusion-gallery-container fusion-grid-3 fusion-columns-total-16 fusion-gallery-layout-grid fusion-gallery-1\"><div style=\"padding:5px;\" class=\"fusion-grid-column fusion-gallery-column fusion-gallery-column-3 hover-type-none awb-imageframe-style awb-imageframe-style-below awb-imageframe-style-1\"><div class=\"fusion-gallery-image\"><a href=\"https:\/\/www.morningbreeze.se\/wp-content\/uploads\/2023\/05\/didi-gibraltar-champion.jpg\" rel=\"noreferrer\" data-rel=\"iLightbox[gallery_image_1]\" class=\"fusion-lightbox\" target=\"_self\"><img decoding=\"async\" src=\"https:\/\/www.morningbreeze.se\/wp-content\/uploads\/2023\/05\/didi-gibraltar-champion-460x295.jpg\" width=\"460\" height=\"295\" alt=\"Didi, Gibraltar Champion\" title=\"\" aria-label=\"\" class=\"img-responsive wp-image-137 fusion-gallery-image-size-fixed\"  \/><\/a><\/div><div class=\"awb-imageframe-caption-container\"><div class=\"awb-imageframe-caption\"><p class=\"awb-imageframe-caption-text\">Didi Gibraltar Champion<\/p><\/div><\/div><\/div><div style=\"padding:5px;\" class=\"fusion-grid-column fusion-gallery-column fusion-gallery-column-3 hover-type-none awb-imageframe-style awb-imageframe-style-below awb-imageframe-style-1\"><div class=\"fusion-gallery-image\"><a href=\"https:\/\/www.morningbreeze.se\/wp-content\/uploads\/2023\/05\/didi-trimbordet.jpg\" rel=\"noreferrer\" data-rel=\"iLightbox[gallery_image_1]\" class=\"fusion-lightbox\" target=\"_self\"><img decoding=\"async\" src=\"https:\/\/www.morningbreeze.se\/wp-content\/uploads\/2023\/05\/didi-trimbordet-460x295.jpg\" width=\"460\" height=\"295\" alt=\"V\u00e5ra hundar - Didi p\u00e5 trimbordet\" title=\"\" aria-label=\"\" class=\"img-responsive wp-image-140 fusion-gallery-image-size-fixed\"  \/><\/a><\/div><div class=\"awb-imageframe-caption-container\"><div class=\"awb-imageframe-caption\"><p class=\"awb-imageframe-caption-text\">Didi p\u00e5 trimbordet i juni 2015<\/p><\/div><\/div><\/div><div style=\"padding:5px;\" class=\"fusion-grid-column fusion-gallery-column fusion-gallery-column-3 hover-type-none awb-imageframe-style awb-imageframe-style-below awb-imageframe-style-1\"><div class=\"fusion-gallery-image\"><a href=\"https:\/\/www.morningbreeze.se\/wp-content\/uploads\/2023\/05\/didi-9man.jpg\" rel=\"noreferrer\" data-rel=\"iLightbox[gallery_image_1]\" class=\"fusion-lightbox\" target=\"_self\"><img decoding=\"async\" src=\"https:\/\/www.morningbreeze.se\/wp-content\/uploads\/2023\/05\/didi-9man-460x295.jpg\" width=\"460\" height=\"295\" alt=\"\" title=\"\" aria-label=\"\" class=\"img-responsive wp-image-142 fusion-gallery-image-size-fixed\"  \/><\/a><\/div><div class=\"awb-imageframe-caption-container\"><div class=\"awb-imageframe-caption\"><p class=\"awb-imageframe-caption-text\">Didi 9 m\u00e5nader, Svensk juniorvinnare 2015<\/p><\/div><\/div><\/div><div class=\"clearfix\"><\/div><div style=\"padding:5px;\" class=\"fusion-grid-column fusion-gallery-column fusion-gallery-column-3 hover-type-none awb-imageframe-style awb-imageframe-style-below awb-imageframe-style-1\"><div class=\"fusion-gallery-image\"><a href=\"https:\/\/www.morningbreeze.se\/wp-content\/uploads\/2023\/05\/didi-tallinn-april.jpg\" rel=\"noreferrer\" data-rel=\"iLightbox[gallery_image_1]\" class=\"fusion-lightbox\" target=\"_self\"><img decoding=\"async\" src=\"https:\/\/www.morningbreeze.se\/wp-content\/uploads\/2023\/05\/didi-tallinn-april-460x295.jpg\" width=\"460\" height=\"295\" alt=\"\" title=\"\" aria-label=\"\" class=\"img-responsive wp-image-144 fusion-gallery-image-size-fixed\"  \/><\/a><\/div><div class=\"awb-imageframe-caption-container\"><div class=\"awb-imageframe-caption\"><p class=\"awb-imageframe-caption-text\">Didi, Tallinn juniorvinnare 2015<\/p><\/div><\/div><\/div><div style=\"padding:5px;\" class=\"fusion-grid-column fusion-gallery-column fusion-gallery-column-3 hover-type-none awb-imageframe-style awb-imageframe-style-below awb-imageframe-style-1\"><div class=\"fusion-gallery-image\"><a href=\"https:\/\/www.morningbreeze.se\/wp-content\/uploads\/2023\/05\/didi-med-cert-koping.jpg\" rel=\"noreferrer\" data-rel=\"iLightbox[gallery_image_1]\" class=\"fusion-lightbox\" target=\"_self\"><img decoding=\"async\" src=\"https:\/\/www.morningbreeze.se\/wp-content\/uploads\/2023\/05\/didi-med-cert-koping-460x295.jpg\" width=\"460\" height=\"295\" alt=\"\" title=\"\" aria-label=\"\" class=\"img-responsive wp-image-148 fusion-gallery-image-size-fixed\"  \/><\/a><\/div><div class=\"awb-imageframe-caption-container\"><div class=\"awb-imageframe-caption\"><p class=\"awb-imageframe-caption-text\">Didi med Cert i K\u00f6ping juli 2015<\/p><\/div><\/div><\/div><div style=\"padding:5px;\" class=\"fusion-grid-column fusion-gallery-column fusion-gallery-column-3 hover-type-none awb-imageframe-style awb-imageframe-style-below awb-imageframe-style-1\"><div class=\"fusion-gallery-image\"><a href=\"https:\/\/www.morningbreeze.se\/wp-content\/uploads\/2023\/05\/didi-milano-world-dog-show.jpg\" rel=\"noreferrer\" data-rel=\"iLightbox[gallery_image_1]\" class=\"fusion-lightbox\" target=\"_self\"><img decoding=\"async\" src=\"https:\/\/www.morningbreeze.se\/wp-content\/uploads\/2023\/05\/didi-milano-world-dog-show-460x295.jpg\" width=\"460\" height=\"295\" alt=\"Didi milano world dog show\" title=\"\" aria-label=\"\" class=\"img-responsive wp-image-146 fusion-gallery-image-size-fixed\"  \/><\/a><\/div><div class=\"awb-imageframe-caption-container\"><div class=\"awb-imageframe-caption\"><p class=\"awb-imageframe-caption-text\">Milano World Dog Show juni 2015. Didi blir Vice World Junior Winner<\/p><\/div><\/div><\/div><div class=\"clearfix\"><\/div><div style=\"padding:5px;\" class=\"fusion-grid-column fusion-gallery-column fusion-gallery-column-3 hover-type-none awb-imageframe-style awb-imageframe-style-below awb-imageframe-style-1\"><div class=\"fusion-gallery-image\"><a href=\"https:\/\/www.morningbreeze.se\/wp-content\/uploads\/2023\/05\/didi-bim-cert-gotland.jpg\" rel=\"noreferrer\" data-rel=\"iLightbox[gallery_image_1]\" class=\"fusion-lightbox\" target=\"_self\"><img decoding=\"async\" src=\"https:\/\/www.morningbreeze.se\/wp-content\/uploads\/2023\/05\/didi-bim-cert-gotland-460x295.jpg\" width=\"460\" height=\"295\" alt=\"Didi p\u00e5 Gotland augusti 2015\" title=\"\" aria-label=\"\" class=\"img-responsive wp-image-152 fusion-gallery-image-size-fixed\"  \/><\/a><\/div><div class=\"awb-imageframe-caption-container\"><div class=\"awb-imageframe-caption\"><p class=\"awb-imageframe-caption-text\">Didi BIM med Cert p\u00e5 Gotland augusti 2015<\/p><\/div><\/div><\/div><div style=\"padding:5px;\" class=\"fusion-grid-column fusion-gallery-column fusion-gallery-column-3 hover-type-none awb-imageframe-style awb-imageframe-style-below awb-imageframe-style-1\"><div class=\"fusion-gallery-image\"><a href=\"https:\/\/www.morningbreeze.se\/wp-content\/uploads\/2023\/05\/didi-internationell-utstallning-tvaaker.jpg\" rel=\"noreferrer\" data-rel=\"iLightbox[gallery_image_1]\" class=\"fusion-lightbox\" target=\"_self\"><img decoding=\"async\" src=\"https:\/\/www.morningbreeze.se\/wp-content\/uploads\/2023\/05\/didi-internationell-utstallning-tvaaker-460x295.jpg\" width=\"460\" height=\"295\" alt=\"Internationell utst\u00e4llning Tv\u00e5\u00e5ker juni 2015\" title=\"\" aria-label=\"\" class=\"img-responsive wp-image-157 fusion-gallery-image-size-fixed\"  \/><\/a><\/div><div class=\"awb-imageframe-caption-container\"><div class=\"awb-imageframe-caption\"><p class=\"awb-imageframe-caption-text\">Didi, BIR med Cert Internationell utst\u00e4llning Tv\u00e5\u00e5ker, juli 2015<\/p><\/div><\/div><\/div><div style=\"padding:5px;\" class=\"fusion-grid-column fusion-gallery-column fusion-gallery-column-3 hover-type-none awb-imageframe-style awb-imageframe-style-below awb-imageframe-style-1\"><div class=\"fusion-gallery-image\"><a href=\"https:\/\/www.morningbreeze.se\/wp-content\/uploads\/2023\/05\/didi-internationell-utstallning-tvaaker_02.jpg\" rel=\"noreferrer\" data-rel=\"iLightbox[gallery_image_1]\" class=\"fusion-lightbox\" target=\"_self\"><img decoding=\"async\" src=\"https:\/\/www.morningbreeze.se\/wp-content\/uploads\/2023\/05\/didi-internationell-utstallning-tvaaker_02-460x295.jpg\" width=\"460\" height=\"295\" alt=\"\" title=\"\" aria-label=\"\" class=\"img-responsive wp-image-160 fusion-gallery-image-size-fixed\"  \/><\/a><\/div><div class=\"awb-imageframe-caption-container\"><div class=\"awb-imageframe-caption\"><p class=\"awb-imageframe-caption-text\">Didi, BIR med Cert Internationell utst\u00e4llning Tv\u00e5\u00e5ker, juli 2015<\/p><\/div><\/div><\/div><div class=\"clearfix\"><\/div><div style=\"padding:5px;\" class=\"fusion-grid-column fusion-gallery-column fusion-gallery-column-3 hover-type-none awb-imageframe-style awb-imageframe-style-below awb-imageframe-style-1\"><div class=\"fusion-gallery-image\"><a href=\"https:\/\/www.morningbreeze.se\/wp-content\/uploads\/2023\/05\/didi-big1-tvaaker.jpg\" rel=\"noreferrer\" data-rel=\"iLightbox[gallery_image_1]\" class=\"fusion-lightbox\" target=\"_self\"><img decoding=\"async\" src=\"https:\/\/www.morningbreeze.se\/wp-content\/uploads\/2023\/05\/didi-big1-tvaaker-460x295.jpg\" width=\"460\" height=\"295\" alt=\"Didi Tv\u00e5\u00e5ker juli 2015\" title=\"\" aria-label=\"\" class=\"img-responsive wp-image-175 fusion-gallery-image-size-fixed\"  \/><\/a><\/div><div class=\"awb-imageframe-caption-container\"><div class=\"awb-imageframe-caption\"><p class=\"awb-imageframe-caption-text\">Didi, BIG 1, Tv\u00e5\u00e5ker juli 2015, domare Ewa Nielsen<\/p><\/div><\/div><\/div><div style=\"padding:5px;\" class=\"fusion-grid-column fusion-gallery-column fusion-gallery-column-3 hover-type-none awb-imageframe-style awb-imageframe-style-below awb-imageframe-style-1\"><div class=\"fusion-gallery-image\"><a href=\"https:\/\/www.morningbreeze.se\/wp-content\/uploads\/2023\/05\/didi-7man-valputstallning.jpg\" rel=\"noreferrer\" data-rel=\"iLightbox[gallery_image_1]\" class=\"fusion-lightbox\" target=\"_self\"><img decoding=\"async\" src=\"https:\/\/www.morningbreeze.se\/wp-content\/uploads\/2023\/05\/didi-7man-valputstallning-460x295.jpg\" width=\"460\" height=\"295\" alt=\"\" title=\"\" aria-label=\"\" class=\"img-responsive wp-image-177 fusion-gallery-image-size-fixed\"  \/><\/a><\/div><div class=\"awb-imageframe-caption-container\"><div class=\"awb-imageframe-caption\"><p class=\"awb-imageframe-caption-text\">Didi 7 m\u00e5n p\u00e5 valputst\u00e4llning. BIG 1 av 341 valpar och slutade som BIS 4 valp.<\/p><\/div><\/div><\/div><div style=\"padding:5px;\" class=\"fusion-grid-column fusion-gallery-column fusion-gallery-column-3 hover-type-none awb-imageframe-style awb-imageframe-style-below awb-imageframe-style-1\"><div class=\"fusion-gallery-image\"><a href=\"https:\/\/www.morningbreeze.se\/wp-content\/uploads\/2023\/05\/didi-big1-av-341-valpar.jpg\" rel=\"noreferrer\" data-rel=\"iLightbox[gallery_image_1]\" class=\"fusion-lightbox\" target=\"_self\"><img decoding=\"async\" src=\"https:\/\/www.morningbreeze.se\/wp-content\/uploads\/2023\/05\/didi-big1-av-341-valpar-460x295.jpg\" width=\"460\" height=\"295\" alt=\"\" title=\"\" aria-label=\"\" class=\"img-responsive wp-image-179 fusion-gallery-image-size-fixed\"  \/><\/a><\/div><div class=\"awb-imageframe-caption-container\"><div class=\"awb-imageframe-caption\"><p class=\"awb-imageframe-caption-text\">Didi BIM med Cert i Askersund, aug 2015<\/p><\/div><\/div><\/div><div class=\"clearfix\"><\/div><div style=\"padding:5px;\" class=\"fusion-grid-column fusion-gallery-column fusion-gallery-column-3 hover-type-none awb-imageframe-style awb-imageframe-style-below awb-imageframe-style-1\"><div class=\"fusion-gallery-image\"><a href=\"https:\/\/www.morningbreeze.se\/wp-content\/uploads\/2023\/05\/didi_08.jpg\" rel=\"noreferrer\" data-rel=\"iLightbox[gallery_image_1]\" class=\"fusion-lightbox\" target=\"_self\"><img decoding=\"async\" src=\"https:\/\/www.morningbreeze.se\/wp-content\/uploads\/2023\/05\/didi_08-460x295.jpg\" width=\"460\" height=\"295\" alt=\"\" title=\"\" aria-label=\"\" class=\"img-responsive wp-image-183 fusion-gallery-image-size-fixed\"  \/><\/a><\/div><div class=\"awb-imageframe-caption-container\"><div class=\"awb-imageframe-caption\"><p class=\"awb-imageframe-caption-text\">Didi<\/p><\/div><\/div><\/div><div style=\"padding:5px;\" class=\"fusion-grid-column fusion-gallery-column fusion-gallery-column-3 hover-type-none awb-imageframe-style awb-imageframe-style-below awb-imageframe-style-1\"><div class=\"fusion-gallery-image\"><a href=\"https:\/\/www.morningbreeze.se\/wp-content\/uploads\/2023\/05\/didi-stockholm-international-dog-show.jpg\" rel=\"noreferrer\" data-rel=\"iLightbox[gallery_image_1]\" class=\"fusion-lightbox\" target=\"_self\"><img decoding=\"async\" src=\"https:\/\/www.morningbreeze.se\/wp-content\/uploads\/2023\/05\/didi-stockholm-international-dog-show-460x295.jpg\" width=\"460\" height=\"295\" alt=\"Didi Stockholm International Dog Show\" title=\"\" aria-label=\"\" class=\"img-responsive wp-image-185 fusion-gallery-image-size-fixed\" srcset=\"https:\/\/www.morningbreeze.se\/wp-content\/uploads\/2023\/05\/didi-stockholm-international-dog-show-200x127.jpg 200w, https:\/\/www.morningbreeze.se\/wp-content\/uploads\/2023\/05\/didi-stockholm-international-dog-show-460x295.jpg 460w\" sizes=\"(max-width: 460px) 100vw, 460px\" \/><\/a><\/div><div class=\"awb-imageframe-caption-container\"><div class=\"awb-imageframe-caption\"><p class=\"awb-imageframe-caption-text\">Didi Stockholm International Dog Show, dec 2015<\/p><\/div><\/div><\/div><div style=\"padding:5px;\" class=\"fusion-grid-column fusion-gallery-column fusion-gallery-column-3 hover-type-none awb-imageframe-style awb-imageframe-style-below awb-imageframe-style-1\"><div class=\"fusion-gallery-image\"><a href=\"https:\/\/www.morningbreeze.se\/wp-content\/uploads\/2023\/05\/didi-stockholm-international-dog-show-02.jpg\" rel=\"noreferrer\" data-rel=\"iLightbox[gallery_image_1]\" class=\"fusion-lightbox\" target=\"_self\"><img decoding=\"async\" src=\"https:\/\/www.morningbreeze.se\/wp-content\/uploads\/2023\/05\/didi-stockholm-international-dog-show-02-460x295.jpg\" width=\"460\" height=\"295\" alt=\"\" title=\"\" aria-label=\"\" class=\"img-responsive wp-image-187 fusion-gallery-image-size-fixed\"  \/><\/a><\/div><div class=\"awb-imageframe-caption-container\"><div class=\"awb-imageframe-caption\"><p class=\"awb-imageframe-caption-text\">Didi Stockholm International Dog Show<\/p><\/div><\/div><\/div><div class=\"clearfix\"><\/div><div style=\"padding:5px;\" class=\"fusion-grid-column fusion-gallery-column fusion-gallery-column-3 hover-type-none awb-imageframe-style awb-imageframe-style-below awb-imageframe-style-1\"><div class=\"fusion-gallery-image\"><a href=\"https:\/\/www.morningbreeze.se\/wp-content\/uploads\/2023\/05\/didi-finnish-champion-title.jpg\" rel=\"noreferrer\" data-rel=\"iLightbox[gallery_image_1]\" class=\"fusion-lightbox\" target=\"_self\"><img decoding=\"async\" src=\"https:\/\/www.morningbreeze.se\/wp-content\/uploads\/2023\/05\/didi-finnish-champion-title-460x295.jpg\" width=\"460\" height=\"295\" alt=\"Didi finsk champion 2016\" title=\"\" aria-label=\"\" class=\"img-responsive wp-image-189 fusion-gallery-image-size-fixed\"  \/><\/a><\/div><div class=\"awb-imageframe-caption-container\"><div class=\"awb-imageframe-caption\"><p class=\"awb-imageframe-caption-text\">Didi f\u00e5r sin finska champion titel p\u00e5 internationella hundutst\u00e4llningen i Hamina, Finland 21 maj 2016.<\/p><\/div><\/div><\/div><\/div><\/div><\/div><\/div><\/div><\/div><\/p>","protected":false},"excerpt":{"rendered":"","protected":false},"author":1,"featured_media":0,"parent":0,"menu_order":0,"comment_status":"closed","ping_status":"closed","template":"100-width.php","meta":{"footnotes":""},"class_list":["post-134","page","type-page","status-publish","hentry"],"_links":{"self":[{"href":"https:\/\/www.morningbreeze.se\/en\/wp-json\/wp\/v2\/pages\/134","targetHints":{"allow":["GET"]}}],"collection":[{"href":"https:\/\/www.morningbreeze.se\/en\/wp-json\/wp\/v2\/pages"}],"about":[{"href":"https:\/\/www.morningbreeze.se\/en\/wp-json\/wp\/v2\/types\/page"}],"author":[{"embeddable":true,"href":"https:\/\/www.morningbreeze.se\/en\/wp-json\/wp\/v2\/users\/1"}],"replies":[{"embeddable":true,"href":"https:\/\/www.morningbreeze.se\/en\/wp-json\/wp\/v2\/comments?post=134"}],"version-history":[{"count":45,"href":"https:\/\/www.morningbreeze.se\/en\/wp-json\/wp\/v2\/pages\/134\/revisions"}],"predecessor-version":[{"id":514,"href":"https:\/\/www.morningbreeze.se\/en\/wp-json\/wp\/v2\/pages\/134\/revisions\/514"}],"wp:attachment":[{"href":"https:\/\/www.morningbreeze.se\/en\/wp-json\/wp\/v2\/media?parent=134"}],"curies":[{"name":"wp","href":"https:\/\/api.w.org\/{rel}","templated":true}]}}