{"id":1278,"date":"2023-11-13T14:19:59","date_gmt":"2023-11-13T13:19:59","guid":{"rendered":"https:\/\/www.morningbreeze.se\/?page_id=1278"},"modified":"2025-11-15T12:19:06","modified_gmt":"2025-11-15T11:19:06","slug":"bobo","status":"publish","type":"page","link":"https:\/\/www.morningbreeze.se\/en\/bobo\/","title":{"rendered":"Bobo"},"content":{"rendered":"<div class=\"fusion-fullwidth fullwidth-box fusion-builder-row-1 fusion-flex-container has-pattern-background has-mask-background nonhundred-percent-fullwidth non-hundred-percent-height-scrolling\" style=\"--awb-border-radius-top-left:0px;--awb-border-radius-top-right:0px;--awb-border-radius-bottom-right:0px;--awb-border-radius-bottom-left:0px;--awb-flex-wrap:wrap;\" ><div class=\"fusion-builder-row fusion-row fusion-flex-align-items-flex-start fusion-flex-content-wrap\" style=\"max-width:1248px;margin-left: calc(-4% \/ 2 );margin-right: calc(-4% \/ 2 );\"><div class=\"fusion-layout-column fusion_builder_column fusion-builder-column-0 fusion_builder_column_1_4 1_4 fusion-flex-column\" style=\"--awb-bg-size:cover;--awb-width-large:25%;--awb-margin-top-large:0px;--awb-spacing-right-large:7.68%;--awb-margin-bottom-large:20px;--awb-spacing-left-large:7.68%;--awb-width-medium:25%;--awb-order-medium:0;--awb-spacing-right-medium:7.68%;--awb-spacing-left-medium:7.68%;--awb-width-small:100%;--awb-order-small:0;--awb-spacing-right-small:1.92%;--awb-spacing-left-small:1.92%;\"><div class=\"fusion-column-wrapper fusion-column-has-shadow fusion-flex-justify-content-flex-start fusion-content-layout-column\"><div class=\"fusion-image-element\" style=\"--awb-caption-title-font-family:var(--h2_typography-font-family);--awb-caption-title-font-weight:var(--h2_typography-font-weight);--awb-caption-title-font-style:var(--h2_typography-font-style);--awb-caption-title-size:var(--h2_typography-font-size);--awb-caption-title-transform:var(--h2_typography-text-transform);--awb-caption-title-line-height:var(--h2_typography-line-height);--awb-caption-title-letter-spacing:var(--h2_typography-letter-spacing);\"><span class=\"fusion-imageframe imageframe-none imageframe-1 hover-type-none\"><img decoding=\"async\" width=\"1236\" height=\"2048\" title=\"bobo1\" src=\"https:\/\/www.morningbreeze.se\/wp-content\/uploads\/2023\/11\/bobo1.jpg\" alt class=\"img-responsive wp-image-1279\" srcset=\"https:\/\/www.morningbreeze.se\/wp-content\/uploads\/2023\/11\/bobo1-200x331.jpg 200w, https:\/\/www.morningbreeze.se\/wp-content\/uploads\/2023\/11\/bobo1-400x663.jpg 400w, https:\/\/www.morningbreeze.se\/wp-content\/uploads\/2023\/11\/bobo1-600x994.jpg 600w, https:\/\/www.morningbreeze.se\/wp-content\/uploads\/2023\/11\/bobo1-800x1326.jpg 800w, https:\/\/www.morningbreeze.se\/wp-content\/uploads\/2023\/11\/bobo1-1200x1988.jpg 1200w, https:\/\/www.morningbreeze.se\/wp-content\/uploads\/2023\/11\/bobo1.jpg 1236w\" sizes=\"(max-width: 640px) 100vw, 400px\" \/><\/span><\/div><div class=\"fusion-text fusion-text-1\"><p>Bobo och Peter med f\u00f6rsta certet<\/p>\n<\/div><div class=\"fusion-image-element\" style=\"--awb-caption-title-font-family:var(--h2_typography-font-family);--awb-caption-title-font-weight:var(--h2_typography-font-weight);--awb-caption-title-font-style:var(--h2_typography-font-style);--awb-caption-title-size:var(--h2_typography-font-size);--awb-caption-title-transform:var(--h2_typography-text-transform);--awb-caption-title-line-height:var(--h2_typography-line-height);--awb-caption-title-letter-spacing:var(--h2_typography-letter-spacing);\"><span class=\"fusion-imageframe imageframe-none imageframe-2 hover-type-none\"><img decoding=\"async\" width=\"696\" height=\"606\" title=\"Boboch\" src=\"https:\/\/www.morningbreeze.se\/wp-content\/uploads\/2024\/06\/Boboch.jpg\" alt class=\"img-responsive wp-image-1504\" srcset=\"https:\/\/www.morningbreeze.se\/wp-content\/uploads\/2024\/06\/Boboch-200x174.jpg 200w, https:\/\/www.morningbreeze.se\/wp-content\/uploads\/2024\/06\/Boboch-400x348.jpg 400w, https:\/\/www.morningbreeze.se\/wp-content\/uploads\/2024\/06\/Boboch-600x522.jpg 600w, https:\/\/www.morningbreeze.se\/wp-content\/uploads\/2024\/06\/Boboch.jpg 696w\" sizes=\"(max-width: 640px) 100vw, 400px\" \/><\/span><\/div><div class=\"fusion-text fusion-text-2\"><p>Bobo blir champion, h\u00e4r B\u00e4st i rasen, (BIR) med certifikat och det var det sista certifikatet som beh\u00f6vdes f\u00f6r att Bobo skulle bli champion.<\/p>\n<\/div><\/div><\/div><div class=\"fusion-layout-column fusion_builder_column fusion-builder-column-1 fusion_builder_column_1_4 1_4 fusion-flex-column\" style=\"--awb-bg-size:cover;--awb-width-large:25%;--awb-margin-top-large:0px;--awb-spacing-right-large:7.68%;--awb-margin-bottom-large:20px;--awb-spacing-left-large:7.68%;--awb-width-medium:25%;--awb-order-medium:0;--awb-spacing-right-medium:7.68%;--awb-spacing-left-medium:7.68%;--awb-width-small:100%;--awb-order-small:0;--awb-spacing-right-small:1.92%;--awb-spacing-left-small:1.92%;\"><div class=\"fusion-column-wrapper fusion-column-has-shadow fusion-flex-justify-content-flex-start fusion-content-layout-column\"><div class=\"fusion-image-element\" style=\"--awb-caption-title-font-family:var(--h2_typography-font-family);--awb-caption-title-font-weight:var(--h2_typography-font-weight);--awb-caption-title-font-style:var(--h2_typography-font-style);--awb-caption-title-size:var(--h2_typography-font-size);--awb-caption-title-transform:var(--h2_typography-text-transform);--awb-caption-title-line-height:var(--h2_typography-line-height);--awb-caption-title-letter-spacing:var(--h2_typography-letter-spacing);\"><span class=\"fusion-imageframe imageframe-none imageframe-3 hover-type-none\"><img decoding=\"async\" width=\"802\" height=\"637\" title=\"bobo2\" src=\"https:\/\/www.morningbreeze.se\/wp-content\/uploads\/2023\/11\/bobo2.jpg\" alt class=\"img-responsive wp-image-1280\" srcset=\"https:\/\/www.morningbreeze.se\/wp-content\/uploads\/2023\/11\/bobo2-200x159.jpg 200w, https:\/\/www.morningbreeze.se\/wp-content\/uploads\/2023\/11\/bobo2-400x318.jpg 400w, https:\/\/www.morningbreeze.se\/wp-content\/uploads\/2023\/11\/bobo2-600x477.jpg 600w, https:\/\/www.morningbreeze.se\/wp-content\/uploads\/2023\/11\/bobo2-800x635.jpg 800w, https:\/\/www.morningbreeze.se\/wp-content\/uploads\/2023\/11\/bobo2.jpg 802w\" sizes=\"(max-width: 640px) 100vw, 400px\" \/><\/span><\/div><div class=\"fusion-text fusion-text-3\"><p>Bobo B\u00e4st i Motsatt k\u00f6n (BIM)<\/p>\n<\/div><div class=\"fusion-image-element\" style=\"--awb-caption-title-font-family:var(--h2_typography-font-family);--awb-caption-title-font-weight:var(--h2_typography-font-weight);--awb-caption-title-font-style:var(--h2_typography-font-style);--awb-caption-title-size:var(--h2_typography-font-size);--awb-caption-title-transform:var(--h2_typography-text-transform);--awb-caption-title-line-height:var(--h2_typography-line-height);--awb-caption-title-letter-spacing:var(--h2_typography-letter-spacing);\"><span class=\"fusion-imageframe imageframe-none imageframe-4 hover-type-none\"><img decoding=\"async\" width=\"1475\" height=\"1680\" title=\"Bobidkch\" src=\"https:\/\/www.morningbreeze.se\/wp-content\/uploads\/2025\/11\/Bobidkch.jpg\" alt class=\"img-responsive wp-image-1710\" srcset=\"https:\/\/www.morningbreeze.se\/wp-content\/uploads\/2025\/11\/Bobidkch-200x228.jpg 200w, https:\/\/www.morningbreeze.se\/wp-content\/uploads\/2025\/11\/Bobidkch-400x456.jpg 400w, https:\/\/www.morningbreeze.se\/wp-content\/uploads\/2025\/11\/Bobidkch-600x683.jpg 600w, https:\/\/www.morningbreeze.se\/wp-content\/uploads\/2025\/11\/Bobidkch-800x911.jpg 800w, https:\/\/www.morningbreeze.se\/wp-content\/uploads\/2025\/11\/Bobidkch-1200x1367.jpg 1200w, https:\/\/www.morningbreeze.se\/wp-content\/uploads\/2025\/11\/Bobidkch.jpg 1475w\" sizes=\"(max-width: 640px) 100vw, 400px\" \/><\/span><\/div><div class=\"fusion-text fusion-text-4\"><p>Bobo, Svensk Champion Morning Breeze Indian Summer, blir b\u00e4st i rasen (BIR) och erh\u00e5ller Danskt Cert och Internationellt Cert p\u00e5 Danska Kennelklubbens Internationella utst\u00e4llning i Roskilde i september 2025. Bobo kan d\u00e4rmed nu \u00e4ven tituleras Dansk Champion.<\/p>\n<\/div><\/div><\/div><div class=\"fusion-layout-column fusion_builder_column fusion-builder-column-2 fusion_builder_column_1_4 1_4 fusion-flex-column\" style=\"--awb-bg-size:cover;--awb-width-large:25%;--awb-margin-top-large:0px;--awb-spacing-right-large:7.68%;--awb-margin-bottom-large:20px;--awb-spacing-left-large:7.68%;--awb-width-medium:25%;--awb-order-medium:0;--awb-spacing-right-medium:7.68%;--awb-spacing-left-medium:7.68%;--awb-width-small:100%;--awb-order-small:0;--awb-spacing-right-small:1.92%;--awb-spacing-left-small:1.92%;\"><div class=\"fusion-column-wrapper fusion-column-has-shadow fusion-flex-justify-content-flex-start fusion-content-layout-column\"><div class=\"fusion-image-element\" style=\"--awb-caption-title-font-family:var(--h2_typography-font-family);--awb-caption-title-font-weight:var(--h2_typography-font-weight);--awb-caption-title-font-style:var(--h2_typography-font-style);--awb-caption-title-size:var(--h2_typography-font-size);--awb-caption-title-transform:var(--h2_typography-text-transform);--awb-caption-title-line-height:var(--h2_typography-line-height);--awb-caption-title-letter-spacing:var(--h2_typography-letter-spacing);\"><span class=\"fusion-imageframe imageframe-none imageframe-5 hover-type-none\"><img decoding=\"async\" width=\"375\" height=\"673\" title=\"bobo3\" src=\"https:\/\/www.morningbreeze.se\/wp-content\/uploads\/2023\/11\/bobo3.jpg\" alt class=\"img-responsive wp-image-1281\" srcset=\"https:\/\/www.morningbreeze.se\/wp-content\/uploads\/2023\/11\/bobo3-200x359.jpg 200w, https:\/\/www.morningbreeze.se\/wp-content\/uploads\/2023\/11\/bobo3.jpg 375w\" sizes=\"(max-width: 640px) 100vw, 375px\" \/><\/span><\/div><div class=\"fusion-text fusion-text-5\"><p>Bobo och Stefan i Spanien<\/p>\n<\/div><\/div><\/div><div class=\"fusion-layout-column fusion_builder_column fusion-builder-column-3 fusion_builder_column_1_4 1_4 fusion-flex-column\" style=\"--awb-bg-size:cover;--awb-width-large:25%;--awb-margin-top-large:0px;--awb-spacing-right-large:7.68%;--awb-margin-bottom-large:20px;--awb-spacing-left-large:7.68%;--awb-width-medium:25%;--awb-order-medium:0;--awb-spacing-right-medium:7.68%;--awb-spacing-left-medium:7.68%;--awb-width-small:100%;--awb-order-small:0;--awb-spacing-right-small:1.92%;--awb-spacing-left-small:1.92%;\"><div class=\"fusion-column-wrapper fusion-column-has-shadow fusion-flex-justify-content-flex-start fusion-content-layout-column\"><div class=\"fusion-text fusion-text-6\"><\/div><div class=\"fusion-title title fusion-title-1 fusion-sep-none fusion-title-text fusion-title-size-one\"><h1 class=\"fusion-title-heading title-heading-left\" style=\"margin:0;\">BOBO<\/h1><\/div><div class=\"fusion-text fusion-text-7\"><p>Champion Morning Breeze Indian Summer, Elegant liten toyhane med en vacker gyllne aprikosr\u00f6d f\u00e4rg. Fin typ och storlek, r\u00f6r sig med elganta pudliga r\u00f6relser. Mycket intressant stamtavla med finska-, ryska-, engelska- och danska linjer.<\/p>\n<\/div><\/div><\/div><\/div><\/div>","protected":false},"excerpt":{"rendered":"","protected":false},"author":1,"featured_media":0,"parent":0,"menu_order":0,"comment_status":"closed","ping_status":"closed","template":"100-width.php","meta":{"footnotes":""},"class_list":["post-1278","page","type-page","status-publish","hentry"],"_links":{"self":[{"href":"https:\/\/www.morningbreeze.se\/en\/wp-json\/wp\/v2\/pages\/1278","targetHints":{"allow":["GET"]}}],"collection":[{"href":"https:\/\/www.morningbreeze.se\/en\/wp-json\/wp\/v2\/pages"}],"about":[{"href":"https:\/\/www.morningbreeze.se\/en\/wp-json\/wp\/v2\/types\/page"}],"author":[{"embeddable":true,"href":"https:\/\/www.morningbreeze.se\/en\/wp-json\/wp\/v2\/users\/1"}],"replies":[{"embeddable":true,"href":"https:\/\/www.morningbreeze.se\/en\/wp-json\/wp\/v2\/comments?post=1278"}],"version-history":[{"count":6,"href":"https:\/\/www.morningbreeze.se\/en\/wp-json\/wp\/v2\/pages\/1278\/revisions"}],"predecessor-version":[{"id":1713,"href":"https:\/\/www.morningbreeze.se\/en\/wp-json\/wp\/v2\/pages\/1278\/revisions\/1713"}],"wp:attachment":[{"href":"https:\/\/www.morningbreeze.se\/en\/wp-json\/wp\/v2\/media?parent=1278"}],"curies":[{"name":"wp","href":"https:\/\/api.w.org\/{rel}","templated":true}]}}