{"id":1267,"date":"2023-11-13T13:47:33","date_gmt":"2023-11-13T12:47:33","guid":{"rendered":"https:\/\/www.morningbreeze.se\/?page_id=1267"},"modified":"2025-11-15T12:10:12","modified_gmt":"2025-11-15T11:10:12","slug":"vara-pudlar-frans","status":"publish","type":"page","link":"https:\/\/www.morningbreeze.se\/en\/vara-pudlar-frans\/","title":{"rendered":"Frans"},"content":{"rendered":"<div class=\"fusion-fullwidth fullwidth-box fusion-builder-row-1 fusion-flex-container has-pattern-background has-mask-background nonhundred-percent-fullwidth non-hundred-percent-height-scrolling\" style=\"--awb-border-radius-top-left:0px;--awb-border-radius-top-right:0px;--awb-border-radius-bottom-right:0px;--awb-border-radius-bottom-left:0px;--awb-flex-wrap:wrap;\" ><div class=\"fusion-builder-row fusion-row fusion-flex-align-items-flex-start fusion-flex-content-wrap\" style=\"max-width:1248px;margin-left: calc(-4% \/ 2 );margin-right: calc(-4% \/ 2 );\"><div class=\"fusion-layout-column fusion_builder_column fusion-builder-column-0 fusion_builder_column_1_2 1_2 fusion-flex-column\" style=\"--awb-bg-size:cover;--awb-width-large:50%;--awb-margin-top-large:0px;--awb-spacing-right-large:3.84%;--awb-margin-bottom-large:20px;--awb-spacing-left-large:3.84%;--awb-width-medium:50%;--awb-order-medium:0;--awb-spacing-right-medium:3.84%;--awb-spacing-left-medium:3.84%;--awb-width-small:100%;--awb-order-small:0;--awb-spacing-right-small:1.92%;--awb-spacing-left-small:1.92%;\"><div class=\"fusion-column-wrapper fusion-column-has-shadow fusion-flex-justify-content-flex-start fusion-content-layout-column\"><div class=\"fusion-text fusion-text-1\"><p>V\u00e5ran fina kille Frans, Svensk-, Finsk och Dansk Champion och Nordisk Vinnare-24 Morning Breeze One With The Night. Frans \u00e4r en glad, social och fantastiskt k\u00e4rleksfull kille. Han har en vacker och stolt resning och r\u00f6r sig vackert som en pudel ska.<\/p>\n<\/div><div class=\"fusion-image-element\" style=\"--awb-caption-title-font-family:var(--h2_typography-font-family);--awb-caption-title-font-weight:var(--h2_typography-font-weight);--awb-caption-title-font-style:var(--h2_typography-font-style);--awb-caption-title-size:var(--h2_typography-font-size);--awb-caption-title-transform:var(--h2_typography-text-transform);--awb-caption-title-line-height:var(--h2_typography-line-height);--awb-caption-title-letter-spacing:var(--h2_typography-letter-spacing);\"><span class=\"fusion-imageframe imageframe-none imageframe-1 hover-type-none\"><a class=\"fusion-no-lightbox\" href=\"https:\/\/www.morningbreeze.se\/en\/vara-pudlar\/\" target=\"_self\" aria-label=\"thumbnail_IMG_7597\"><img decoding=\"async\" width=\"1226\" height=\"2560\" src=\"https:\/\/www.morningbreeze.se\/wp-content\/uploads\/2023\/11\/thumbnail_IMG_7597-scaled.jpg\" alt class=\"img-responsive wp-image-1268\" srcset=\"https:\/\/www.morningbreeze.se\/wp-content\/uploads\/2023\/11\/thumbnail_IMG_7597-200x418.jpg 200w, https:\/\/www.morningbreeze.se\/wp-content\/uploads\/2023\/11\/thumbnail_IMG_7597-400x835.jpg 400w, https:\/\/www.morningbreeze.se\/wp-content\/uploads\/2023\/11\/thumbnail_IMG_7597-600x1253.jpg 600w, https:\/\/www.morningbreeze.se\/wp-content\/uploads\/2023\/11\/thumbnail_IMG_7597-800x1670.jpg 800w, https:\/\/www.morningbreeze.se\/wp-content\/uploads\/2023\/11\/thumbnail_IMG_7597-1200x2506.jpg 1200w, https:\/\/www.morningbreeze.se\/wp-content\/uploads\/2023\/11\/thumbnail_IMG_7597-scaled.jpg 1226w\" sizes=\"(max-width: 640px) 100vw, 600px\" \/><\/a><\/span><\/div><div class=\"fusion-image-element\" style=\"--awb-caption-title-font-family:var(--h2_typography-font-family);--awb-caption-title-font-weight:var(--h2_typography-font-weight);--awb-caption-title-font-style:var(--h2_typography-font-style);--awb-caption-title-size:var(--h2_typography-font-size);--awb-caption-title-transform:var(--h2_typography-text-transform);--awb-caption-title-line-height:var(--h2_typography-line-height);--awb-caption-title-letter-spacing:var(--h2_typography-letter-spacing);\"><span class=\"fusion-imageframe imageframe-none imageframe-2 hover-type-none\"><img decoding=\"async\" width=\"960\" height=\"766\" title=\"frans bos\" src=\"https:\/\/www.morningbreeze.se\/wp-content\/uploads\/2025\/01\/frans-bos.jpg\" alt class=\"img-responsive wp-image-1635\" srcset=\"https:\/\/www.morningbreeze.se\/wp-content\/uploads\/2025\/01\/frans-bos-200x160.jpg 200w, https:\/\/www.morningbreeze.se\/wp-content\/uploads\/2025\/01\/frans-bos-400x319.jpg 400w, https:\/\/www.morningbreeze.se\/wp-content\/uploads\/2025\/01\/frans-bos-600x479.jpg 600w, https:\/\/www.morningbreeze.se\/wp-content\/uploads\/2025\/01\/frans-bos-800x638.jpg 800w, https:\/\/www.morningbreeze.se\/wp-content\/uploads\/2025\/01\/frans-bos.jpg 960w\" sizes=\"(max-width: 640px) 100vw, 600px\" \/><\/span><\/div><div class=\"fusion-text fusion-text-2\"><p>Frans blir b\u00e4sta hane och Nordisk Vinnare -24 p\u00e5 Stockholms Hundm\u00e4ssa i december 2024<\/p>\n<\/div><\/div><\/div><div class=\"fusion-layout-column fusion_builder_column fusion-builder-column-1 fusion_builder_column_1_2 1_2 fusion-flex-column\" style=\"--awb-bg-size:cover;--awb-width-large:50%;--awb-margin-top-large:0px;--awb-spacing-right-large:3.84%;--awb-margin-bottom-large:20px;--awb-spacing-left-large:3.84%;--awb-width-medium:50%;--awb-order-medium:0;--awb-spacing-right-medium:3.84%;--awb-spacing-left-medium:3.84%;--awb-width-small:100%;--awb-order-small:0;--awb-spacing-right-small:1.92%;--awb-spacing-left-small:1.92%;\"><div class=\"fusion-column-wrapper fusion-column-has-shadow fusion-flex-justify-content-flex-start fusion-content-layout-column\"><div class=\"fusion-text fusion-text-3\"><p>Frans erh\u00e5ller sitt f\u00f6rsta certifikat p\u00e5 Stockholms kennelklubbs internationella utst\u00e4llning i juli 2024.<\/p>\n<\/div><div class=\"fusion-image-element\" style=\"--awb-caption-title-font-family:var(--h2_typography-font-family);--awb-caption-title-font-weight:var(--h2_typography-font-weight);--awb-caption-title-font-style:var(--h2_typography-font-style);--awb-caption-title-size:var(--h2_typography-font-size);--awb-caption-title-transform:var(--h2_typography-text-transform);--awb-caption-title-line-height:var(--h2_typography-line-height);--awb-caption-title-letter-spacing:var(--h2_typography-letter-spacing);\"><span class=\"fusion-imageframe imageframe-none imageframe-3 hover-type-none\"><img decoding=\"async\" width=\"2448\" height=\"2560\" title=\"IMG_1107\" src=\"https:\/\/www.morningbreeze.se\/wp-content\/uploads\/2024\/07\/IMG_1107-scaled.jpeg\" alt class=\"img-responsive wp-image-1521\" srcset=\"https:\/\/www.morningbreeze.se\/wp-content\/uploads\/2024\/07\/IMG_1107-200x209.jpeg 200w, https:\/\/www.morningbreeze.se\/wp-content\/uploads\/2024\/07\/IMG_1107-400x418.jpeg 400w, https:\/\/www.morningbreeze.se\/wp-content\/uploads\/2024\/07\/IMG_1107-600x627.jpeg 600w, https:\/\/www.morningbreeze.se\/wp-content\/uploads\/2024\/07\/IMG_1107-800x837.jpeg 800w, https:\/\/www.morningbreeze.se\/wp-content\/uploads\/2024\/07\/IMG_1107-1200x1255.jpeg 1200w, https:\/\/www.morningbreeze.se\/wp-content\/uploads\/2024\/07\/IMG_1107-scaled.jpeg 2448w\" sizes=\"(max-width: 640px) 100vw, 600px\" \/><\/span><\/div><div class=\"fusion-text fusion-text-4\"><p>Frans erh\u00e5ller sitt Finska Championat p\u00e5 \u00c5land Dog Show i september 2025.<\/p>\n<\/div><div class=\"fusion-image-element\" style=\"--awb-caption-title-font-family:var(--h2_typography-font-family);--awb-caption-title-font-weight:var(--h2_typography-font-weight);--awb-caption-title-font-style:var(--h2_typography-font-style);--awb-caption-title-size:var(--h2_typography-font-size);--awb-caption-title-transform:var(--h2_typography-text-transform);--awb-caption-title-line-height:var(--h2_typography-line-height);--awb-caption-title-letter-spacing:var(--h2_typography-letter-spacing);\"><span class=\"fusion-imageframe imageframe-none imageframe-4 hover-type-none\"><img decoding=\"async\" width=\"1235\" height=\"1692\" title=\"Fransfiuch\" src=\"https:\/\/www.morningbreeze.se\/wp-content\/uploads\/2025\/11\/Fransfiuch.jpg\" alt class=\"img-responsive wp-image-1707\" srcset=\"https:\/\/www.morningbreeze.se\/wp-content\/uploads\/2025\/11\/Fransfiuch-200x274.jpg 200w, https:\/\/www.morningbreeze.se\/wp-content\/uploads\/2025\/11\/Fransfiuch-400x548.jpg 400w, https:\/\/www.morningbreeze.se\/wp-content\/uploads\/2025\/11\/Fransfiuch-600x822.jpg 600w, https:\/\/www.morningbreeze.se\/wp-content\/uploads\/2025\/11\/Fransfiuch-800x1096.jpg 800w, https:\/\/www.morningbreeze.se\/wp-content\/uploads\/2025\/11\/Fransfiuch-1200x1644.jpg 1200w, https:\/\/www.morningbreeze.se\/wp-content\/uploads\/2025\/11\/Fransfiuch.jpg 1235w\" sizes=\"(max-width: 640px) 100vw, 600px\" \/><\/span><\/div><\/div><\/div><div class=\"fusion-layout-column fusion_builder_column fusion-builder-column-2 fusion_builder_column_1_2 1_2 fusion-flex-column\" style=\"--awb-bg-size:cover;--awb-width-large:50%;--awb-margin-top-large:0px;--awb-spacing-right-large:3.84%;--awb-margin-bottom-large:20px;--awb-spacing-left-large:3.84%;--awb-width-medium:50%;--awb-order-medium:0;--awb-spacing-right-medium:3.84%;--awb-spacing-left-medium:3.84%;--awb-width-small:100%;--awb-order-small:0;--awb-spacing-right-small:1.92%;--awb-spacing-left-small:1.92%;\"><div class=\"fusion-column-wrapper fusion-column-has-shadow fusion-flex-justify-content-flex-start fusion-content-layout-column\"><div class=\"fusion-text fusion-text-5\"><p>V\u00e5ra fina dv\u00e4rgpudlar Frans och Sophis som gick mot varandra som b\u00e4sta hane och b\u00e4sta tik i t\u00e4vlan om B\u00e4st I Rasen (BIR) och Sophia (Morning Breeze Bye Bye Baby)\u00a0 blev BIR och Frans B\u00e4st I Motsatt K\u00f6n (BIM) P\u00e5 H\u00e4lsinglands Kennelklubbs Nordiska utst\u00e4llning 15 juni 2025.<\/p>\n<\/div><div class=\"fusion-image-element\" style=\"--awb-caption-title-font-family:var(--h2_typography-font-family);--awb-caption-title-font-weight:var(--h2_typography-font-weight);--awb-caption-title-font-style:var(--h2_typography-font-style);--awb-caption-title-size:var(--h2_typography-font-size);--awb-caption-title-transform:var(--h2_typography-text-transform);--awb-caption-title-line-height:var(--h2_typography-line-height);--awb-caption-title-letter-spacing:var(--h2_typography-letter-spacing);\"><span class=\"fusion-imageframe imageframe-none imageframe-5 hover-type-none\"><img decoding=\"async\" width=\"1170\" height=\"1095\" title=\"birobimleks_IMG_8454\" src=\"https:\/\/www.morningbreeze.se\/wp-content\/uploads\/2025\/08\/birobimleks_IMG_8454.jpg\" alt class=\"img-responsive wp-image-1694\" srcset=\"https:\/\/www.morningbreeze.se\/wp-content\/uploads\/2025\/08\/birobimleks_IMG_8454-200x187.jpg 200w, https:\/\/www.morningbreeze.se\/wp-content\/uploads\/2025\/08\/birobimleks_IMG_8454-400x374.jpg 400w, https:\/\/www.morningbreeze.se\/wp-content\/uploads\/2025\/08\/birobimleks_IMG_8454-600x562.jpg 600w, https:\/\/www.morningbreeze.se\/wp-content\/uploads\/2025\/08\/birobimleks_IMG_8454-800x749.jpg 800w, https:\/\/www.morningbreeze.se\/wp-content\/uploads\/2025\/08\/birobimleks_IMG_8454.jpg 1170w\" sizes=\"(max-width: 640px) 100vw, 600px\" \/><\/span><\/div><\/div><\/div><\/div><\/div>","protected":false},"excerpt":{"rendered":"","protected":false},"author":1,"featured_media":0,"parent":0,"menu_order":0,"comment_status":"closed","ping_status":"closed","template":"100-width.php","meta":{"footnotes":""},"class_list":["post-1267","page","type-page","status-publish","hentry"],"_links":{"self":[{"href":"https:\/\/www.morningbreeze.se\/en\/wp-json\/wp\/v2\/pages\/1267","targetHints":{"allow":["GET"]}}],"collection":[{"href":"https:\/\/www.morningbreeze.se\/en\/wp-json\/wp\/v2\/pages"}],"about":[{"href":"https:\/\/www.morningbreeze.se\/en\/wp-json\/wp\/v2\/types\/page"}],"author":[{"embeddable":true,"href":"https:\/\/www.morningbreeze.se\/en\/wp-json\/wp\/v2\/users\/1"}],"replies":[{"embeddable":true,"href":"https:\/\/www.morningbreeze.se\/en\/wp-json\/wp\/v2\/comments?post=1267"}],"version-history":[{"count":8,"href":"https:\/\/www.morningbreeze.se\/en\/wp-json\/wp\/v2\/pages\/1267\/revisions"}],"predecessor-version":[{"id":1712,"href":"https:\/\/www.morningbreeze.se\/en\/wp-json\/wp\/v2\/pages\/1267\/revisions\/1712"}],"wp:attachment":[{"href":"https:\/\/www.morningbreeze.se\/en\/wp-json\/wp\/v2\/media?parent=1267"}],"curies":[{"name":"wp","href":"https:\/\/api.w.org\/{rel}","templated":true}]}}