{"id":1242,"date":"2023-11-12T16:19:23","date_gmt":"2023-11-12T15:19:23","guid":{"rendered":"https:\/\/www.morningbreeze.se\/?page_id=1242"},"modified":"2023-11-13T12:49:57","modified_gmt":"2023-11-13T11:49:57","slug":"vera","status":"publish","type":"page","link":"https:\/\/www.morningbreeze.se\/en\/pekingesehistoria\/vera\/","title":{"rendered":"Vera"},"content":{"rendered":"<div class=\"fusion-fullwidth fullwidth-box fusion-builder-row-1 fusion-flex-container has-pattern-background has-mask-background nonhundred-percent-fullwidth non-hundred-percent-height-scrolling\" style=\"--awb-border-radius-top-left:0px;--awb-border-radius-top-right:0px;--awb-border-radius-bottom-right:0px;--awb-border-radius-bottom-left:0px;--awb-flex-wrap:wrap;\" ><div class=\"fusion-builder-row fusion-row fusion-flex-align-items-flex-start fusion-flex-content-wrap\" style=\"max-width:1248px;margin-left: calc(-4% \/ 2 );margin-right: calc(-4% \/ 2 );\"><div class=\"fusion-layout-column fusion_builder_column fusion-builder-column-0 fusion_builder_column_1_3 1_3 fusion-flex-column\" style=\"--awb-bg-size:cover;--awb-width-large:33.333333333333%;--awb-margin-top-large:0px;--awb-spacing-right-large:5.76%;--awb-margin-bottom-large:20px;--awb-spacing-left-large:5.76%;--awb-width-medium:33.333333333333%;--awb-order-medium:0;--awb-spacing-right-medium:5.76%;--awb-spacing-left-medium:5.76%;--awb-width-small:100%;--awb-order-small:0;--awb-spacing-right-small:1.92%;--awb-spacing-left-small:1.92%;\"><div class=\"fusion-column-wrapper fusion-column-has-shadow fusion-flex-justify-content-flex-start fusion-content-layout-column\"><div class=\"fusion-image-element\" style=\"--awb-caption-title-font-family:var(--h2_typography-font-family);--awb-caption-title-font-weight:var(--h2_typography-font-weight);--awb-caption-title-font-style:var(--h2_typography-font-style);--awb-caption-title-size:var(--h2_typography-font-size);--awb-caption-title-transform:var(--h2_typography-text-transform);--awb-caption-title-line-height:var(--h2_typography-line-height);--awb-caption-title-letter-spacing:var(--h2_typography-letter-spacing);\"><span class=\"fusion-imageframe imageframe-none imageframe-1 hover-type-none\"><img decoding=\"async\" width=\"1024\" height=\"768\" title=\"IMG_7586 (1)\" src=\"https:\/\/www.morningbreeze.se\/wp-content\/uploads\/2023\/11\/IMG_7586-1.jpg\" alt class=\"img-responsive wp-image-1248\" srcset=\"https:\/\/www.morningbreeze.se\/wp-content\/uploads\/2023\/11\/IMG_7586-1-200x150.jpg 200w, https:\/\/www.morningbreeze.se\/wp-content\/uploads\/2023\/11\/IMG_7586-1-400x300.jpg 400w, https:\/\/www.morningbreeze.se\/wp-content\/uploads\/2023\/11\/IMG_7586-1-600x450.jpg 600w, https:\/\/www.morningbreeze.se\/wp-content\/uploads\/2023\/11\/IMG_7586-1-800x600.jpg 800w, https:\/\/www.morningbreeze.se\/wp-content\/uploads\/2023\/11\/IMG_7586-1.jpg 1024w\" sizes=\"(max-width: 640px) 100vw, 400px\" \/><\/span><\/div><div class=\"fusion-text fusion-text-1\"><p>Underbara Vera, Small Is Beautiful&#8217;s Copper Boom B\u00e4st in Show valp p\u00e5 Gotlands Internationella kennelklubbsutst\u00e4llning -23 och B\u00e4st in Show valp p\u00e5 Svensk dv\u00e4rghundklubbens v\u00e5rutst\u00e4llning -23. Vera \u00e4r en v\u00e4ldigt s\u00f6t tik med mycket charm och en stor personlighet som har tagit oss med storm.<\/p>\n<\/div><div class=\"fusion-image-element\" style=\"--awb-caption-title-font-family:var(--h2_typography-font-family);--awb-caption-title-font-weight:var(--h2_typography-font-weight);--awb-caption-title-font-style:var(--h2_typography-font-style);--awb-caption-title-size:var(--h2_typography-font-size);--awb-caption-title-transform:var(--h2_typography-text-transform);--awb-caption-title-line-height:var(--h2_typography-line-height);--awb-caption-title-letter-spacing:var(--h2_typography-letter-spacing);\"><span class=\"fusion-imageframe imageframe-none imageframe-2 hover-type-none\"><img decoding=\"async\" width=\"768\" height=\"1024\" title=\"vera1\" src=\"https:\/\/www.morningbreeze.se\/wp-content\/uploads\/2023\/11\/vera1.jpg\" alt class=\"img-responsive wp-image-1247\" srcset=\"https:\/\/www.morningbreeze.se\/wp-content\/uploads\/2023\/11\/vera1-200x267.jpg 200w, https:\/\/www.morningbreeze.se\/wp-content\/uploads\/2023\/11\/vera1-400x533.jpg 400w, https:\/\/www.morningbreeze.se\/wp-content\/uploads\/2023\/11\/vera1-600x800.jpg 600w, https:\/\/www.morningbreeze.se\/wp-content\/uploads\/2023\/11\/vera1.jpg 768w\" sizes=\"(max-width: 640px) 100vw, 400px\" \/><\/span><\/div><div class=\"fusion-text fusion-text-2\"><p>Vera p\u00e5 G\u00e4striklands kennelklubbs h\u00f6stutst\u00e4llning -23<\/p>\n<\/div><\/div><\/div><div class=\"fusion-layout-column fusion_builder_column fusion-builder-column-1 fusion_builder_column_1_3 1_3 fusion-flex-column\" style=\"--awb-bg-size:cover;--awb-width-large:33.333333333333%;--awb-margin-top-large:0px;--awb-spacing-right-large:5.76%;--awb-margin-bottom-large:20px;--awb-spacing-left-large:5.76%;--awb-width-medium:33.333333333333%;--awb-order-medium:0;--awb-spacing-right-medium:5.76%;--awb-spacing-left-medium:5.76%;--awb-width-small:100%;--awb-order-small:0;--awb-spacing-right-small:1.92%;--awb-spacing-left-small:1.92%;\"><div class=\"fusion-column-wrapper fusion-column-has-shadow fusion-flex-justify-content-flex-start fusion-content-layout-column\"><div class=\"fusion-image-element\" style=\"--awb-caption-title-font-family:var(--h2_typography-font-family);--awb-caption-title-font-weight:var(--h2_typography-font-weight);--awb-caption-title-font-style:var(--h2_typography-font-style);--awb-caption-title-size:var(--h2_typography-font-size);--awb-caption-title-transform:var(--h2_typography-text-transform);--awb-caption-title-line-height:var(--h2_typography-line-height);--awb-caption-title-letter-spacing:var(--h2_typography-letter-spacing);\"><span class=\"fusion-imageframe imageframe-none imageframe-3 hover-type-none\"><img decoding=\"async\" width=\"691\" height=\"789\" title=\"vera3\" src=\"https:\/\/www.morningbreeze.se\/wp-content\/uploads\/2023\/11\/vera3.jpg\" alt class=\"img-responsive wp-image-1244\" srcset=\"https:\/\/www.morningbreeze.se\/wp-content\/uploads\/2023\/11\/vera3-200x228.jpg 200w, https:\/\/www.morningbreeze.se\/wp-content\/uploads\/2023\/11\/vera3-400x457.jpg 400w, https:\/\/www.morningbreeze.se\/wp-content\/uploads\/2023\/11\/vera3-600x685.jpg 600w, https:\/\/www.morningbreeze.se\/wp-content\/uploads\/2023\/11\/vera3.jpg 691w\" sizes=\"(max-width: 640px) 100vw, 400px\" \/><\/span><\/div><div class=\"fusion-text fusion-text-3\"><p>Vem kan motst\u00e5 Vera?<\/p>\n<\/div><div class=\"fusion-image-element\" style=\"--awb-caption-title-font-family:var(--h2_typography-font-family);--awb-caption-title-font-weight:var(--h2_typography-font-weight);--awb-caption-title-font-style:var(--h2_typography-font-style);--awb-caption-title-size:var(--h2_typography-font-size);--awb-caption-title-transform:var(--h2_typography-text-transform);--awb-caption-title-line-height:var(--h2_typography-line-height);--awb-caption-title-letter-spacing:var(--h2_typography-letter-spacing);\"><span class=\"fusion-imageframe imageframe-none imageframe-4 hover-type-none\"><img decoding=\"async\" width=\"1640\" height=\"2048\" title=\"vera4\" src=\"https:\/\/www.morningbreeze.se\/wp-content\/uploads\/2023\/11\/vera4.jpg\" alt class=\"img-responsive wp-image-1249\" srcset=\"https:\/\/www.morningbreeze.se\/wp-content\/uploads\/2023\/11\/vera4-200x250.jpg 200w, https:\/\/www.morningbreeze.se\/wp-content\/uploads\/2023\/11\/vera4-400x500.jpg 400w, https:\/\/www.morningbreeze.se\/wp-content\/uploads\/2023\/11\/vera4-600x749.jpg 600w, https:\/\/www.morningbreeze.se\/wp-content\/uploads\/2023\/11\/vera4-800x999.jpg 800w, https:\/\/www.morningbreeze.se\/wp-content\/uploads\/2023\/11\/vera4-1200x1499.jpg 1200w, https:\/\/www.morningbreeze.se\/wp-content\/uploads\/2023\/11\/vera4.jpg 1640w\" sizes=\"(max-width: 640px) 100vw, 400px\" \/><\/span><\/div><div class=\"fusion-text fusion-text-4\"><p>Vera hemkommen efter att blivit B\u00e4st in Show Valp p\u00e5 Svenska dv\u00e4rghundsutst\u00e4llningens v\u00e5rutst\u00e4llning -23<\/p>\n<\/div><\/div><\/div><div class=\"fusion-layout-column fusion_builder_column fusion-builder-column-2 fusion_builder_column_1_3 1_3 fusion-flex-column\" style=\"--awb-bg-size:cover;--awb-width-large:33.333333333333%;--awb-margin-top-large:0px;--awb-spacing-right-large:5.76%;--awb-margin-bottom-large:20px;--awb-spacing-left-large:5.76%;--awb-width-medium:33.333333333333%;--awb-order-medium:0;--awb-spacing-right-medium:5.76%;--awb-spacing-left-medium:5.76%;--awb-width-small:100%;--awb-order-small:0;--awb-spacing-right-small:1.92%;--awb-spacing-left-small:1.92%;\"><div class=\"fusion-column-wrapper fusion-column-has-shadow fusion-flex-justify-content-flex-start fusion-content-layout-column\"><div class=\"fusion-image-element\" style=\"--awb-caption-title-font-family:var(--h2_typography-font-family);--awb-caption-title-font-weight:var(--h2_typography-font-weight);--awb-caption-title-font-style:var(--h2_typography-font-style);--awb-caption-title-size:var(--h2_typography-font-size);--awb-caption-title-transform:var(--h2_typography-text-transform);--awb-caption-title-line-height:var(--h2_typography-line-height);--awb-caption-title-letter-spacing:var(--h2_typography-letter-spacing);\"><span class=\"fusion-imageframe imageframe-none imageframe-5 hover-type-none\"><img decoding=\"async\" width=\"1536\" height=\"2048\" title=\"thumbnail_IMG_7201\" src=\"https:\/\/www.morningbreeze.se\/wp-content\/uploads\/2023\/11\/thumbnail_IMG_7201.jpg\" alt class=\"img-responsive wp-image-1246\" srcset=\"https:\/\/www.morningbreeze.se\/wp-content\/uploads\/2023\/11\/thumbnail_IMG_7201-200x267.jpg 200w, https:\/\/www.morningbreeze.se\/wp-content\/uploads\/2023\/11\/thumbnail_IMG_7201-400x533.jpg 400w, https:\/\/www.morningbreeze.se\/wp-content\/uploads\/2023\/11\/thumbnail_IMG_7201-600x800.jpg 600w, https:\/\/www.morningbreeze.se\/wp-content\/uploads\/2023\/11\/thumbnail_IMG_7201-800x1067.jpg 800w, https:\/\/www.morningbreeze.se\/wp-content\/uploads\/2023\/11\/thumbnail_IMG_7201-1200x1600.jpg 1200w, https:\/\/www.morningbreeze.se\/wp-content\/uploads\/2023\/11\/thumbnail_IMG_7201.jpg 1536w\" sizes=\"(max-width: 640px) 100vw, 400px\" \/><\/span><\/div><div class=\"fusion-text fusion-text-5\"><p>Vera p\u00e5 Gotland sommaren -23<\/p>\n<\/div><\/div><\/div><\/div><\/div>","protected":false},"excerpt":{"rendered":"","protected":false},"author":1,"featured_media":0,"parent":909,"menu_order":3,"comment_status":"closed","ping_status":"closed","template":"100-width.php","meta":{"footnotes":""},"class_list":["post-1242","page","type-page","status-publish","hentry"],"_links":{"self":[{"href":"https:\/\/www.morningbreeze.se\/en\/wp-json\/wp\/v2\/pages\/1242","targetHints":{"allow":["GET"]}}],"collection":[{"href":"https:\/\/www.morningbreeze.se\/en\/wp-json\/wp\/v2\/pages"}],"about":[{"href":"https:\/\/www.morningbreeze.se\/en\/wp-json\/wp\/v2\/types\/page"}],"author":[{"embeddable":true,"href":"https:\/\/www.morningbreeze.se\/en\/wp-json\/wp\/v2\/users\/1"}],"replies":[{"embeddable":true,"href":"https:\/\/www.morningbreeze.se\/en\/wp-json\/wp\/v2\/comments?post=1242"}],"version-history":[{"count":2,"href":"https:\/\/www.morningbreeze.se\/en\/wp-json\/wp\/v2\/pages\/1242\/revisions"}],"predecessor-version":[{"id":1251,"href":"https:\/\/www.morningbreeze.se\/en\/wp-json\/wp\/v2\/pages\/1242\/revisions\/1251"}],"up":[{"embeddable":true,"href":"https:\/\/www.morningbreeze.se\/en\/wp-json\/wp\/v2\/pages\/909"}],"wp:attachment":[{"href":"https:\/\/www.morningbreeze.se\/en\/wp-json\/wp\/v2\/media?parent=1242"}],"curies":[{"name":"wp","href":"https:\/\/api.w.org\/{rel}","templated":true}]}}