{"id":1230,"date":"2023-11-12T15:53:52","date_gmt":"2023-11-12T14:53:52","guid":{"rendered":"https:\/\/www.morningbreeze.se\/?page_id=1230"},"modified":"2023-11-13T12:48:11","modified_gmt":"2023-11-13T11:48:11","slug":"desiree","status":"publish","type":"page","link":"https:\/\/www.morningbreeze.se\/en\/pekingesehistoria\/desiree\/","title":{"rendered":"Desir\u00e9e"},"content":{"rendered":"<div class=\"fusion-fullwidth fullwidth-box fusion-builder-row-1 fusion-flex-container has-pattern-background has-mask-background nonhundred-percent-fullwidth non-hundred-percent-height-scrolling\" style=\"--awb-border-radius-top-left:0px;--awb-border-radius-top-right:0px;--awb-border-radius-bottom-right:0px;--awb-border-radius-bottom-left:0px;--awb-flex-wrap:wrap;\" ><div class=\"fusion-builder-row fusion-row fusion-flex-align-items-flex-start fusion-flex-content-wrap\" style=\"max-width:1248px;margin-left: calc(-4% \/ 2 );margin-right: calc(-4% \/ 2 );\"><div class=\"fusion-layout-column fusion_builder_column fusion-builder-column-0 fusion_builder_column_1_3 1_3 fusion-flex-column\" style=\"--awb-bg-size:cover;--awb-width-large:33.333333333333%;--awb-margin-top-large:0px;--awb-spacing-right-large:5.76%;--awb-margin-bottom-large:20px;--awb-spacing-left-large:5.76%;--awb-width-medium:33.333333333333%;--awb-order-medium:0;--awb-spacing-right-medium:5.76%;--awb-spacing-left-medium:5.76%;--awb-width-small:100%;--awb-order-small:0;--awb-spacing-right-small:1.92%;--awb-spacing-left-small:1.92%;\"><div class=\"fusion-column-wrapper fusion-column-has-shadow fusion-flex-justify-content-flex-start fusion-content-layout-column\"><div class=\"fusion-image-element\" style=\"--awb-caption-title-font-family:var(--h2_typography-font-family);--awb-caption-title-font-weight:var(--h2_typography-font-weight);--awb-caption-title-font-style:var(--h2_typography-font-style);--awb-caption-title-size:var(--h2_typography-font-size);--awb-caption-title-transform:var(--h2_typography-text-transform);--awb-caption-title-line-height:var(--h2_typography-line-height);--awb-caption-title-letter-spacing:var(--h2_typography-letter-spacing);\"><span class=\"fusion-imageframe imageframe-none imageframe-1 hover-type-none\"><img decoding=\"async\" width=\"768\" height=\"1024\" title=\"Dessansundsvall\" src=\"https:\/\/www.morningbreeze.se\/wp-content\/uploads\/2023\/11\/Dessansundsvall.jpg\" alt class=\"img-responsive wp-image-1235\" srcset=\"https:\/\/www.morningbreeze.se\/wp-content\/uploads\/2023\/11\/Dessansundsvall-200x267.jpg 200w, https:\/\/www.morningbreeze.se\/wp-content\/uploads\/2023\/11\/Dessansundsvall-400x533.jpg 400w, https:\/\/www.morningbreeze.se\/wp-content\/uploads\/2023\/11\/Dessansundsvall-600x800.jpg 600w, https:\/\/www.morningbreeze.se\/wp-content\/uploads\/2023\/11\/Dessansundsvall.jpg 768w\" sizes=\"(max-width: 640px) 100vw, 400px\" \/><\/span><\/div><div class=\"fusion-text fusion-text-1\"><p>Desir\u00e9e, svensk juniorvinnare, B\u00e4st in Show Valp samtliga raser, internationella utst\u00e4llningen p\u00e5 Gotland -22, B\u00e4st in Show Valp p\u00e5 Svenska dv\u00e4rghundklubbens v\u00e5rutst\u00e4llning -22 Henrikville Top Notch \u00e4r en vacker pekingesetik som kommer fr\u00e5n de absolut b\u00e4sta linjerna i Sverige och England och d\u00e4rmed fr\u00e5n v\u00e4rldsber\u00f6mda och h\u00f6gt aktade kennlar och uppf\u00f6dare.<\/p>\n<\/div><div class=\"fusion-image-element\" style=\"--awb-caption-title-font-family:var(--h2_typography-font-family);--awb-caption-title-font-weight:var(--h2_typography-font-weight);--awb-caption-title-font-style:var(--h2_typography-font-style);--awb-caption-title-size:var(--h2_typography-font-size);--awb-caption-title-transform:var(--h2_typography-text-transform);--awb-caption-title-line-height:var(--h2_typography-line-height);--awb-caption-title-letter-spacing:var(--h2_typography-letter-spacing);\"><span class=\"fusion-imageframe imageframe-none imageframe-2 hover-type-none\"><img decoding=\"async\" width=\"800\" height=\"660\" title=\"IMG_5184\" src=\"https:\/\/www.morningbreeze.se\/wp-content\/uploads\/2023\/11\/IMG_5184.jpg\" alt class=\"img-responsive wp-image-1236\" srcset=\"https:\/\/www.morningbreeze.se\/wp-content\/uploads\/2023\/11\/IMG_5184-200x165.jpg 200w, https:\/\/www.morningbreeze.se\/wp-content\/uploads\/2023\/11\/IMG_5184-400x330.jpg 400w, https:\/\/www.morningbreeze.se\/wp-content\/uploads\/2023\/11\/IMG_5184-600x495.jpg 600w, https:\/\/www.morningbreeze.se\/wp-content\/uploads\/2023\/11\/IMG_5184.jpg 800w\" sizes=\"(max-width: 640px) 100vw, 400px\" \/><\/span><\/div><div class=\"fusion-text fusion-text-2\"><p>Desir\u00e9e B\u00e4st in Show valp p\u00e5 Gotlands internationella kennelklubbs utst\u00e4llning -22<\/p>\n<\/div><\/div><\/div><div class=\"fusion-layout-column fusion_builder_column fusion-builder-column-1 fusion_builder_column_1_3 1_3 fusion-flex-column\" style=\"--awb-bg-size:cover;--awb-width-large:33.333333333333%;--awb-margin-top-large:0px;--awb-spacing-right-large:5.76%;--awb-margin-bottom-large:20px;--awb-spacing-left-large:5.76%;--awb-width-medium:33.333333333333%;--awb-order-medium:0;--awb-spacing-right-medium:5.76%;--awb-spacing-left-medium:5.76%;--awb-width-small:100%;--awb-order-small:0;--awb-spacing-right-small:1.92%;--awb-spacing-left-small:1.92%;\"><div class=\"fusion-column-wrapper fusion-column-has-shadow fusion-flex-justify-content-flex-start fusion-content-layout-column\"><div class=\"fusion-image-element\" style=\"--awb-caption-title-font-family:var(--h2_typography-font-family);--awb-caption-title-font-weight:var(--h2_typography-font-weight);--awb-caption-title-font-style:var(--h2_typography-font-style);--awb-caption-title-size:var(--h2_typography-font-size);--awb-caption-title-transform:var(--h2_typography-text-transform);--awb-caption-title-line-height:var(--h2_typography-line-height);--awb-caption-title-letter-spacing:var(--h2_typography-letter-spacing);\"><span class=\"fusion-imageframe imageframe-none imageframe-3 hover-type-none\"><img decoding=\"async\" width=\"481\" height=\"640\" title=\"Dessanjuniorb\u00e4st\" src=\"https:\/\/www.morningbreeze.se\/wp-content\/uploads\/2023\/11\/Dessanjuniorbast.jpg\" alt class=\"img-responsive wp-image-1234\" srcset=\"https:\/\/www.morningbreeze.se\/wp-content\/uploads\/2023\/11\/Dessanjuniorbast-200x266.jpg 200w, https:\/\/www.morningbreeze.se\/wp-content\/uploads\/2023\/11\/Dessanjuniorbast-400x532.jpg 400w, https:\/\/www.morningbreeze.se\/wp-content\/uploads\/2023\/11\/Dessanjuniorbast.jpg 481w\" sizes=\"(max-width: 640px) 100vw, 400px\" \/><\/span><\/div><div class=\"fusion-text fusion-text-3\"><p>Desir\u00e9e, svensk juniorvinnare, B\u00e4st in Show Valp samtliga raser, internationella utst\u00e4llningen p\u00e5 Gotland -22, B\u00e4st in Show Valp p\u00e5 Svenska dv\u00e4rghundklubbens v\u00e5rutst\u00e4llning -22 Henrikville Top Notch \u00e4r en vacker pekingesetik som kommer fr\u00e5n de absolut b\u00e4sta linjerna i Sverige och England och d\u00e4rmed fr\u00e5n v\u00e4rldsber\u00f6mda och h\u00f6gt aktade kennlar och uppf\u00f6dare.<\/p>\n<\/div><div class=\"fusion-image-element\" style=\"--awb-caption-title-font-family:var(--h2_typography-font-family);--awb-caption-title-font-weight:var(--h2_typography-font-weight);--awb-caption-title-font-style:var(--h2_typography-font-style);--awb-caption-title-size:var(--h2_typography-font-size);--awb-caption-title-transform:var(--h2_typography-text-transform);--awb-caption-title-line-height:var(--h2_typography-line-height);--awb-caption-title-letter-spacing:var(--h2_typography-letter-spacing);\"><span class=\"fusion-imageframe imageframe-none imageframe-4 hover-type-none\"><img decoding=\"async\" width=\"1265\" height=\"1537\" title=\"IMG_7587\" src=\"https:\/\/www.morningbreeze.se\/wp-content\/uploads\/2023\/11\/IMG_7587.jpg\" alt class=\"img-responsive wp-image-1238\" srcset=\"https:\/\/www.morningbreeze.se\/wp-content\/uploads\/2023\/11\/IMG_7587-200x243.jpg 200w, https:\/\/www.morningbreeze.se\/wp-content\/uploads\/2023\/11\/IMG_7587-400x486.jpg 400w, https:\/\/www.morningbreeze.se\/wp-content\/uploads\/2023\/11\/IMG_7587-600x729.jpg 600w, https:\/\/www.morningbreeze.se\/wp-content\/uploads\/2023\/11\/IMG_7587-800x972.jpg 800w, https:\/\/www.morningbreeze.se\/wp-content\/uploads\/2023\/11\/IMG_7587-1200x1458.jpg 1200w, https:\/\/www.morningbreeze.se\/wp-content\/uploads\/2023\/11\/IMG_7587.jpg 1265w\" sizes=\"(max-width: 640px) 100vw, 400px\" \/><\/span><\/div><div class=\"fusion-text fusion-text-4\"><p>Desir\u00e9e B\u00e4st in Show valp p\u00e5 Svenska dv\u00e4rghundsklubbens v\u00e5rutst\u00e4llning -22<\/p>\n<\/div><\/div><\/div><div class=\"fusion-layout-column fusion_builder_column fusion-builder-column-2 fusion_builder_column_1_3 1_3 fusion-flex-column\" style=\"--awb-bg-size:cover;--awb-width-large:33.333333333333%;--awb-margin-top-large:0px;--awb-spacing-right-large:5.76%;--awb-margin-bottom-large:20px;--awb-spacing-left-large:5.76%;--awb-width-medium:33.333333333333%;--awb-order-medium:0;--awb-spacing-right-medium:5.76%;--awb-spacing-left-medium:5.76%;--awb-width-small:100%;--awb-order-small:0;--awb-spacing-right-small:1.92%;--awb-spacing-left-small:1.92%;\"><div class=\"fusion-column-wrapper fusion-column-has-shadow fusion-flex-justify-content-flex-start fusion-content-layout-column\"><div class=\"fusion-image-element\" style=\"--awb-caption-title-font-family:var(--h2_typography-font-family);--awb-caption-title-font-weight:var(--h2_typography-font-weight);--awb-caption-title-font-style:var(--h2_typography-font-style);--awb-caption-title-size:var(--h2_typography-font-size);--awb-caption-title-transform:var(--h2_typography-text-transform);--awb-caption-title-line-height:var(--h2_typography-line-height);--awb-caption-title-letter-spacing:var(--h2_typography-letter-spacing);\"><span class=\"fusion-imageframe imageframe-none imageframe-5 hover-type-none\"><img decoding=\"async\" width=\"1884\" height=\"2048\" title=\"Dessanoch marcello\" src=\"https:\/\/www.morningbreeze.se\/wp-content\/uploads\/2023\/11\/Dessanoch-marcello.jpg\" alt class=\"img-responsive wp-image-1233\" srcset=\"https:\/\/www.morningbreeze.se\/wp-content\/uploads\/2023\/11\/Dessanoch-marcello-200x217.jpg 200w, https:\/\/www.morningbreeze.se\/wp-content\/uploads\/2023\/11\/Dessanoch-marcello-400x435.jpg 400w, https:\/\/www.morningbreeze.se\/wp-content\/uploads\/2023\/11\/Dessanoch-marcello-600x652.jpg 600w, https:\/\/www.morningbreeze.se\/wp-content\/uploads\/2023\/11\/Dessanoch-marcello-800x870.jpg 800w, https:\/\/www.morningbreeze.se\/wp-content\/uploads\/2023\/11\/Dessanoch-marcello-1200x1304.jpg 1200w, https:\/\/www.morningbreeze.se\/wp-content\/uploads\/2023\/11\/Dessanoch-marcello.jpg 1884w\" sizes=\"(max-width: 640px) 100vw, 400px\" \/><\/span><\/div><div class=\"fusion-text fusion-text-5\"><p>Desir\u00e9e och Marcello Stockholms Hundm\u00e4ssa -22. Desir\u00e9e erh\u00f6ll titeln Svensk juniorvinnare -22<\/p>\n<\/div><\/div><\/div><\/div><\/div>","protected":false},"excerpt":{"rendered":"","protected":false},"author":1,"featured_media":0,"parent":909,"menu_order":1,"comment_status":"closed","ping_status":"closed","template":"100-width.php","meta":{"footnotes":""},"class_list":["post-1230","page","type-page","status-publish","hentry"],"_links":{"self":[{"href":"https:\/\/www.morningbreeze.se\/en\/wp-json\/wp\/v2\/pages\/1230","targetHints":{"allow":["GET"]}}],"collection":[{"href":"https:\/\/www.morningbreeze.se\/en\/wp-json\/wp\/v2\/pages"}],"about":[{"href":"https:\/\/www.morningbreeze.se\/en\/wp-json\/wp\/v2\/types\/page"}],"author":[{"embeddable":true,"href":"https:\/\/www.morningbreeze.se\/en\/wp-json\/wp\/v2\/users\/1"}],"replies":[{"embeddable":true,"href":"https:\/\/www.morningbreeze.se\/en\/wp-json\/wp\/v2\/comments?post=1230"}],"version-history":[{"count":2,"href":"https:\/\/www.morningbreeze.se\/en\/wp-json\/wp\/v2\/pages\/1230\/revisions"}],"predecessor-version":[{"id":1240,"href":"https:\/\/www.morningbreeze.se\/en\/wp-json\/wp\/v2\/pages\/1230\/revisions\/1240"}],"up":[{"embeddable":true,"href":"https:\/\/www.morningbreeze.se\/en\/wp-json\/wp\/v2\/pages\/909"}],"wp:attachment":[{"href":"https:\/\/www.morningbreeze.se\/en\/wp-json\/wp\/v2\/media?parent=1230"}],"curies":[{"name":"wp","href":"https:\/\/api.w.org\/{rel}","templated":true}]}}