{"id":1196,"date":"2023-10-31T20:15:58","date_gmt":"2023-10-31T19:15:58","guid":{"rendered":"https:\/\/www.morningbreeze.se\/?page_id=1196"},"modified":"2023-11-12T13:09:02","modified_gmt":"2023-11-12T12:09:02","slug":"kevin","status":"publish","type":"page","link":"https:\/\/www.morningbreeze.se\/en\/kevin\/","title":{"rendered":"Kevin"},"content":{"rendered":"<p><div class=\"fusion-fullwidth fullwidth-box fusion-builder-row-1 fusion-flex-container nonhundred-percent-fullwidth non-hundred-percent-height-scrolling\" style=\"--awb-border-radius-top-left:0px;--awb-border-radius-top-right:0px;--awb-border-radius-bottom-right:0px;--awb-border-radius-bottom-left:0px;--awb-flex-wrap:wrap;\" ><div class=\"fusion-builder-row fusion-row fusion-flex-align-items-flex-start fusion-flex-content-wrap\" style=\"max-width:1248px;margin-left: calc(-4% \/ 2 );margin-right: calc(-4% \/ 2 );\"><div class=\"fusion-layout-column fusion_builder_column fusion-builder-column-0 fusion_builder_column_1_3 1_3 fusion-flex-column\" style=\"--awb-bg-size:cover;--awb-width-large:33.333333333333%;--awb-margin-top-large:0px;--awb-spacing-right-large:5.76%;--awb-margin-bottom-large:20px;--awb-spacing-left-large:5.76%;--awb-width-medium:33.333333333333%;--awb-order-medium:0;--awb-spacing-right-medium:5.76%;--awb-spacing-left-medium:5.76%;--awb-width-small:100%;--awb-order-small:0;--awb-spacing-right-small:1.92%;--awb-spacing-left-small:1.92%;\"><div class=\"fusion-column-wrapper fusion-column-has-shadow fusion-flex-justify-content-flex-start fusion-content-layout-column\"><div class=\"fusion-image-element\" style=\"--awb-caption-title-font-family:var(--h2_typography-font-family);--awb-caption-title-font-weight:var(--h2_typography-font-weight);--awb-caption-title-font-style:var(--h2_typography-font-style);--awb-caption-title-size:var(--h2_typography-font-size);--awb-caption-title-transform:var(--h2_typography-text-transform);--awb-caption-title-line-height:var(--h2_typography-line-height);--awb-caption-title-letter-spacing:var(--h2_typography-letter-spacing);\"><span class=\"fusion-imageframe imageframe-none imageframe-1 hover-type-none\"><img decoding=\"async\" width=\"877\" height=\"1024\" title=\"Kevin\" src=\"https:\/\/www.morningbreeze.se\/wp-content\/uploads\/2023\/10\/IMG_7436.jpeg\" alt class=\"img-responsive wp-image-1169\" srcset=\"https:\/\/www.morningbreeze.se\/wp-content\/uploads\/2023\/10\/IMG_7436-200x234.jpeg 200w, https:\/\/www.morningbreeze.se\/wp-content\/uploads\/2023\/10\/IMG_7436-400x467.jpeg 400w, https:\/\/www.morningbreeze.se\/wp-content\/uploads\/2023\/10\/IMG_7436-600x701.jpeg 600w, https:\/\/www.morningbreeze.se\/wp-content\/uploads\/2023\/10\/IMG_7436-800x934.jpeg 800w, https:\/\/www.morningbreeze.se\/wp-content\/uploads\/2023\/10\/IMG_7436.jpeg 877w\" sizes=\"(max-width: 640px) 100vw, 400px\" \/><\/span><\/div><div class=\"fusion-text fusion-text-1\"><p>Kevin, SE UCH Nummenp\u00e4\u00e4n Code Red \u00e4r en dv\u00e4rgpudel p\u00e5 30 cm som l\u00e4mnar toy. Kevin \u00e4r en hane med mycket elegans, fantastiskt temperament och fina pudliga r\u00f6relser. Kevin \u00e4r importerad fr\u00e5n Finland och kommer fr\u00e5n sp\u00e4nnande finska- och ryska linjer.<\/p>\n<\/div><\/div><\/div><div class=\"fusion-layout-column fusion_builder_column fusion-builder-column-1 fusion_builder_column_1_3 1_3 fusion-flex-column fusion-flex-align-self-flex-start\" style=\"--awb-bg-size:cover;--awb-width-large:33.333333333333%;--awb-margin-top-large:0px;--awb-spacing-right-large:5.76%;--awb-margin-bottom-large:20px;--awb-spacing-left-large:5.76%;--awb-width-medium:33.333333333333%;--awb-order-medium:0;--awb-spacing-right-medium:5.76%;--awb-spacing-left-medium:5.76%;--awb-width-small:100%;--awb-order-small:0;--awb-spacing-right-small:1.92%;--awb-spacing-left-small:1.92%;\"><div class=\"fusion-column-wrapper fusion-column-has-shadow fusion-flex-justify-content-flex-start fusion-content-layout-column\"><div class=\"fusion-image-element\" style=\"--awb-caption-title-font-family:var(--h2_typography-font-family);--awb-caption-title-font-weight:var(--h2_typography-font-weight);--awb-caption-title-font-style:var(--h2_typography-font-style);--awb-caption-title-size:var(--h2_typography-font-size);--awb-caption-title-transform:var(--h2_typography-text-transform);--awb-caption-title-line-height:var(--h2_typography-line-height);--awb-caption-title-letter-spacing:var(--h2_typography-letter-spacing);\"><span class=\"fusion-imageframe imageframe-none imageframe-2 hover-type-none\"><img decoding=\"async\" width=\"156\" height=\"260\" title=\"kevin\" src=\"https:\/\/www.morningbreeze.se\/wp-content\/uploads\/2023\/10\/kevin.jpg\" alt class=\"img-responsive wp-image-1201\" srcset=\"https:\/\/www.morningbreeze.se\/wp-content\/uploads\/2023\/10\/kevin-7x12.jpg 7w, https:\/\/www.morningbreeze.se\/wp-content\/uploads\/2023\/10\/kevin.jpg 156w\" sizes=\"(max-width: 156px) 100vw, 156px\" \/><\/span><\/div><div class=\"fusion-text fusion-text-2\"><p>Kevin B\u00e4st i Rasen (BIR) Sundsvall-22<\/p>\n<\/div><\/div><\/div><div class=\"fusion-layout-column fusion_builder_column fusion-builder-column-2 fusion_builder_column_1_3 1_3 fusion-flex-column\" style=\"--awb-bg-size:cover;--awb-width-large:33.333333333333%;--awb-margin-top-large:0px;--awb-spacing-right-large:5.76%;--awb-margin-bottom-large:20px;--awb-spacing-left-large:5.76%;--awb-width-medium:33.333333333333%;--awb-order-medium:0;--awb-spacing-right-medium:5.76%;--awb-spacing-left-medium:5.76%;--awb-width-small:100%;--awb-order-small:0;--awb-spacing-right-small:1.92%;--awb-spacing-left-small:1.92%;\"><div class=\"fusion-column-wrapper fusion-column-has-shadow fusion-flex-justify-content-flex-start fusion-content-layout-column\"><div class=\"fusion-image-element\" style=\"--awb-caption-title-font-family:var(--h2_typography-font-family);--awb-caption-title-font-weight:var(--h2_typography-font-weight);--awb-caption-title-font-style:var(--h2_typography-font-style);--awb-caption-title-size:var(--h2_typography-font-size);--awb-caption-title-transform:var(--h2_typography-text-transform);--awb-caption-title-line-height:var(--h2_typography-line-height);--awb-caption-title-letter-spacing:var(--h2_typography-letter-spacing);\"><span class=\"fusion-imageframe imageframe-none imageframe-3 hover-type-none\"><img decoding=\"async\" width=\"902\" height=\"1654\" title=\"Sundsvall-23\" src=\"https:\/\/www.morningbreeze.se\/wp-content\/uploads\/2023\/11\/sundsvall2kevin-1.jpg\" alt class=\"img-responsive wp-image-1212\" srcset=\"https:\/\/www.morningbreeze.se\/wp-content\/uploads\/2023\/11\/sundsvall2kevin-1-200x367.jpg 200w, https:\/\/www.morningbreeze.se\/wp-content\/uploads\/2023\/11\/sundsvall2kevin-1-400x733.jpg 400w, https:\/\/www.morningbreeze.se\/wp-content\/uploads\/2023\/11\/sundsvall2kevin-1-600x1100.jpg 600w, https:\/\/www.morningbreeze.se\/wp-content\/uploads\/2023\/11\/sundsvall2kevin-1-800x1467.jpg 800w, https:\/\/www.morningbreeze.se\/wp-content\/uploads\/2023\/11\/sundsvall2kevin-1.jpg 902w\" sizes=\"(max-width: 640px) 100vw, 400px\" \/><\/span><\/div><div class=\"fusion-text fusion-text-3\"><p>Kevin B\u00e4st i Motsatt k\u00f6n (BIM) och erh\u00e5ller svenskt championat, Sundsvall-23<\/p>\n<\/div><\/div><\/div><\/div><\/div><div class=\"fusion-fullwidth fullwidth-box fusion-builder-row-2 fusion-flex-container has-pattern-background has-mask-background nonhundred-percent-fullwidth non-hundred-percent-height-scrolling\" style=\"--awb-border-radius-top-left:0px;--awb-border-radius-top-right:0px;--awb-border-radius-bottom-right:0px;--awb-border-radius-bottom-left:0px;--awb-flex-wrap:wrap;\" ><div class=\"fusion-builder-row fusion-row fusion-flex-align-items-flex-start fusion-flex-content-wrap\" style=\"max-width:1248px;margin-left: calc(-4% \/ 2 );margin-right: calc(-4% \/ 2 );\"><div class=\"fusion-layout-column fusion_builder_column fusion-builder-column-3 fusion_builder_column_1_3 1_3 fusion-flex-column\" style=\"--awb-bg-size:cover;--awb-width-large:33.333333333333%;--awb-margin-top-large:0px;--awb-spacing-right-large:5.76%;--awb-margin-bottom-large:20px;--awb-spacing-left-large:5.76%;--awb-width-medium:33.333333333333%;--awb-order-medium:0;--awb-spacing-right-medium:5.76%;--awb-spacing-left-medium:5.76%;--awb-width-small:100%;--awb-order-small:0;--awb-spacing-right-small:1.92%;--awb-spacing-left-small:1.92%;\"><div class=\"fusion-column-wrapper fusion-column-has-shadow fusion-flex-justify-content-flex-start fusion-content-layout-column\"><div class=\"fusion-image-element\" style=\"--awb-caption-title-font-family:var(--h2_typography-font-family);--awb-caption-title-font-weight:var(--h2_typography-font-weight);--awb-caption-title-font-style:var(--h2_typography-font-style);--awb-caption-title-size:var(--h2_typography-font-size);--awb-caption-title-transform:var(--h2_typography-text-transform);--awb-caption-title-line-height:var(--h2_typography-line-height);--awb-caption-title-letter-spacing:var(--h2_typography-letter-spacing);\"><span class=\"fusion-imageframe imageframe-none imageframe-4 hover-type-none\"><img decoding=\"async\" width=\"828\" height=\"1033\" title=\"Kevin\" src=\"https:\/\/www.morningbreeze.se\/wp-content\/uploads\/2023\/11\/kevinsoffa-1-2.jpg\" alt class=\"img-responsive wp-image-1216\" srcset=\"https:\/\/www.morningbreeze.se\/wp-content\/uploads\/2023\/11\/kevinsoffa-1-2-200x250.jpg 200w, https:\/\/www.morningbreeze.se\/wp-content\/uploads\/2023\/11\/kevinsoffa-1-2-400x499.jpg 400w, https:\/\/www.morningbreeze.se\/wp-content\/uploads\/2023\/11\/kevinsoffa-1-2-600x749.jpg 600w, https:\/\/www.morningbreeze.se\/wp-content\/uploads\/2023\/11\/kevinsoffa-1-2-800x998.jpg 800w, https:\/\/www.morningbreeze.se\/wp-content\/uploads\/2023\/11\/kevinsoffa-1-2.jpg 828w\" sizes=\"(max-width: 640px) 100vw, 400px\" \/><\/span><\/div><div class=\"fusion-text fusion-text-4\"><p>Fina Kevin<\/p>\n<\/div><\/div><\/div><\/div><\/div><\/p>","protected":false},"excerpt":{"rendered":"","protected":false},"author":1,"featured_media":1169,"parent":0,"menu_order":0,"comment_status":"closed","ping_status":"closed","template":"100-width.php","meta":{"footnotes":""},"class_list":["post-1196","page","type-page","status-publish","has-post-thumbnail","hentry"],"_links":{"self":[{"href":"https:\/\/www.morningbreeze.se\/en\/wp-json\/wp\/v2\/pages\/1196","targetHints":{"allow":["GET"]}}],"collection":[{"href":"https:\/\/www.morningbreeze.se\/en\/wp-json\/wp\/v2\/pages"}],"about":[{"href":"https:\/\/www.morningbreeze.se\/en\/wp-json\/wp\/v2\/types\/page"}],"author":[{"embeddable":true,"href":"https:\/\/www.morningbreeze.se\/en\/wp-json\/wp\/v2\/users\/1"}],"replies":[{"embeddable":true,"href":"https:\/\/www.morningbreeze.se\/en\/wp-json\/wp\/v2\/comments?post=1196"}],"version-history":[{"count":9,"href":"https:\/\/www.morningbreeze.se\/en\/wp-json\/wp\/v2\/pages\/1196\/revisions"}],"predecessor-version":[{"id":1218,"href":"https:\/\/www.morningbreeze.se\/en\/wp-json\/wp\/v2\/pages\/1196\/revisions\/1218"}],"wp:featuredmedia":[{"embeddable":true,"href":"https:\/\/www.morningbreeze.se\/en\/wp-json\/wp\/v2\/media\/1169"}],"wp:attachment":[{"href":"https:\/\/www.morningbreeze.se\/en\/wp-json\/wp\/v2\/media?parent=1196"}],"curies":[{"name":"wp","href":"https:\/\/api.w.org\/{rel}","templated":true}]}}