{"id":1094,"date":"2023-07-21T23:37:11","date_gmt":"2023-07-21T21:37:11","guid":{"rendered":"https:\/\/www.morningbreeze.se\/?page_id=1094"},"modified":"2023-11-13T12:49:00","modified_gmt":"2023-11-13T11:49:00","slug":"marcello","status":"publish","type":"page","link":"https:\/\/www.morningbreeze.se\/en\/pekingesehistoria\/marcello\/","title":{"rendered":"Marcello"},"content":{"rendered":"<div class=\"fusion-fullwidth fullwidth-box fusion-builder-row-1 fusion-flex-container nonhundred-percent-fullwidth non-hundred-percent-height-scrolling\" style=\"--awb-border-radius-top-left:0px;--awb-border-radius-top-right:0px;--awb-border-radius-bottom-right:0px;--awb-border-radius-bottom-left:0px;--awb-flex-wrap:wrap;\" ><div class=\"fusion-builder-row fusion-row fusion-flex-align-items-flex-start fusion-flex-content-wrap\" style=\"max-width:1248px;margin-left: calc(-4% \/ 2 );margin-right: calc(-4% \/ 2 );\"><div class=\"fusion-layout-column fusion_builder_column fusion-builder-column-0 fusion_builder_column_1_3 1_3 fusion-flex-column\" style=\"--awb-bg-size:cover;--awb-width-large:33.333333333333%;--awb-margin-top-large:0px;--awb-spacing-right-large:5.76%;--awb-margin-bottom-large:0px;--awb-spacing-left-large:5.76%;--awb-width-medium:33.333333333333%;--awb-spacing-right-medium:5.76%;--awb-spacing-left-medium:5.76%;--awb-width-small:100%;--awb-spacing-right-small:1.92%;--awb-spacing-left-small:1.92%;\"><div class=\"fusion-column-wrapper fusion-flex-justify-content-flex-start fusion-content-layout-column\"><div class=\"fusion-image-element\" style=\"--awb-caption-title-font-family:var(--h2_typography-font-family);--awb-caption-title-font-weight:var(--h2_typography-font-weight);--awb-caption-title-font-style:var(--h2_typography-font-style);--awb-caption-title-size:var(--h2_typography-font-size);--awb-caption-title-transform:var(--h2_typography-text-transform);--awb-caption-title-line-height:var(--h2_typography-line-height);--awb-caption-title-letter-spacing:var(--h2_typography-letter-spacing);\"><span class=\"fusion-imageframe imageframe-none imageframe-1 hover-type-none\"><img decoding=\"async\" width=\"768\" height=\"1024\" title=\"marcello1 (1)\" src=\"https:\/\/www.morningbreeze.se\/wp-content\/uploads\/2023\/07\/marcello1-1.jpg\" alt class=\"img-responsive wp-image-1095\" srcset=\"https:\/\/www.morningbreeze.se\/wp-content\/uploads\/2023\/07\/marcello1-1-200x267.jpg 200w, https:\/\/www.morningbreeze.se\/wp-content\/uploads\/2023\/07\/marcello1-1-400x533.jpg 400w, https:\/\/www.morningbreeze.se\/wp-content\/uploads\/2023\/07\/marcello1-1-600x800.jpg 600w, https:\/\/www.morningbreeze.se\/wp-content\/uploads\/2023\/07\/marcello1-1.jpg 768w\" sizes=\"(max-width: 640px) 100vw, 400px\" \/><\/span><\/div><div class=\"fusion-text fusion-text-1\"><p>Marcello, svensk champion Small Is Beautiful&#8217;s Mad Hatter \u00e4r v\u00e5r f\u00f6rsta pekingese. Marcello har vackra proportioner och r\u00f6r sig med vackra och f\u00f6r rasen typiskt rullande r\u00f6relser. Marcellos \u00f6gon \u00e4r som tv\u00e5 gl\u00f6dande klot. Han har en oerh\u00f6rt vacker f\u00e4rg och \u00e4r rastypiskt mycket v\u00e4rdig i sin utstr\u00e5lning.<\/p>\n<\/div><div class=\"fusion-image-element\" style=\"--awb-caption-title-font-family:var(--h2_typography-font-family);--awb-caption-title-font-weight:var(--h2_typography-font-weight);--awb-caption-title-font-style:var(--h2_typography-font-style);--awb-caption-title-size:var(--h2_typography-font-size);--awb-caption-title-transform:var(--h2_typography-text-transform);--awb-caption-title-line-height:var(--h2_typography-line-height);--awb-caption-title-letter-spacing:var(--h2_typography-letter-spacing);\"><span class=\"fusion-imageframe imageframe-none imageframe-2 hover-type-none\"><img decoding=\"async\" width=\"526\" height=\"701\" title=\"pek3 (1) (1)\" src=\"https:\/\/www.morningbreeze.se\/wp-content\/uploads\/2023\/11\/pek3-1-1.jpg\" alt class=\"img-responsive wp-image-1227\" srcset=\"https:\/\/www.morningbreeze.se\/wp-content\/uploads\/2023\/11\/pek3-1-1-200x267.jpg 200w, https:\/\/www.morningbreeze.se\/wp-content\/uploads\/2023\/11\/pek3-1-1-400x533.jpg 400w, https:\/\/www.morningbreeze.se\/wp-content\/uploads\/2023\/11\/pek3-1-1.jpg 526w\" sizes=\"(max-width: 640px) 100vw, 400px\" \/><\/span><\/div><div class=\"fusion-text fusion-text-2\"><p>Marcello och Stefan p\u00e5 rastorget, svenska hundm\u00e4ssan -22<\/p>\n<\/div><\/div><\/div><div class=\"fusion-layout-column fusion_builder_column fusion-builder-column-1 fusion_builder_column_1_3 1_3 fusion-flex-column\" style=\"--awb-bg-size:cover;--awb-width-large:33.333333333333%;--awb-margin-top-large:0px;--awb-spacing-right-large:5.76%;--awb-margin-bottom-large:0px;--awb-spacing-left-large:5.76%;--awb-width-medium:33.333333333333%;--awb-spacing-right-medium:5.76%;--awb-spacing-left-medium:5.76%;--awb-width-small:100%;--awb-spacing-right-small:1.92%;--awb-spacing-left-small:1.92%;\"><div class=\"fusion-column-wrapper fusion-flex-justify-content-flex-start fusion-content-layout-column\"><div class=\"fusion-image-element\" style=\"--awb-caption-title-font-family:var(--h2_typography-font-family);--awb-caption-title-font-weight:var(--h2_typography-font-weight);--awb-caption-title-font-style:var(--h2_typography-font-style);--awb-caption-title-size:var(--h2_typography-font-size);--awb-caption-title-transform:var(--h2_typography-text-transform);--awb-caption-title-line-height:var(--h2_typography-line-height);--awb-caption-title-letter-spacing:var(--h2_typography-letter-spacing);\"><span class=\"fusion-imageframe imageframe-none imageframe-3 hover-type-none\"><img decoding=\"async\" width=\"638\" height=\"800\" title=\"Marcello (1)\" src=\"https:\/\/www.morningbreeze.se\/wp-content\/uploads\/2023\/07\/Marcello-1.jpg\" alt class=\"img-responsive wp-image-1092\" srcset=\"https:\/\/www.morningbreeze.se\/wp-content\/uploads\/2023\/07\/Marcello-1-200x251.jpg 200w, https:\/\/www.morningbreeze.se\/wp-content\/uploads\/2023\/07\/Marcello-1-400x502.jpg 400w, https:\/\/www.morningbreeze.se\/wp-content\/uploads\/2023\/07\/Marcello-1-600x752.jpg 600w, https:\/\/www.morningbreeze.se\/wp-content\/uploads\/2023\/07\/Marcello-1.jpg 638w\" sizes=\"(max-width: 640px) 100vw, 400px\" \/><\/span><\/div><div class=\"fusion-text fusion-text-3\"><p>Marcello, svensk champion Small Is Beautiful&#8217;s Mad Hatter \u00e4r v\u00e5r f\u00f6rsta pekingese. Marcello har vackra proportioner och r\u00f6r sig med vackra och f\u00f6r rasen typiskt rullande r\u00f6relser. Marcellos \u00f6gon \u00e4r som tv\u00e5 gl\u00f6dande klot. Han har en oerh\u00f6rt vacker f\u00e4rg och \u00e4r rastypiskt mycket v\u00e4rdig i sin utstr\u00e5lning.<\/p>\n<\/div><div class=\"fusion-image-element\" style=\"--awb-caption-title-font-family:var(--h2_typography-font-family);--awb-caption-title-font-weight:var(--h2_typography-font-weight);--awb-caption-title-font-style:var(--h2_typography-font-style);--awb-caption-title-size:var(--h2_typography-font-size);--awb-caption-title-transform:var(--h2_typography-text-transform);--awb-caption-title-line-height:var(--h2_typography-line-height);--awb-caption-title-letter-spacing:var(--h2_typography-letter-spacing);\"><span class=\"fusion-imageframe imageframe-none imageframe-4 hover-type-none\"><img decoding=\"async\" width=\"1440\" height=\"1920\" title=\"arselones_IMG_6949\" src=\"https:\/\/www.morningbreeze.se\/wp-content\/uploads\/2023\/11\/arselones_IMG_6949.jpg\" alt class=\"img-responsive wp-image-1243\" srcset=\"https:\/\/www.morningbreeze.se\/wp-content\/uploads\/2023\/11\/arselones_IMG_6949-200x267.jpg 200w, https:\/\/www.morningbreeze.se\/wp-content\/uploads\/2023\/11\/arselones_IMG_6949-400x533.jpg 400w, https:\/\/www.morningbreeze.se\/wp-content\/uploads\/2023\/11\/arselones_IMG_6949-600x800.jpg 600w, https:\/\/www.morningbreeze.se\/wp-content\/uploads\/2023\/11\/arselones_IMG_6949-800x1067.jpg 800w, https:\/\/www.morningbreeze.se\/wp-content\/uploads\/2023\/11\/arselones_IMG_6949-1200x1600.jpg 1200w, https:\/\/www.morningbreeze.se\/wp-content\/uploads\/2023\/11\/arselones_IMG_6949.jpg 1440w\" sizes=\"(max-width: 640px) 100vw, 400px\" \/><\/span><\/div><div class=\"fusion-text fusion-text-4\"><p>Fina Marcello<\/p>\n<\/div><\/div><\/div><div class=\"fusion-layout-column fusion_builder_column fusion-builder-column-2 fusion_builder_column_1_3 1_3 fusion-flex-column\" style=\"--awb-bg-size:cover;--awb-width-large:33.333333333333%;--awb-margin-top-large:0px;--awb-spacing-right-large:5.76%;--awb-margin-bottom-large:0px;--awb-spacing-left-large:5.76%;--awb-width-medium:33.333333333333%;--awb-spacing-right-medium:5.76%;--awb-spacing-left-medium:5.76%;--awb-width-small:100%;--awb-spacing-right-small:1.92%;--awb-spacing-left-small:1.92%;\"><div class=\"fusion-column-wrapper fusion-flex-justify-content-flex-start fusion-content-layout-column\"><div class=\"fusion-image-element\" style=\"--awb-caption-title-font-family:var(--h2_typography-font-family);--awb-caption-title-font-weight:var(--h2_typography-font-weight);--awb-caption-title-font-style:var(--h2_typography-font-style);--awb-caption-title-size:var(--h2_typography-font-size);--awb-caption-title-transform:var(--h2_typography-text-transform);--awb-caption-title-line-height:var(--h2_typography-line-height);--awb-caption-title-letter-spacing:var(--h2_typography-letter-spacing);\"><span class=\"fusion-imageframe imageframe-none imageframe-5 hover-type-none\"><img decoding=\"async\" width=\"2541\" height=\"2487\" title=\"Marcello\" src=\"https:\/\/www.morningbreeze.se\/wp-content\/uploads\/2023\/11\/Marcello1IMG_0613.jpg\" alt class=\"img-responsive wp-image-1226\" srcset=\"https:\/\/www.morningbreeze.se\/wp-content\/uploads\/2023\/11\/Marcello1IMG_0613-200x196.jpg 200w, https:\/\/www.morningbreeze.se\/wp-content\/uploads\/2023\/11\/Marcello1IMG_0613-400x391.jpg 400w, https:\/\/www.morningbreeze.se\/wp-content\/uploads\/2023\/11\/Marcello1IMG_0613-600x587.jpg 600w, https:\/\/www.morningbreeze.se\/wp-content\/uploads\/2023\/11\/Marcello1IMG_0613-800x783.jpg 800w, https:\/\/www.morningbreeze.se\/wp-content\/uploads\/2023\/11\/Marcello1IMG_0613-1200x1174.jpg 1200w, https:\/\/www.morningbreeze.se\/wp-content\/uploads\/2023\/11\/Marcello1IMG_0613.jpg 2541w\" sizes=\"(max-width: 640px) 100vw, 400px\" \/><\/span><\/div><div class=\"fusion-text fusion-text-5\"><p>Marcello \u00e4lskar att leka med v\u00e5ra pudlar<\/p>\n<\/div><div class=\"fusion-image-element\" style=\"--awb-caption-title-font-family:var(--h2_typography-font-family);--awb-caption-title-font-weight:var(--h2_typography-font-weight);--awb-caption-title-font-style:var(--h2_typography-font-style);--awb-caption-title-size:var(--h2_typography-font-size);--awb-caption-title-transform:var(--h2_typography-text-transform);--awb-caption-title-line-height:var(--h2_typography-line-height);--awb-caption-title-letter-spacing:var(--h2_typography-letter-spacing);\"><span class=\"fusion-imageframe imageframe-none imageframe-6 hover-type-none\"><img decoding=\"async\" width=\"1920\" height=\"2231\" title=\"marcello uttryckIMG_6963\" src=\"https:\/\/www.morningbreeze.se\/wp-content\/uploads\/2023\/11\/marcello-uttryckIMG_6963.jpg\" alt class=\"img-responsive wp-image-1255\" srcset=\"https:\/\/www.morningbreeze.se\/wp-content\/uploads\/2023\/11\/marcello-uttryckIMG_6963-200x232.jpg 200w, https:\/\/www.morningbreeze.se\/wp-content\/uploads\/2023\/11\/marcello-uttryckIMG_6963-400x465.jpg 400w, https:\/\/www.morningbreeze.se\/wp-content\/uploads\/2023\/11\/marcello-uttryckIMG_6963-600x697.jpg 600w, https:\/\/www.morningbreeze.se\/wp-content\/uploads\/2023\/11\/marcello-uttryckIMG_6963-800x930.jpg 800w, https:\/\/www.morningbreeze.se\/wp-content\/uploads\/2023\/11\/marcello-uttryckIMG_6963-1200x1394.jpg 1200w, https:\/\/www.morningbreeze.se\/wp-content\/uploads\/2023\/11\/marcello-uttryckIMG_6963.jpg 1920w\" sizes=\"(max-width: 640px) 100vw, 400px\" \/><\/span><\/div><div class=\"fusion-text fusion-text-6\"><p>Marcello<\/p>\n<\/div><\/div><\/div><\/div><\/div>","protected":false},"excerpt":{"rendered":"","protected":false},"author":1,"featured_media":0,"parent":909,"menu_order":2,"comment_status":"closed","ping_status":"closed","template":"100-width.php","meta":{"footnotes":""},"class_list":["post-1094","page","type-page","status-publish","hentry"],"_links":{"self":[{"href":"https:\/\/www.morningbreeze.se\/en\/wp-json\/wp\/v2\/pages\/1094","targetHints":{"allow":["GET"]}}],"collection":[{"href":"https:\/\/www.morningbreeze.se\/en\/wp-json\/wp\/v2\/pages"}],"about":[{"href":"https:\/\/www.morningbreeze.se\/en\/wp-json\/wp\/v2\/types\/page"}],"author":[{"embeddable":true,"href":"https:\/\/www.morningbreeze.se\/en\/wp-json\/wp\/v2\/users\/1"}],"replies":[{"embeddable":true,"href":"https:\/\/www.morningbreeze.se\/en\/wp-json\/wp\/v2\/comments?post=1094"}],"version-history":[{"count":4,"href":"https:\/\/www.morningbreeze.se\/en\/wp-json\/wp\/v2\/pages\/1094\/revisions"}],"predecessor-version":[{"id":1256,"href":"https:\/\/www.morningbreeze.se\/en\/wp-json\/wp\/v2\/pages\/1094\/revisions\/1256"}],"up":[{"embeddable":true,"href":"https:\/\/www.morningbreeze.se\/en\/wp-json\/wp\/v2\/pages\/909"}],"wp:attachment":[{"href":"https:\/\/www.morningbreeze.se\/en\/wp-json\/wp\/v2\/media?parent=1094"}],"curies":[{"name":"wp","href":"https:\/\/api.w.org\/{rel}","templated":true}]}}