{"id":1079,"date":"2023-07-21T15:02:04","date_gmt":"2023-07-21T13:02:04","guid":{"rendered":"https:\/\/www.morningbreeze.se\/?page_id=1079"},"modified":"2023-11-12T13:39:39","modified_gmt":"2023-11-12T12:39:39","slug":"felix","status":"publish","type":"page","link":"https:\/\/www.morningbreeze.se\/en\/felix\/","title":{"rendered":"Felix"},"content":{"rendered":"<div class=\"fusion-fullwidth fullwidth-box fusion-builder-row-1 fusion-flex-container nonhundred-percent-fullwidth non-hundred-percent-height-scrolling\" style=\"--awb-border-radius-top-left:0px;--awb-border-radius-top-right:0px;--awb-border-radius-bottom-right:0px;--awb-border-radius-bottom-left:0px;--awb-flex-wrap:wrap;\" ><div class=\"fusion-builder-row fusion-row fusion-flex-align-items-flex-start fusion-flex-content-wrap\" style=\"max-width:1248px;margin-left: calc(-4% \/ 2 );margin-right: calc(-4% \/ 2 );\"><div class=\"fusion-layout-column fusion_builder_column fusion-builder-column-0 fusion_builder_column_1_3 1_3 fusion-flex-column\" style=\"--awb-bg-size:cover;--awb-width-large:33.333333333333%;--awb-margin-top-large:0px;--awb-spacing-right-large:3.84%;--awb-margin-bottom-large:0px;--awb-spacing-left-large:5.76%;--awb-width-medium:33.333333333333%;--awb-spacing-right-medium:3.84%;--awb-spacing-left-medium:5.76%;--awb-width-small:100%;--awb-spacing-right-small:1.92%;--awb-spacing-left-small:1.92%;\"><div class=\"fusion-column-wrapper fusion-flex-justify-content-flex-start fusion-content-layout-column\"><div class=\"fusion-image-element\" style=\"--awb-caption-title-font-family:var(--h2_typography-font-family);--awb-caption-title-font-weight:var(--h2_typography-font-weight);--awb-caption-title-font-style:var(--h2_typography-font-style);--awb-caption-title-size:var(--h2_typography-font-size);--awb-caption-title-transform:var(--h2_typography-text-transform);--awb-caption-title-line-height:var(--h2_typography-line-height);--awb-caption-title-letter-spacing:var(--h2_typography-letter-spacing);\"><span class=\"fusion-imageframe imageframe-none imageframe-1 hover-type-none\"><img decoding=\"async\" width=\"2048\" height=\"2014\" title=\"Felix2 (1)\" src=\"https:\/\/www.morningbreeze.se\/wp-content\/uploads\/2023\/07\/Felix2-1.jpg\" alt class=\"img-responsive wp-image-1082\" srcset=\"https:\/\/www.morningbreeze.se\/wp-content\/uploads\/2023\/07\/Felix2-1-200x197.jpg 200w, https:\/\/www.morningbreeze.se\/wp-content\/uploads\/2023\/07\/Felix2-1-400x393.jpg 400w, https:\/\/www.morningbreeze.se\/wp-content\/uploads\/2023\/07\/Felix2-1-600x590.jpg 600w, https:\/\/www.morningbreeze.se\/wp-content\/uploads\/2023\/07\/Felix2-1-800x787.jpg 800w, https:\/\/www.morningbreeze.se\/wp-content\/uploads\/2023\/07\/Felix2-1-1200x1180.jpg 1200w, https:\/\/www.morningbreeze.se\/wp-content\/uploads\/2023\/07\/Felix2-1.jpg 2048w\" sizes=\"(max-width: 640px) 100vw, 400px\" \/><\/span><\/div><div class=\"fusion-text fusion-text-1\"><p>Felix, svensk champion Toyway Eagle Has Landed, \u00e4r en finsk import fr\u00e5n den ber\u00f6mda kenneln Toyway. Felix \u00e4r en kolsvart toyhane, med vackert huvud, maskulint uttryck och stor elegans. Felix har stort sj\u00e4lvf\u00f6rtroende och han \u00e4r v\u00e4ldigt k\u00e4rleksfull.<\/p>\n<\/div><\/div><\/div><div class=\"fusion-layout-column fusion_builder_column fusion-builder-column-1 fusion_builder_column_1_3 1_3 fusion-flex-column\" style=\"--awb-bg-size:cover;--awb-width-large:33.333333333333%;--awb-margin-top-large:0px;--awb-spacing-right-large:5.76%;--awb-margin-bottom-large:0px;--awb-spacing-left-large:3.84%;--awb-width-medium:33.333333333333%;--awb-spacing-right-medium:5.76%;--awb-spacing-left-medium:3.84%;--awb-width-small:100%;--awb-spacing-right-small:1.92%;--awb-spacing-left-small:1.92%;\"><div class=\"fusion-column-wrapper fusion-flex-justify-content-flex-start fusion-content-layout-column\"><div class=\"fusion-image-element\" style=\"--awb-caption-title-font-family:var(--h2_typography-font-family);--awb-caption-title-font-weight:var(--h2_typography-font-weight);--awb-caption-title-font-style:var(--h2_typography-font-style);--awb-caption-title-size:var(--h2_typography-font-size);--awb-caption-title-transform:var(--h2_typography-text-transform);--awb-caption-title-line-height:var(--h2_typography-line-height);--awb-caption-title-letter-spacing:var(--h2_typography-letter-spacing);\"><span class=\"fusion-imageframe imageframe-none imageframe-2 hover-type-none\"><img decoding=\"async\" width=\"768\" height=\"1024\" title=\"Felixsoffa\" src=\"https:\/\/www.morningbreeze.se\/wp-content\/uploads\/2023\/11\/Felixsoffa.jpg\" alt class=\"img-responsive wp-image-1220\" srcset=\"https:\/\/www.morningbreeze.se\/wp-content\/uploads\/2023\/11\/Felixsoffa-200x267.jpg 200w, https:\/\/www.morningbreeze.se\/wp-content\/uploads\/2023\/11\/Felixsoffa-400x533.jpg 400w, https:\/\/www.morningbreeze.se\/wp-content\/uploads\/2023\/11\/Felixsoffa-600x800.jpg 600w, https:\/\/www.morningbreeze.se\/wp-content\/uploads\/2023\/11\/Felixsoffa.jpg 768w\" sizes=\"(max-width: 640px) 100vw, 400px\" \/><\/span><\/div><div class=\"fusion-text fusion-text-2\"><p>Felix \u00e4lskar att ligga h\u00f6gt och kolla p\u00e5 TV<\/p>\n<\/div><\/div><\/div><\/div><\/div>","protected":false},"excerpt":{"rendered":"","protected":false},"author":1,"featured_media":0,"parent":0,"menu_order":0,"comment_status":"closed","ping_status":"closed","template":"100-width.php","meta":{"footnotes":""},"class_list":["post-1079","page","type-page","status-publish","hentry"],"_links":{"self":[{"href":"https:\/\/www.morningbreeze.se\/en\/wp-json\/wp\/v2\/pages\/1079","targetHints":{"allow":["GET"]}}],"collection":[{"href":"https:\/\/www.morningbreeze.se\/en\/wp-json\/wp\/v2\/pages"}],"about":[{"href":"https:\/\/www.morningbreeze.se\/en\/wp-json\/wp\/v2\/types\/page"}],"author":[{"embeddable":true,"href":"https:\/\/www.morningbreeze.se\/en\/wp-json\/wp\/v2\/users\/1"}],"replies":[{"embeddable":true,"href":"https:\/\/www.morningbreeze.se\/en\/wp-json\/wp\/v2\/comments?post=1079"}],"version-history":[{"count":4,"href":"https:\/\/www.morningbreeze.se\/en\/wp-json\/wp\/v2\/pages\/1079\/revisions"}],"predecessor-version":[{"id":1225,"href":"https:\/\/www.morningbreeze.se\/en\/wp-json\/wp\/v2\/pages\/1079\/revisions\/1225"}],"wp:attachment":[{"href":"https:\/\/www.morningbreeze.se\/en\/wp-json\/wp\/v2\/media?parent=1079"}],"curies":[{"name":"wp","href":"https:\/\/api.w.org\/{rel}","templated":true}]}}