{"id":1059,"date":"2023-07-21T13:56:53","date_gmt":"2023-07-21T11:56:53","guid":{"rendered":"https:\/\/www.morningbreeze.se\/?page_id=1059"},"modified":"2023-07-21T14:05:00","modified_gmt":"2023-07-21T12:05:00","slug":"bailey","status":"publish","type":"page","link":"https:\/\/www.morningbreeze.se\/en\/bailey\/","title":{"rendered":"Bailey"},"content":{"rendered":"<p>Bailey, SE UCH, DK UCH, DK JCH KLB JCH AARHJV-22 Fjordvinder-22 Juniorfjordvinder -22 Count On Me Salara\u2019s Secret \u00e4r en serbisk import med ett supertemperament, vackert steg, och kolsvart p\u00e4ls. Bailey har ett vackert huvud med vackra sm\u00e5 mandelformade \u00f6gon.<\/p>","protected":false},"excerpt":{"rendered":"<p>Bailey, SE UCH, DK UCH, DK JCH KLB JCH AARHJV-22  [&#8230;]<\/p>","protected":false},"author":1,"featured_media":1060,"parent":0,"menu_order":0,"comment_status":"closed","ping_status":"closed","template":"100-width.php","meta":{"footnotes":""},"class_list":["post-1059","page","type-page","status-publish","has-post-thumbnail","hentry"],"_links":{"self":[{"href":"https:\/\/www.morningbreeze.se\/en\/wp-json\/wp\/v2\/pages\/1059","targetHints":{"allow":["GET"]}}],"collection":[{"href":"https:\/\/www.morningbreeze.se\/en\/wp-json\/wp\/v2\/pages"}],"about":[{"href":"https:\/\/www.morningbreeze.se\/en\/wp-json\/wp\/v2\/types\/page"}],"author":[{"embeddable":true,"href":"https:\/\/www.morningbreeze.se\/en\/wp-json\/wp\/v2\/users\/1"}],"replies":[{"embeddable":true,"href":"https:\/\/www.morningbreeze.se\/en\/wp-json\/wp\/v2\/comments?post=1059"}],"version-history":[{"count":1,"href":"https:\/\/www.morningbreeze.se\/en\/wp-json\/wp\/v2\/pages\/1059\/revisions"}],"predecessor-version":[{"id":1061,"href":"https:\/\/www.morningbreeze.se\/en\/wp-json\/wp\/v2\/pages\/1059\/revisions\/1061"}],"wp:featuredmedia":[{"embeddable":true,"href":"https:\/\/www.morningbreeze.se\/en\/wp-json\/wp\/v2\/media\/1060"}],"wp:attachment":[{"href":"https:\/\/www.morningbreeze.se\/en\/wp-json\/wp\/v2\/media?parent=1059"}],"curies":[{"name":"wp","href":"https:\/\/api.w.org\/{rel}","templated":true}]}}