{"id":1045,"date":"2023-07-21T12:52:42","date_gmt":"2023-07-21T10:52:42","guid":{"rendered":"https:\/\/www.morningbreeze.se\/?page_id=1045"},"modified":"2023-07-21T12:52:42","modified_gmt":"2023-07-21T10:52:42","slug":"sammy-2","status":"publish","type":"page","link":"https:\/\/www.morningbreeze.se\/en\/sammy-2\/","title":{"rendered":"Sammy"},"content":{"rendered":"<p>Sammy, SE UCH, FI UCH, Nordisk Juniorvinnare-19 Morning Breeze Pure And Simple. Sammy \u00e4r en helt underbar pudel, mycket maskulin med fina r\u00f6relser. Sammy \u00e4r oerh\u00f6rt k\u00e4rleksfull och vi brukar s\u00e4ga att han \u00e4r v\u00e5r g\u00e5rdshund. Han \u00e4lskar att vara med \u00f6verallt. Sammys pappa \u00e4r Dave, GB CH SE UCH Nasailleen Intuition och mamma \u00e4r Didi, Multichampion Bebella&#8217;s Lady Chanel.<\/p>","protected":false},"excerpt":{"rendered":"<p>Sammy, SE UCH, FI UCH, Nordisk Juniorvinnare-19 Morning Breeze Pure  [&#8230;]<\/p>","protected":false},"author":1,"featured_media":1046,"parent":0,"menu_order":0,"comment_status":"closed","ping_status":"closed","template":"100-width.php","meta":{"footnotes":""},"class_list":["post-1045","page","type-page","status-publish","has-post-thumbnail","hentry"],"_links":{"self":[{"href":"https:\/\/www.morningbreeze.se\/en\/wp-json\/wp\/v2\/pages\/1045","targetHints":{"allow":["GET"]}}],"collection":[{"href":"https:\/\/www.morningbreeze.se\/en\/wp-json\/wp\/v2\/pages"}],"about":[{"href":"https:\/\/www.morningbreeze.se\/en\/wp-json\/wp\/v2\/types\/page"}],"author":[{"embeddable":true,"href":"https:\/\/www.morningbreeze.se\/en\/wp-json\/wp\/v2\/users\/1"}],"replies":[{"embeddable":true,"href":"https:\/\/www.morningbreeze.se\/en\/wp-json\/wp\/v2\/comments?post=1045"}],"version-history":[{"count":1,"href":"https:\/\/www.morningbreeze.se\/en\/wp-json\/wp\/v2\/pages\/1045\/revisions"}],"predecessor-version":[{"id":1047,"href":"https:\/\/www.morningbreeze.se\/en\/wp-json\/wp\/v2\/pages\/1045\/revisions\/1047"}],"wp:featuredmedia":[{"embeddable":true,"href":"https:\/\/www.morningbreeze.se\/en\/wp-json\/wp\/v2\/media\/1046"}],"wp:attachment":[{"href":"https:\/\/www.morningbreeze.se\/en\/wp-json\/wp\/v2\/media?parent=1045"}],"curies":[{"name":"wp","href":"https:\/\/api.w.org\/{rel}","templated":true}]}}