{"id":1024,"date":"2023-07-18T19:33:27","date_gmt":"2023-07-18T17:33:27","guid":{"rendered":"https:\/\/www.morningbreeze.se\/?page_id=1024"},"modified":"2025-02-07T18:54:55","modified_gmt":"2025-02-07T17:54:55","slug":"william","status":"publish","type":"page","link":"https:\/\/www.morningbreeze.se\/en\/william\/","title":{"rendered":"William"},"content":{"rendered":"<p>Multichampion och Multivinnare Morning Breeze My Blue Tears \u00e4r en mycket elegant dv\u00e4rgpudel, fantastiska r\u00f6relser, kolsvart och med makal\u00f6st tjock p\u00e4ls. William \u00e4r oerh\u00f6rt maskulin i sin utstr\u00e5lning och visar sig med en sj\u00e4lvs\u00e4ker attityd. William \u00e4gs av, v\u00e5r n\u00e4ra v\u00e4n och \u00e4gare av den framg\u00e5ngsrika kenneln Bebella&#8217;s i Finland, Virpi Luukkonen.<\/p>","protected":false},"excerpt":{"rendered":"<p>Multichampion och Multivinnare Morning Breeze My Blue Tears \u00e4r en  [&#8230;]<\/p>","protected":false},"author":1,"featured_media":1661,"parent":0,"menu_order":0,"comment_status":"closed","ping_status":"closed","template":"100-width.php","meta":{"footnotes":""},"class_list":["post-1024","page","type-page","status-publish","has-post-thumbnail","hentry"],"_links":{"self":[{"href":"https:\/\/www.morningbreeze.se\/en\/wp-json\/wp\/v2\/pages\/1024","targetHints":{"allow":["GET"]}}],"collection":[{"href":"https:\/\/www.morningbreeze.se\/en\/wp-json\/wp\/v2\/pages"}],"about":[{"href":"https:\/\/www.morningbreeze.se\/en\/wp-json\/wp\/v2\/types\/page"}],"author":[{"embeddable":true,"href":"https:\/\/www.morningbreeze.se\/en\/wp-json\/wp\/v2\/users\/1"}],"replies":[{"embeddable":true,"href":"https:\/\/www.morningbreeze.se\/en\/wp-json\/wp\/v2\/comments?post=1024"}],"version-history":[{"count":2,"href":"https:\/\/www.morningbreeze.se\/en\/wp-json\/wp\/v2\/pages\/1024\/revisions"}],"predecessor-version":[{"id":1662,"href":"https:\/\/www.morningbreeze.se\/en\/wp-json\/wp\/v2\/pages\/1024\/revisions\/1662"}],"wp:featuredmedia":[{"embeddable":true,"href":"https:\/\/www.morningbreeze.se\/en\/wp-json\/wp\/v2\/media\/1661"}],"wp:attachment":[{"href":"https:\/\/www.morningbreeze.se\/en\/wp-json\/wp\/v2\/media?parent=1024"}],"curies":[{"name":"wp","href":"https:\/\/api.w.org\/{rel}","templated":true}]}}